{"id":24367,"date":"2021-06-13T16:59:02","date_gmt":"2021-06-13T13:59:02","guid":{"rendered":"https:\/\/hookahshop.lt\/?post_type=product&#038;p=24367"},"modified":"2026-04-15T12:28:44","modified_gmt":"2026-04-15T09:28:44","slug":"gaubtas-taureles-kaitinimui-nomad-king","status":"publish","type":"product","link":"https:\/\/hookahshop.lt\/pl\/produkt\/kubki-kapturowe-do-ogrzewania-nomad-king\/","title":{"rendered":"Kubek do podgrzewania kubk\u00f3w NOMAD King"},"content":{"rendered":"<h2>Kubek do podgrzewania kubk\u00f3w NOMAD King<\/h2>\n<p>\u201eNOMAD King\u201d \u2013 najlepsze przyk\u0142ady najlepszych rzymskich \u017co\u0142nierzy!<\/p>\n<p>Okap na fajk\u0119 wodn\u0105 \u201eNOMAD King\u201d - uniwersalny kaptur-panel wykonany ze stali nierdzewnej o grubo\u015bci 0,8 mm.<\/p>\n<p>Opatentowane rozmieszczenie bocznych otwor\u00f3w spe\u0142nia nie tylko funkcj\u0119 estetyczn\u0105, ale r\u00f3wnie\u017c pozwala na wyb\u00f3r pomi\u0119dzy intensywno\u015bci\u0105 rozgrzewania fili\u017canki. Zdejmowana pokrywa u\u0142atwia i zapewnia zmienno\u015b\u0107 zarz\u0105dzania ciep\u0142em. Kaptur jest bez uchwytu, \u015brodkowa cz\u0119\u015b\u0107 nie nagrzewa si\u0119.<\/p>\n<p><strong>Charakterystyka:<\/strong><br \/>\nWysoko\u015b\u0107: 218mm<br \/>\n\u015arednica podstawy: 108mm<br \/>\nWaga: oko\u0142o 632g<\/p>\n<p><b>Czy masz jakie\u015b pytania? Skontaktuj si\u0119 z nami<\/b><a href=\"https:\/\/hookahshop.lt\/pl\/lacznosc\/\"> <b>strona z kontaktami<\/b><\/a><b> lub napisz do nas na adres<\/b><a href=\"https:\/\/facebook.com\/HookahShop.lt\/\" target=\"_blank\" rel=\"noopener\"> <b>konto na Facebooku<\/b><\/a><b> a my odpowiemy na Twoj\u0105 pro\u015bb\u0119 tego samego dnia.<\/b><\/p>","protected":false},"excerpt":{"rendered":"<p>Kaptur do podgrzewania kubka NOMAD King ,,NOMAD King\u201d \u2013 najlepsze przyk\u0142ady dla najlepszych rzymskich \u017co\u0142nierzy! Kaptur do shishy ,,NOMAD King\u201d \u2013 uniwersalny kaptur-panel wykonany ze stali nierdzewnej o grubo\u015bci 0,8 mm. Opatentowany uk\u0142ad otwor\u00f3w bocznych spe\u0142nia nie tylko funkcj\u0119 estetyczn\u0105, ale tak\u017ce pozwala na wyb\u00f3r intensywno\u015bci podgrzewania kubka. Zdejmowana pokrywka u\u0142atwia i zapewnia zmienno\u015b\u0107 kontroli ciep\u0142a. Kaptur jest bez uchwytu, [\u2026]<\/p>","protected":false},"featured_media":24368,"comment_status":"open","ping_status":"closed","template":"","meta":[],"_links":{"self":[{"href":"https:\/\/hookahshop.lt\/pl\/wp-json\/wp\/v2\/product\/24367"}],"collection":[{"href":"https:\/\/hookahshop.lt\/pl\/wp-json\/wp\/v2\/product"}],"about":[{"href":"https:\/\/hookahshop.lt\/pl\/wp-json\/wp\/v2\/types\/product"}],"replies":[{"embeddable":true,"href":"https:\/\/hookahshop.lt\/pl\/wp-json\/wp\/v2\/comments?post=24367"}],"version-history":[{"count":5,"href":"https:\/\/hookahshop.lt\/pl\/wp-json\/wp\/v2\/product\/24367\/revisions"}],"predecessor-version":[{"id":36716,"href":"https:\/\/hookahshop.lt\/pl\/wp-json\/wp\/v2\/product\/24367\/revisions\/36716"}],"wp:featuredmedia":[{"embeddable":true,"href":"https:\/\/hookahshop.lt\/pl\/wp-json\/wp\/v2\/media\/24368"}],"wp:attachment":[{"href":"https:\/\/hookahshop.lt\/pl\/wp-json\/wp\/v2\/media?parent=24367"}],"curies":[{"name":"wp","href":"https:\/\/api.w.org\/{rel}","templated":true}]}}