{"id":24377,"date":"2021-06-13T17:09:24","date_gmt":"2021-06-13T14:09:24","guid":{"rendered":"https:\/\/hookahshop.lt\/?post_type=product&#038;p=24377"},"modified":"2026-04-15T23:28:41","modified_gmt":"2026-04-15T20:28:41","slug":"gaubtas-taureles-kaitinimui-nomad-raector","status":"publish","type":"product","link":"https:\/\/hookahshop.lt\/pl\/produkt\/kaptur-kubki-do-ogrzewania-nomad-raector\/","title":{"rendered":"Kubek do podgrzewania kubk\u00f3w NOMAD Raector"},"content":{"rendered":"<h2>Kubek do podgrzewania kubk\u00f3w NOMAD Raector<\/h2>\n<p>\u201eNOMAD Raector\u201d ogrzeje w\u0119gle, a jego konstrukcja rozgrzeje ka\u017cd\u0105 dusz\u0119.<\/p>\n<p>Okap na fajk\u0119 wodn\u0105 \u201eNOMAD Raector\u201d - uniwersalny kaptur-panel wykonany ze stali nierdzewnej o grubo\u015bci 0,8 mm.<\/p>\n<p>Opatentowany uk\u0142ad bocznych otwor\u00f3w spe\u0142nia nie tylko funkcj\u0119 estetyczn\u0105, ale tak\u017ce pozwala na wyb\u00f3r pomi\u0119dzy intensywno\u015bci\u0105 podgrzewania kubka. Zdejmowana pokrywa u\u0142atwia i zapewnia zmienno\u015b\u0107 zarz\u0105dzania ciep\u0142em. Kaptur z r\u0105czk\u0105.<\/p>\n<p><strong>Charakterystyka:<\/strong><br \/>\nWysoko\u015b\u0107: 204 mm<br \/>\n\u015arednica podstawy: 100mm<br \/>\nWaga: oko\u0142o 480g<\/p>\n<p><b>Czy masz jakie\u015b pytania? Skontaktuj si\u0119 z nami<\/b><a href=\"https:\/\/hookahshop.lt\/pl\/lacznosc\/\">\u00a0<b>strona z kontaktami<\/b><\/a><b>\u00a0lub napisz do nas na adres<\/b><a href=\"https:\/\/facebook.com\/HookahShop.lt\/\" target=\"_blank\" rel=\"noopener\">\u00a0<b>konto na Facebooku<\/b><\/a><b>\u00a0a my odpowiemy na Twoj\u0105 pro\u015bb\u0119 tego samego dnia.<\/b><\/p>","protected":false},"excerpt":{"rendered":"<p>Okap do podgrzewania kubk\u00f3w NOMAD Raector NOMAD Raector zatrzyma ciep\u0142o w\u0119gli, a jego konstrukcja rozgrzeje ka\u017cd\u0105 dusz\u0119. Okap na fajk\u0119 wodn\u0105 \u201eNOMAD Raector\u201d - uniwersalny kaptur-panel wykonany ze stali nierdzewnej o grubo\u015bci 0,8 mm. Opatentowany uk\u0142ad bocznych otwor\u00f3w spe\u0142nia nie tylko funkcj\u0119 estetyczn\u0105, ale tak\u017ce pozwala na wyb\u00f3r pomi\u0119dzy intensywno\u015bci\u0105 podgrzewania kubka. Zdejmowana pokrywa u\u0142atwia i zapewnia zarz\u0105dzanie ciep\u0142em [...]<\/p>","protected":false},"featured_media":24378,"comment_status":"open","ping_status":"closed","template":"","meta":[],"_links":{"self":[{"href":"https:\/\/hookahshop.lt\/pl\/wp-json\/wp\/v2\/product\/24377"}],"collection":[{"href":"https:\/\/hookahshop.lt\/pl\/wp-json\/wp\/v2\/product"}],"about":[{"href":"https:\/\/hookahshop.lt\/pl\/wp-json\/wp\/v2\/types\/product"}],"replies":[{"embeddable":true,"href":"https:\/\/hookahshop.lt\/pl\/wp-json\/wp\/v2\/comments?post=24377"}],"version-history":[{"count":5,"href":"https:\/\/hookahshop.lt\/pl\/wp-json\/wp\/v2\/product\/24377\/revisions"}],"predecessor-version":[{"id":36718,"href":"https:\/\/hookahshop.lt\/pl\/wp-json\/wp\/v2\/product\/24377\/revisions\/36718"}],"wp:featuredmedia":[{"embeddable":true,"href":"https:\/\/hookahshop.lt\/pl\/wp-json\/wp\/v2\/media\/24378"}],"wp:attachment":[{"href":"https:\/\/hookahshop.lt\/pl\/wp-json\/wp\/v2\/media?parent=24377"}],"curies":[{"name":"wp","href":"https:\/\/api.w.org\/{rel}","templated":true}]}}