{"id":24417,"date":"2021-06-14T05:14:54","date_gmt":"2021-06-14T02:14:54","guid":{"rendered":"https:\/\/hookahshop.lt\/?post_type=product&#038;p=24417"},"modified":"2026-04-17T16:32:49","modified_gmt":"2026-04-17T13:32:49","slug":"kaljano-kandiklis-japona-samurai-blue","status":"publish","type":"product","link":"https:\/\/hookahshop.lt\/pl\/produkt\/szisza-ustnik-japonia-samuraj-niebieski\/","title":{"rendered":"Indywidualny ustnik do fajki wodnej JAPONA HOOKAH Samurai Blue"},"content":{"rendered":"<h2>Indywidualny ustnik do fajki wodnej JAPONA HOOKAH Samurai Blue<\/h2>\n<p>Designerski ustnik, bi\u017cuteria, ameryka\u0144ski akryl, br\u0105zowy pier\u015bcionek z #japonahookah i medalion z mask\u0105 samuraja. Przew\u00f3d jest tekstylny. Kolor ustnika jest niebiesko-czarny.<\/p>\n<p>Czy masz jakie\u015b pytania? Skontaktuj si\u0119 z nami\u00a0<a href=\"https:\/\/hookahshop.lt\/pl\/lacznosc\/\">strona z kontaktami<\/a>\u00a0lub napisz do nas na adres\u00a0<a href=\"https:\/\/facebook.com\/HookahShop.lt\/\" target=\"_blank\" rel=\"noopener noreferrer\">konto na Facebooku<\/a>\u00a0a my odpowiemy na Twoj\u0105 pro\u015bb\u0119 tego samego dnia.<\/p>","protected":false},"excerpt":{"rendered":"<p>Indywidualny ustnik do fajki wodnej JAPONA HOOKAH Samurai Blue Designerski ustnik, bi\u017cuteria, ameryka\u0144ski akryl, pier\u015bcie\u0144 z br\u0105zu z #japonahookah i medalion z mask\u0105 samuraja. Przew\u00f3d \u2013 tekstylny. Kolor ustnika \u2013 niebiesko-czarny. Masz jakie\u015b pytania? Skontaktuj si\u0119 z nami na stronie kontaktowej lub napisz do nas na Facebooku, a odpowiemy na Twoje zapytanie tego samego dnia.<\/p>","protected":false},"featured_media":24418,"comment_status":"open","ping_status":"closed","template":"","meta":[],"_links":{"self":[{"href":"https:\/\/hookahshop.lt\/pl\/wp-json\/wp\/v2\/product\/24417"}],"collection":[{"href":"https:\/\/hookahshop.lt\/pl\/wp-json\/wp\/v2\/product"}],"about":[{"href":"https:\/\/hookahshop.lt\/pl\/wp-json\/wp\/v2\/types\/product"}],"replies":[{"embeddable":true,"href":"https:\/\/hookahshop.lt\/pl\/wp-json\/wp\/v2\/comments?post=24417"}],"version-history":[{"count":5,"href":"https:\/\/hookahshop.lt\/pl\/wp-json\/wp\/v2\/product\/24417\/revisions"}],"predecessor-version":[{"id":43972,"href":"https:\/\/hookahshop.lt\/pl\/wp-json\/wp\/v2\/product\/24417\/revisions\/43972"}],"wp:featuredmedia":[{"embeddable":true,"href":"https:\/\/hookahshop.lt\/pl\/wp-json\/wp\/v2\/media\/24418"}],"wp:attachment":[{"href":"https:\/\/hookahshop.lt\/pl\/wp-json\/wp\/v2\/media?parent=24417"}],"curies":[{"name":"wp","href":"https:\/\/api.w.org\/{rel}","templated":true}]}}