{"id":24436,"date":"2021-06-14T05:54:34","date_gmt":"2021-06-14T02:54:34","guid":{"rendered":"https:\/\/hookahshop.lt\/?post_type=product&#038;p=24436"},"modified":"2026-04-16T23:28:44","modified_gmt":"2026-04-16T20:28:44","slug":"kaljano-kandiklis-japona-beads-orange","status":"publish","type":"product","link":"https:\/\/hookahshop.lt\/pl\/produkt\/szisza-ustnik-japonia-koraliki-pomaranczowy\/","title":{"rendered":"Indywidualny ustnik do fajki wodnej JAPONA HOOKAH Koraliki Samurai Pomara\u0144czowy"},"content":{"rendered":"<h2>Indywidualny ustnik do fajki wodnej JAPONA HOOKAH Koraliki Samurai Pomara\u0144czowy<\/h2>\n<p>Designerski ustnik, bi\u017cuteria, ameryka\u0144ski akryl, br\u0105zowy pier\u015bcionek z #japonahookah i medalion z mask\u0105 samuraja. Koraliki - drewno, kamie\u0144 naturalny. Kolor ustnika jest pomara\u0144czowo-czarny.<\/p>\n<p>Czy masz jakie\u015b pytania? Skontaktuj si\u0119 z nami\u00a0<a href=\"https:\/\/hookahshop.lt\/pl\/lacznosc\/\">strona z kontaktami<\/a>\u00a0lub napisz do nas na adres\u00a0<a href=\"https:\/\/facebook.com\/HookahShop.lt\/\" target=\"_blank\" rel=\"noopener noreferrer\">konto na Facebooku<\/a>\u00a0a my odpowiemy na Twoj\u0105 pro\u015bb\u0119 tego samego dnia.<\/p>","protected":false},"excerpt":{"rendered":"<p>Niestandardowy ustnik do fajki wodnej JAPONIA SZISZ Samurajskie koraliki Pomara\u0144czowy Designerski ustnik do bi\u017cuterii Ameryka\u0144ski pier\u015bcionek z br\u0105zu akrylowego z #japonahookah i medalionem z mask\u0105 samuraja. Koraliki - drewno, kamie\u0144 naturalny. Kolor ustnika jest pomara\u0144czowo-czarny. Czy masz jakie\u015b pytania? Skontaktuj si\u0119 z nami na stronie kontaktowej lub napisz do nas na naszym koncie na Facebooku, a my odpowiemy na Twoj\u0105 pro\u015bb\u0119 jeszcze tego samego dnia.<\/p>","protected":false},"featured_media":24437,"comment_status":"open","ping_status":"closed","template":"","meta":[],"_links":{"self":[{"href":"https:\/\/hookahshop.lt\/pl\/wp-json\/wp\/v2\/product\/24436"}],"collection":[{"href":"https:\/\/hookahshop.lt\/pl\/wp-json\/wp\/v2\/product"}],"about":[{"href":"https:\/\/hookahshop.lt\/pl\/wp-json\/wp\/v2\/types\/product"}],"replies":[{"embeddable":true,"href":"https:\/\/hookahshop.lt\/pl\/wp-json\/wp\/v2\/comments?post=24436"}],"version-history":[{"count":5,"href":"https:\/\/hookahshop.lt\/pl\/wp-json\/wp\/v2\/product\/24436\/revisions"}],"predecessor-version":[{"id":44188,"href":"https:\/\/hookahshop.lt\/pl\/wp-json\/wp\/v2\/product\/24436\/revisions\/44188"}],"wp:featuredmedia":[{"embeddable":true,"href":"https:\/\/hookahshop.lt\/pl\/wp-json\/wp\/v2\/media\/24437"}],"wp:attachment":[{"href":"https:\/\/hookahshop.lt\/pl\/wp-json\/wp\/v2\/media?parent=24436"}],"curies":[{"name":"wp","href":"https:\/\/api.w.org\/{rel}","templated":true}]}}