{"id":24440,"date":"2021-06-14T05:56:58","date_gmt":"2021-06-14T02:56:58","guid":{"rendered":"https:\/\/hookahshop.lt\/?post_type=product&#038;p=24440"},"modified":"2026-04-17T16:32:49","modified_gmt":"2026-04-17T13:32:49","slug":"kaljano-kandiklis-japona-hookah-beads-blue","status":"publish","type":"product","link":"https:\/\/hookahshop.lt\/pl\/produkt\/fajka-ustnik-japonia-szisza-koraliki-niebieski\/","title":{"rendered":"Indywidualny ustnik do fajki wodnej JAPONA HOOKAH Samurai Beads Blue"},"content":{"rendered":"<h2>Indywidualny ustnik do fajki wodnej JAPONA HOOKAH Samurai Beads Blue<\/h2>\n<p>Designerski ustnik, bi\u017cuteria, ameryka\u0144ski akryl, pier\u015bcionek z br\u0105zu z #japonahookah i medalion z mask\u0105 samuraja. Koraliki - drewno, kamie\u0144 naturalny. Kolor ustnika jest niebiesko-czarny.<\/p>\n<p>Czy masz jakie\u015b pytania? Skontaktuj si\u0119 z nami\u00a0<a href=\"https:\/\/hookahshop.lt\/pl\/lacznosc\/\">strona z kontaktami<\/a>\u00a0lub napisz do nas na adres\u00a0<a href=\"https:\/\/facebook.com\/HookahShop.lt\/\" target=\"_blank\" rel=\"noopener noreferrer\">konto na Facebooku<\/a>\u00a0a my odpowiemy na Twoj\u0105 pro\u015bb\u0119 tego samego dnia.<\/p>","protected":false},"excerpt":{"rendered":"<p>Niestandardowy ustnik do fajki wodnej JAPONIA SZISZ Samurajskie koraliki Niebieski designerski ustnik Bi\u017cuteria Ameryka\u0144ski akrylowy pier\u015bcionek z br\u0105zu z #japonahookah i medalionem z mask\u0105 samuraja. Koraliki - drewno, kamie\u0144 naturalny. Kolor ustnika jest niebiesko-czarny. Czy masz jakie\u015b pytania? Skontaktuj si\u0119 z nami na stronie kontaktowej lub napisz do nas na naszym koncie na Facebooku, a my odpowiemy na Twoj\u0105 pro\u015bb\u0119 jeszcze tego samego dnia.<\/p>","protected":false},"featured_media":24441,"comment_status":"open","ping_status":"closed","template":"","meta":[],"_links":{"self":[{"href":"https:\/\/hookahshop.lt\/pl\/wp-json\/wp\/v2\/product\/24440"}],"collection":[{"href":"https:\/\/hookahshop.lt\/pl\/wp-json\/wp\/v2\/product"}],"about":[{"href":"https:\/\/hookahshop.lt\/pl\/wp-json\/wp\/v2\/types\/product"}],"replies":[{"embeddable":true,"href":"https:\/\/hookahshop.lt\/pl\/wp-json\/wp\/v2\/comments?post=24440"}],"version-history":[{"count":6,"href":"https:\/\/hookahshop.lt\/pl\/wp-json\/wp\/v2\/product\/24440\/revisions"}],"predecessor-version":[{"id":43090,"href":"https:\/\/hookahshop.lt\/pl\/wp-json\/wp\/v2\/product\/24440\/revisions\/43090"}],"wp:featuredmedia":[{"embeddable":true,"href":"https:\/\/hookahshop.lt\/pl\/wp-json\/wp\/v2\/media\/24441"}],"wp:attachment":[{"href":"https:\/\/hookahshop.lt\/pl\/wp-json\/wp\/v2\/media?parent=24440"}],"curies":[{"name":"wp","href":"https:\/\/api.w.org\/{rel}","templated":true}]}}