{"id":24488,"date":"2021-06-15T11:00:47","date_gmt":"2021-06-15T08:00:47","guid":{"rendered":"https:\/\/hookahshop.lt\/?post_type=product&#038;p=24488"},"modified":"2026-04-19T23:29:01","modified_gmt":"2026-04-19T20:29:01","slug":"kaljanas-ms-shisha-bebe-black","status":"publish","type":"product","link":"https:\/\/hookahshop.lt\/pl\/produkt\/hookah-ms-shisha-bebe-black\/","title":{"rendered":"Fajka wodna MS SHISHA Bebe Czarna"},"content":{"rendered":"<h2>Fajka wodna MS SHISHA Bebe Czarna<\/h2>\n<div role=\"row\">\n<div class=\"\">\n<div class=\"j83agx80 cbu4d94t\">\n<div class=\"j83agx80\">\n<div class=\"jn8vp64t l9j0dhe7 hpfvmrgz\">\n<div class=\"lzcic4wl\" role=\"gridcell\" data-scope=\"messages_table\" data-recover=\"true\">\n<div class=\"ni8dbmo4 stjgntxs g5ia77u1 ii04i59q j83agx80 cbu4d94t ll8tlv6m\" data-testid=\"messenger_incoming_text_row\">\n<div class=\"l60d2q6s d1544ag0 sj5x9vvc tw6a2znq l9j0dhe7 ni8dbmo4 stjgntxs qlfml3jp inkptoze e72ty7fz qttc61fc jm1wdb64 qv66sw1b ljqsnud1 g6srhlxm odn2s2vf\">\n<p>Dzi\u0119ki swoim kompaktowym rozmiarom jest idealnym towarzyszem podr\u00f3\u017cy dla tych, kt\u00f3rzy chc\u0105 mie\u0107 produkt wysokiej jako\u015bci w podr\u00f3\u017cy! Ma\u0142a, przeno\u015bna fajka wodna w kszta\u0142cie sze\u015bcianu to kompaktowy przedmiot nie tylko w podr\u00f3\u017cy, ale tak\u017ce w domu.<\/p>\n<p><strong>Specyfikacje:<\/strong><br \/>\nWysoko\u015b\u0107: ~15 cm<br \/>\nMateria\u0142: akryl;<br \/>\nDyfuzor: Tak<\/p>\n<p><strong>Standardowy zestaw zawiera:<\/strong><br \/>\nw\u0105\u017c silikonowy czarny, ustnik, szczypce do w\u0119gla, uszczelka.<\/p>\n<p><img decoding=\"async\" loading=\"lazy\" class=\"alignnone size-medium wp-image-38601\" src=\"https:\/\/hookahshop.lt\/wp-content\/uploads\/2021\/08\/jinni-komplektacija-1-300x273.jpg\" alt=\"- hookahshop.lt\" width=\"300\" height=\"273\" srcset=\"https:\/\/hookahshop.lt\/wp-content\/uploads\/2021\/08\/jinni-komplektacija-1-300x273.jpg 300w, https:\/\/hookahshop.lt\/wp-content\/uploads\/2021\/08\/jinni-komplektacija-1-13x12.jpg 13w, https:\/\/hookahshop.lt\/wp-content\/uploads\/2021\/08\/jinni-komplektacija-1-64x58.jpg 64w, https:\/\/hookahshop.lt\/wp-content\/uploads\/2021\/08\/jinni-komplektacija-1.jpg 420w\" sizes=\"(max-width: 300px) 100vw, 300px\" title=\"\"><\/p>\n<p>Czy masz jakie\u015b pytania? Skontaktuj si\u0119 z nami\u00a0<a href=\"https:\/\/hookahshop.lt\/pl\/lacznosc\/\">strona z kontaktami<\/a>\u00a0lub napisz do nas na adres\u00a0<a href=\"https:\/\/facebook.com\/HookahShop.lt\/\" target=\"_blank\" rel=\"noopener noreferrer\">konto na Facebooku<\/a>\u00a0a my odpowiemy na Twoj\u0105 pro\u015bb\u0119 tego samego dnia.<\/p>\n<\/div>\n<\/div>\n<\/div>\n<\/div>\n<\/div>\n<\/div>\n<\/div>\n<\/div>","protected":false},"excerpt":{"rendered":"<p>Szisza MS SHISHA Bebe Black Dzi\u0119ki swoim kompaktowym rozmiarom jest idealnym towarzyszem podr\u00f3\u017cy dla tych, kt\u00f3rzy chc\u0105 mie\u0107 produkt wysokiej jako\u015bci w podr\u00f3\u017cy! Ma\u0142a, przeno\u015bna szisza w kszta\u0142cie sze\u015bcianu to kompaktowy przedmiot nie tylko w podr\u00f3\u017cy, ale tak\u017ce w domu. Dane techniczne: Wysoko\u015b\u0107: ~15 cm Materia\u0142: akryl Dyfuzor: Tak W standardowym zestawie znajduje si\u0119: czarny w\u0105\u017c silikonowy, ustnik, szczypce do w\u0119gla, uszczelka. Czy masz jakie\u015b pytania? Skontaktuj si\u0119 [\u2026]<\/p>","protected":false},"featured_media":24489,"comment_status":"open","ping_status":"closed","template":"","meta":[],"_links":{"self":[{"href":"https:\/\/hookahshop.lt\/pl\/wp-json\/wp\/v2\/product\/24488"}],"collection":[{"href":"https:\/\/hookahshop.lt\/pl\/wp-json\/wp\/v2\/product"}],"about":[{"href":"https:\/\/hookahshop.lt\/pl\/wp-json\/wp\/v2\/types\/product"}],"replies":[{"embeddable":true,"href":"https:\/\/hookahshop.lt\/pl\/wp-json\/wp\/v2\/comments?post=24488"}],"version-history":[{"count":6,"href":"https:\/\/hookahshop.lt\/pl\/wp-json\/wp\/v2\/product\/24488\/revisions"}],"predecessor-version":[{"id":26894,"href":"https:\/\/hookahshop.lt\/pl\/wp-json\/wp\/v2\/product\/24488\/revisions\/26894"}],"wp:featuredmedia":[{"embeddable":true,"href":"https:\/\/hookahshop.lt\/pl\/wp-json\/wp\/v2\/media\/24489"}],"wp:attachment":[{"href":"https:\/\/hookahshop.lt\/pl\/wp-json\/wp\/v2\/media?parent=24488"}],"curies":[{"name":"wp","href":"https:\/\/api.w.org\/{rel}","templated":true}]}}