{"id":24497,"date":"2021-06-15T11:06:35","date_gmt":"2021-06-15T08:06:35","guid":{"rendered":"https:\/\/hookahshop.lt\/?post_type=product&#038;p=24497"},"modified":"2026-04-22T23:29:04","modified_gmt":"2026-04-22T20:29:04","slug":"kaljanas-ms-shisha-bebe-red","status":"publish","type":"product","link":"https:\/\/hookahshop.lt\/pl\/produkt\/szisza-ms-shisha-bebe-ed\/","title":{"rendered":"Szisza MS SHISHA Bebe Ed"},"content":{"rendered":"<h2>Szisza MS SHISHA Bebe Ed<\/h2>\n<p>Dzi\u0119ki swoim kompaktowym rozmiarom jest idealnym towarzyszem podr\u00f3\u017cy dla tych, kt\u00f3rzy chc\u0105 mie\u0107 produkt wysokiej jako\u015bci w podr\u00f3\u017cy! Ma\u0142a, przeno\u015bna fajka wodna w kszta\u0142cie sze\u015bcianu to kompaktowy przedmiot nie tylko w podr\u00f3\u017cy, ale tak\u017ce w domu.<\/p>\n<p><strong>Specyfikacje:<\/strong><br \/>\nWysoko\u015b\u0107: ~15 cm<br \/>\nMateria\u0142: akryl;<br \/>\nDyfuzor: Tak<\/p>\n<p><strong>Standardowy zestaw zawiera:<\/strong><br \/>\nw\u0105\u017c silikonowy, ustnik, szczypce w\u0119glowe, uszczelka.<\/p>\n<p>Czy masz jakie\u015b pytania? Skontaktuj si\u0119 z nami\u00a0<a href=\"https:\/\/hookahshop.lt\/pl\/lacznosc\/\">strona z kontaktami<\/a>\u00a0lub napisz do nas na adres\u00a0<a href=\"https:\/\/facebook.com\/HookahShop.lt\/\" target=\"_blank\" rel=\"noopener noreferrer\">konto na Facebooku<\/a>\u00a0a my odpowiemy na Twoj\u0105 pro\u015bb\u0119 tego samego dnia.<\/p>","protected":false},"excerpt":{"rendered":"<p>Fajka MS SHISHA Bebe Red Dzi\u0119ki swoim kompaktowym rozmiarom jest idealnym towarzyszem podr\u00f3\u017cy dla tych, kt\u00f3rzy chc\u0105 mie\u0107 produkt wysokiej jako\u015bci w podr\u00f3\u017cy! Ma\u0142a, przeno\u015bna szisza w kszta\u0142cie sze\u015bcianu to kompaktowy przedmiot nie tylko w podr\u00f3\u017cy, ale tak\u017ce w domu. Dane techniczne: Wysoko\u015b\u0107: ~15 cm Materia\u0142: akryl Dyfuzor: Tak W standardowym zestawie znajduj\u0105 si\u0119: w\u0105\u017c silikonowy, ustnik, szczypce w\u0119glowe, uszczelka. Czy masz jakie\u015b pytania? Skontaktuj si\u0119 [\u2026]<\/p>","protected":false},"featured_media":24499,"comment_status":"open","ping_status":"closed","template":"","meta":[],"_links":{"self":[{"href":"https:\/\/hookahshop.lt\/pl\/wp-json\/wp\/v2\/product\/24497"}],"collection":[{"href":"https:\/\/hookahshop.lt\/pl\/wp-json\/wp\/v2\/product"}],"about":[{"href":"https:\/\/hookahshop.lt\/pl\/wp-json\/wp\/v2\/types\/product"}],"replies":[{"embeddable":true,"href":"https:\/\/hookahshop.lt\/pl\/wp-json\/wp\/v2\/comments?post=24497"}],"version-history":[{"count":2,"href":"https:\/\/hookahshop.lt\/pl\/wp-json\/wp\/v2\/product\/24497\/revisions"}],"predecessor-version":[{"id":24501,"href":"https:\/\/hookahshop.lt\/pl\/wp-json\/wp\/v2\/product\/24497\/revisions\/24501"}],"wp:featuredmedia":[{"embeddable":true,"href":"https:\/\/hookahshop.lt\/pl\/wp-json\/wp\/v2\/media\/24499"}],"wp:attachment":[{"href":"https:\/\/hookahshop.lt\/pl\/wp-json\/wp\/v2\/media?parent=24497"}],"curies":[{"name":"wp","href":"https:\/\/api.w.org\/{rel}","templated":true}]}}