{"id":24512,"date":"2021-06-15T11:44:25","date_gmt":"2021-06-15T08:44:25","guid":{"rendered":"https:\/\/hookahshop.lt\/?post_type=product&#038;p=24512"},"modified":"2026-04-14T23:29:01","modified_gmt":"2026-04-14T20:29:01","slug":"kandiklis-ice-bazooka-black","status":"publish","type":"product","link":"https:\/\/hookahshop.lt\/pl\/produkt\/ustnik-lodowo-bazooka-czarny\/","title":{"rendered":"Ustnik ICE BAZOOKA Czarny"},"content":{"rendered":"<h2>Ustnik ICE BAZOOKA Czarny<\/h2>\n<p>Jest to wyj\u0105tkowa innowacja maj\u0105ca na celu sch\u0142adzanie dymu z fajki wodnej przed inhalacj\u0105. Ustnik zawiera pojemnik na p\u0142yn, kt\u00f3ry nale\u017cy przechowywa\u0107 w zamra\u017carce przez oko\u0142o 1 godzin\u0119. Pakiet czynnika ch\u0142odniczego mo\u017cna ponownie zamra\u017ca\u0107 nieograniczon\u0105 liczb\u0119 razy. Pasuje do wszystkich w\u0119\u017cy silikonowych. Ozdobna wst\u0105\u017cka wykonana z tkaniny w stylu maroka\u0144skim.<\/p>\n<p><strong>Specyfikacje:<\/strong><br \/>\nWymiary: 32\u00d75,5cm<br \/>\nCzarny kolor<\/p>\n<p>Czy masz jakie\u015b pytania? Skontaktuj si\u0119 z nami\u00a0<a href=\"https:\/\/hookahshop.lt\/pl\/lacznosc\/\">strona z kontaktami<\/a>\u00a0lub napisz do nas na adres\u00a0<a href=\"https:\/\/facebook.com\/HookahShop.lt\/\" target=\"_blank\" rel=\"noopener noreferrer\">konto na Facebooku<\/a>\u00a0a my odpowiemy na Twoj\u0105 pro\u015bb\u0119 tego samego dnia.<\/p>","protected":false},"excerpt":{"rendered":"<p>Ustnik ICE BAZOOKA Czarny To wyj\u0105tkowa innowacja przeznaczona do sch\u0142adzania dymu z fajki wodnej przed inhalacj\u0105. Ustnik zawiera pojemnik na p\u0142yn, kt\u00f3ry nale\u017cy przechowywa\u0107 w zamra\u017carce przez oko\u0142o 1 godzin\u0119. Pakiet czynnika ch\u0142odniczego mo\u017cna ponownie zamra\u017ca\u0107 nieograniczon\u0105 liczb\u0119 razy. Pasuje do wszystkich w\u0119\u017cy silikonowych. Ozdobna wst\u0105\u017cka wykonana z tkaniny w stylu maroka\u0144skim. Dane techniczne: Wymiary: 32\u00d75,5cm Kolor: Czarny Masz pytania? Skontaktuj si\u0119 z nami na stronie kontaktowej lub [\u2026]<\/p>","protected":false},"featured_media":24513,"comment_status":"open","ping_status":"closed","template":"","meta":[],"_links":{"self":[{"href":"https:\/\/hookahshop.lt\/pl\/wp-json\/wp\/v2\/product\/24512"}],"collection":[{"href":"https:\/\/hookahshop.lt\/pl\/wp-json\/wp\/v2\/product"}],"about":[{"href":"https:\/\/hookahshop.lt\/pl\/wp-json\/wp\/v2\/types\/product"}],"replies":[{"embeddable":true,"href":"https:\/\/hookahshop.lt\/pl\/wp-json\/wp\/v2\/comments?post=24512"}],"version-history":[{"count":7,"href":"https:\/\/hookahshop.lt\/pl\/wp-json\/wp\/v2\/product\/24512\/revisions"}],"predecessor-version":[{"id":43480,"href":"https:\/\/hookahshop.lt\/pl\/wp-json\/wp\/v2\/product\/24512\/revisions\/43480"}],"wp:featuredmedia":[{"embeddable":true,"href":"https:\/\/hookahshop.lt\/pl\/wp-json\/wp\/v2\/media\/24513"}],"wp:attachment":[{"href":"https:\/\/hookahshop.lt\/pl\/wp-json\/wp\/v2\/media?parent=24512"}],"curies":[{"name":"wp","href":"https:\/\/api.w.org\/{rel}","templated":true}]}}