{"id":24519,"date":"2021-06-15T11:54:21","date_gmt":"2021-06-15T08:54:21","guid":{"rendered":"https:\/\/hookahshop.lt\/?post_type=product&#038;p=24519"},"modified":"2026-04-17T16:32:51","modified_gmt":"2026-04-17T13:32:51","slug":"kaljanas-aladin-alux-m2-red","status":"publish","type":"product","link":"https:\/\/hookahshop.lt\/pl\/produkt\/hookah-aladin-alux-m2-ed\/","title":{"rendered":"Fajka wodna ALADIN Alux M2 Czerwona"},"content":{"rendered":"<h2>Fajka wodna ALADIN Alux M2 Czerwona<\/h2>\n<p>Ten model fajki wodnej wyr\u00f3\u017cnia si\u0119 funkcjonalno\u015bci\u0105, jako\u015bci\u0105 materia\u0142\u00f3w i unowocze\u015bnionymi innowacjami projektowymi.<\/p>\n<p><strong>Specyfikacja:<\/strong><br \/>\nPo\u0142\u0105czenia: Istnieje mo\u017cliwo\u015b\u0107 pod\u0142\u0105czenia drugiego w\u0119\u017ca.<br \/>\nWysoko\u015b\u0107 fajki wodnej: 54 cm<br \/>\nMateria\u0142: anodowane aluminium<\/p>\n<p><strong>W sk\u0142ad zestawu wchodz\u0105:<\/strong><br \/>\n- Szisza,<br \/>\n- Kolba gwintowana,<br \/>\n- szczypce,<br \/>\n- W\u0105\u017c silikonowy (mi\u0119kki w dotyku) z dyszami<br \/>\n- Fili\u017canka<br \/>\n- Komin<br \/>\n- Regulowany dyfuzor.<\/p>\n<p>Czy masz jakie\u015b pytania? Skontaktuj si\u0119 z nami\u00a0<a href=\"https:\/\/hookahshop.lt\/pl\/lacznosc\/\">strona z kontaktami<\/a>\u00a0lub napisz do nas na adres\u00a0<a href=\"https:\/\/facebook.com\/HookahShop.lt\/\" target=\"_blank\" rel=\"noopener noreferrer\">konto na Facebooku<\/a>\u00a0a my odpowiemy na Twoj\u0105 pro\u015bb\u0119 tego samego dnia.<\/p>","protected":false},"excerpt":{"rendered":"<p>Fajka wodna ALADIN Alux M2 Red Ten model fajki wodnej wyr\u00f3\u017cnia si\u0119 funkcjonalno\u015bci\u0105, jako\u015bci\u0105 materia\u0142\u00f3w i unowocze\u015bnionymi innowacjami konstrukcyjnymi. Specyfikacja: Przy\u0142\u0105cza: Istnieje mo\u017cliwo\u015b\u0107 pod\u0142\u0105czenia drugiego w\u0119\u017ca. Wysoko\u015b\u0107 fajki wodnej: 54 cm Materia\u0142: aluminium anodowane W zestawie: \u2013 Fajka wodna, \u2013 Kolba z gwintem, \u2013 Szczypce, \u2013 W\u0105\u017c silikonowy (Soft Touch) z ko\u0144c\u00f3wkami, \u2013 Kubek, \u2013 Kominek, \u2013 Regulowany dyfuzor. Ty masz [\u2026]<\/p>","protected":false},"featured_media":24520,"comment_status":"open","ping_status":"closed","template":"","meta":[],"_links":{"self":[{"href":"https:\/\/hookahshop.lt\/pl\/wp-json\/wp\/v2\/product\/24519"}],"collection":[{"href":"https:\/\/hookahshop.lt\/pl\/wp-json\/wp\/v2\/product"}],"about":[{"href":"https:\/\/hookahshop.lt\/pl\/wp-json\/wp\/v2\/types\/product"}],"replies":[{"embeddable":true,"href":"https:\/\/hookahshop.lt\/pl\/wp-json\/wp\/v2\/comments?post=24519"}],"version-history":[{"count":3,"href":"https:\/\/hookahshop.lt\/pl\/wp-json\/wp\/v2\/product\/24519\/revisions"}],"predecessor-version":[{"id":24536,"href":"https:\/\/hookahshop.lt\/pl\/wp-json\/wp\/v2\/product\/24519\/revisions\/24536"}],"wp:featuredmedia":[{"embeddable":true,"href":"https:\/\/hookahshop.lt\/pl\/wp-json\/wp\/v2\/media\/24520"}],"wp:attachment":[{"href":"https:\/\/hookahshop.lt\/pl\/wp-json\/wp\/v2\/media?parent=24519"}],"curies":[{"name":"wp","href":"https:\/\/api.w.org\/{rel}","templated":true}]}}