{"id":24523,"date":"2021-06-15T11:59:58","date_gmt":"2021-06-15T08:59:58","guid":{"rendered":"https:\/\/hookahshop.lt\/?post_type=product&#038;p=24523"},"modified":"2026-04-17T16:32:52","modified_gmt":"2026-04-17T13:32:52","slug":"kaljanas-aladin-mvp500-black","status":"publish","type":"product","link":"https:\/\/hookahshop.lt\/pl\/produkt\/fajka-wodna-aladin-mvp500-czarna\/","title":{"rendered":"Fajka wodna ALADIN MVP500 Czarna"},"content":{"rendered":"<h2>Fajka wodna ALADIN MVP500 Czarna<\/h2>\n<p>Fajka wodna pozostawia wspania\u0142e wra\u017cenia dzi\u0119ki wysokiej jako\u015bci materia\u0142om. Wysoka jako\u015b\u0107 wykonania i indywidualny projekt nie pozostawi\u0105 Ci\u0119 oboj\u0119tnym.<br \/>\nDzi\u0119ki kompaktowym rozmiarom jest idealnym towarzyszem podr\u00f3\u017cy dla tych, kt\u00f3rzy chc\u0105 mie\u0107 produkt wysokiej jako\u015bci w podr\u00f3\u017cy.<\/p>\n<p><strong>Specyfikacja<\/strong><br \/>\nMateria\u0142: anodowana stal nierdzewna<br \/>\nKolba: gwintowana<br \/>\nDyfuzja: tak (regulowana)<br \/>\nWysoko\u015b\u0107: 50 cm<br \/>\nWaga: 3 kg<br \/>\nwyprodukowano w Chinach<\/p>\n<p><strong>Standardowy zestaw zawiera:<\/strong><br \/>\nszczypce, mi\u0119kki w\u0105\u017c silikonowy z dyszami, kubek, komin do kubka.<\/p>\n<p>Czy masz jakie\u015b pytania? Skontaktuj si\u0119 z nami\u00a0<a href=\"https:\/\/hookahshop.lt\/pl\/lacznosc\/\">strona z kontaktami<\/a>\u00a0lub napisz do nas na adres\u00a0<a href=\"https:\/\/facebook.com\/HookahShop.lt\/\" target=\"_blank\" rel=\"noopener noreferrer\">konto na Facebooku<\/a>\u00a0a my odpowiemy na Twoj\u0105 pro\u015bb\u0119 tego samego dnia.<\/p>","protected":false},"excerpt":{"rendered":"<p>Fajka wodna ALADIN MVP500 Czarna szisza robi wspania\u0142e wra\u017cenie dzi\u0119ki wysokiej jako\u015bci materia\u0142om. Wysoka jako\u015b\u0107 wykonania i indywidualny design nie pozostawi\u0105 Ci\u0119 oboj\u0119tnym. Dzi\u0119ki swoim kompaktowym rozmiarom jest idealnym towarzyszem podr\u00f3\u017cy dla tych, kt\u00f3rzy chc\u0105 mie\u0107 produkt wysokiej jako\u015bci w podr\u00f3\u017cy. Specyfikacja Materia\u0142: Anodowana stal nierdzewna Kolba: Gwintowany Dyfuzor: Dost\u0119pny (regulowany) Wysoko\u015b\u0107: 50 cm Waga: 3 kg Kraj pochodzenia: Chiny Standardowy zestaw [\u2026]<\/p>","protected":false},"featured_media":24839,"comment_status":"open","ping_status":"closed","template":"","meta":[],"_links":{"self":[{"href":"https:\/\/hookahshop.lt\/pl\/wp-json\/wp\/v2\/product\/24523"}],"collection":[{"href":"https:\/\/hookahshop.lt\/pl\/wp-json\/wp\/v2\/product"}],"about":[{"href":"https:\/\/hookahshop.lt\/pl\/wp-json\/wp\/v2\/types\/product"}],"replies":[{"embeddable":true,"href":"https:\/\/hookahshop.lt\/pl\/wp-json\/wp\/v2\/comments?post=24523"}],"version-history":[{"count":4,"href":"https:\/\/hookahshop.lt\/pl\/wp-json\/wp\/v2\/product\/24523\/revisions"}],"predecessor-version":[{"id":37501,"href":"https:\/\/hookahshop.lt\/pl\/wp-json\/wp\/v2\/product\/24523\/revisions\/37501"}],"wp:featuredmedia":[{"embeddable":true,"href":"https:\/\/hookahshop.lt\/pl\/wp-json\/wp\/v2\/media\/24839"}],"wp:attachment":[{"href":"https:\/\/hookahshop.lt\/pl\/wp-json\/wp\/v2\/media?parent=24523"}],"curies":[{"name":"wp","href":"https:\/\/api.w.org\/{rel}","templated":true}]}}