{"id":24631,"date":"2021-06-16T17:04:46","date_gmt":"2021-06-16T14:04:46","guid":{"rendered":"https:\/\/hookahshop.lt\/?post_type=product&#038;p=24631"},"modified":"2026-04-16T23:28:54","modified_gmt":"2026-04-16T20:28:54","slug":"kaljanas-geometry-little-bro-stab-a37","status":"publish","type":"product","link":"https:\/\/hookahshop.lt\/pl\/produkt\/szisza-geometria-maly-bro-stab-a37\/","title":{"rendered":"Fajka wodna GEOMETRIA Little Bro Stab A37"},"content":{"rendered":"<h2 class=\"western\">Fajka wodna GEOMETRIA Little Bro Stab A37<\/h2>\n<p>w. Modny, pionowy wydmuch z jednym zaworem na ca\u0142ym obwodzie podstawy. Wysokiej jako\u015bci stalowe i ozdobne wa\u0142y. Wiele rodzaj\u00f3w wa\u0142\u00f3w - sk\u00f3rzane, drewniane itp. r\u00f3\u017cne kolory i tekstury. Ogromnym plusem jest to, \u017ce mo\u017cesz ulepszy\u0107 swoj\u0105 fajk\u0119 wodn\u0105, kupuj\u0105c dekoracyjne wyko\u0144czenie trzonka.<\/p>\n<p><strong>Charakterystyka:<\/strong><br \/>\n\u015arednica wa\u0142u: 20 cm<br \/>\nGrubo\u015b\u0107 stali: 1,5 mm<br \/>\nWewn\u0119trzna \u015brednica wa\u0142u: 13 mm<br \/>\nWysoko\u015b\u0107: 50,1 cm<br \/>\nKraj pochodzenia: Rosja<\/p>\n<p>Czy masz jakie\u015b pytania? Skontaktuj si\u0119 z nami\u00a0<a href=\"https:\/\/hookahshop.lt\/pl\/lacznosc\/\">strona z kontaktami<\/a>\u00a0lub napisz do nas na adres\u00a0<a href=\"https:\/\/facebook.com\/HookahShop.lt\/\" target=\"_blank\" rel=\"noopener\">konto na Facebooku<\/a>\u00a0a my odpowiemy na Twoj\u0105 pro\u015bb\u0119 tego samego dnia.<\/p>","protected":false},"excerpt":{"rendered":"<p>Hookah GEOMETRIA Little Bro Stab A37 v. Modny, pionowy wydmuch z jednym zaworem na ca\u0142ym obwodzie podstawy. Wysokiej jako\u015bci stalowe i ozdobne wa\u0142y. Wiele rodzaj\u00f3w wa\u0142\u00f3w - sk\u00f3rzane, drewniane itp. r\u00f3\u017cne kolory i tekstury. Ogromnym plusem jest to, \u017ce mo\u017cesz ulepszy\u0107 swoj\u0105 fajk\u0119 wodn\u0105, kupuj\u0105c dekoracyjne wyko\u0144czenie trzonka. Charakterystyka: \u015arednica wa\u0142u: 20 cm Grubo\u015b\u0107 stali: 1,5 [\u2026]<\/p>","protected":false},"featured_media":24632,"comment_status":"open","ping_status":"closed","template":"","meta":[],"_links":{"self":[{"href":"https:\/\/hookahshop.lt\/pl\/wp-json\/wp\/v2\/product\/24631"}],"collection":[{"href":"https:\/\/hookahshop.lt\/pl\/wp-json\/wp\/v2\/product"}],"about":[{"href":"https:\/\/hookahshop.lt\/pl\/wp-json\/wp\/v2\/types\/product"}],"replies":[{"embeddable":true,"href":"https:\/\/hookahshop.lt\/pl\/wp-json\/wp\/v2\/comments?post=24631"}],"version-history":[{"count":3,"href":"https:\/\/hookahshop.lt\/pl\/wp-json\/wp\/v2\/product\/24631\/revisions"}],"predecessor-version":[{"id":29646,"href":"https:\/\/hookahshop.lt\/pl\/wp-json\/wp\/v2\/product\/24631\/revisions\/29646"}],"wp:featuredmedia":[{"embeddable":true,"href":"https:\/\/hookahshop.lt\/pl\/wp-json\/wp\/v2\/media\/24632"}],"wp:attachment":[{"href":"https:\/\/hookahshop.lt\/pl\/wp-json\/wp\/v2\/media?parent=24631"}],"curies":[{"name":"wp","href":"https:\/\/api.w.org\/{rel}","templated":true}]}}