{"id":24667,"date":"2021-06-16T18:19:56","date_gmt":"2021-06-16T15:19:56","guid":{"rendered":"https:\/\/hookahshop.lt\/?post_type=product&#038;p=24667"},"modified":"2026-04-15T12:28:51","modified_gmt":"2026-04-15T09:28:51","slug":"kaljanas-geometry-limited-cyberpunk","status":"publish","type":"product","link":"https:\/\/hookahshop.lt\/pl\/produkt\/fajka-wodna-geometry-limited-cyberpunk\/","title":{"rendered":"Szisza GEOMETRIA Little Bro Limited CyberPunk"},"content":{"rendered":"<h2 class=\"western\" align=\"left\">Szisza GEOMETRIA Little Bro Limited CyberPunk<\/h2>\n<p>Wspania\u0142a seria Krasnodar Geometry Little Bro od nowej marki. Wysoka jako\u015b\u0107 wykonania. Modne, pionowe wydmuchanie z jednym zaworkiem na ca\u0142ym obwodzie podstawy. Wysokiej jako\u015bci stal i ozdobne wa\u0142y. Wiele rodzaj\u00f3w wa\u0142\u00f3w - sk\u00f3rzane, drewniane itp. r\u00f3\u017cne kolory i tekstury. Ogromnym plusem jest to, \u017ce mo\u017cesz ulepszy\u0107 fajk\u0119 wodn\u0105, kupuj\u0105c ozdobne wyko\u0144czenie trzonka.<\/p>\n<p>Charakterystyka:<br \/>\n\u015arednica wa\u0142u: 20 cm<br \/>\nGrubo\u015b\u0107 stali: 1,5 mm<br \/>\nWewn\u0119trzna \u015brednica wa\u0142u: 13 mm<br \/>\nWysoko\u015b\u0107: 50,1 cm<br \/>\nKraj pochodzenia: Rosja<\/p>\n<p>Czy masz jakie\u015b pytania? Skontaktuj si\u0119 z nami\u00a0<a href=\"https:\/\/hookahshop.lt\/pl\/lacznosc\/\">strona z kontaktami<\/a>\u00a0lub napisz do nas na adres\u00a0<a href=\"https:\/\/facebook.com\/HookahShop.lt\/\" target=\"_blank\" rel=\"noopener noreferrer\">konto na Facebooku<\/a>\u00a0a my odpowiemy na Twoj\u0105 pro\u015bb\u0119 tego samego dnia.<\/p>","protected":false},"excerpt":{"rendered":"<p>Hookah GEOMETRY Little Bro Limited CyberPunk Doskona\u0142a seria nowej marki \u201eKrasnodar Geometry Little Bro\u201d. Wysoka jako\u015b\u0107 wykonania. Modne, pionowe opr\u00f3\u017cnianie z jednym zaworem na ca\u0142ym obwodzie podstawy. Wysokiej jako\u015bci stalowe i ozdobne trzonki. Wiele rodzaj\u00f3w trzonk\u00f3w - sk\u00f3rzanych, drewnianych itp. w r\u00f3\u017cnych kolorach i fakturach. Ogromnym plusem jest to, \u017ce mo\u017cesz ulepszy\u0107 swoj\u0105 shish\u0119, kupuj\u0105c [\u2026]<\/p>","protected":false},"featured_media":24668,"comment_status":"open","ping_status":"closed","template":"","meta":[],"_links":{"self":[{"href":"https:\/\/hookahshop.lt\/pl\/wp-json\/wp\/v2\/product\/24667"}],"collection":[{"href":"https:\/\/hookahshop.lt\/pl\/wp-json\/wp\/v2\/product"}],"about":[{"href":"https:\/\/hookahshop.lt\/pl\/wp-json\/wp\/v2\/types\/product"}],"replies":[{"embeddable":true,"href":"https:\/\/hookahshop.lt\/pl\/wp-json\/wp\/v2\/comments?post=24667"}],"version-history":[{"count":3,"href":"https:\/\/hookahshop.lt\/pl\/wp-json\/wp\/v2\/product\/24667\/revisions"}],"predecessor-version":[{"id":29638,"href":"https:\/\/hookahshop.lt\/pl\/wp-json\/wp\/v2\/product\/24667\/revisions\/29638"}],"wp:featuredmedia":[{"embeddable":true,"href":"https:\/\/hookahshop.lt\/pl\/wp-json\/wp\/v2\/media\/24668"}],"wp:attachment":[{"href":"https:\/\/hookahshop.lt\/pl\/wp-json\/wp\/v2\/media?parent=24667"}],"curies":[{"name":"wp","href":"https:\/\/api.w.org\/{rel}","templated":true}]}}