{"id":24671,"date":"2021-06-16T18:22:14","date_gmt":"2021-06-16T15:22:14","guid":{"rendered":"https:\/\/hookahshop.lt\/?post_type=product&#038;p=24671"},"modified":"2026-04-18T23:28:42","modified_gmt":"2026-04-18T20:28:42","slug":"kaljanas-geometry-limited-bmw-m5-black","status":"publish","type":"product","link":"https:\/\/hookahshop.lt\/pl\/produkt\/szisza-geometria-limitowana-bmw-m5-czarna\/","title":{"rendered":"Fajka wodna GEOMETRIA Little Bro Limited BMW M5 Czarna"},"content":{"rendered":"<h2 class=\"western\" align=\"left\">Fajka wodna GEOMETRIA Little Bro Limited BMW M5 Czarna<\/h2>\n<p class=\"western\" align=\"left\"><span style=\"font-family: Liberation Serif, serif;\">Wspania\u0142a seria Krasnodar Geometry Little Bro od nowej marki. Wysoka jako\u015b\u0107 wykonania. Modne, pionowe wydmuchanie z jednym zaworkiem na ca\u0142ym obwodzie podstawy. Wysokiej jako\u015bci stal i ozdobne wa\u0142y. Wiele rodzaj\u00f3w wa\u0142\u00f3w - sk\u00f3rzane, drewniane itp. r\u00f3\u017cne kolory i tekstury. Ogromnym plusem jest to, \u017ce mo\u017cesz ulepszy\u0107 fajk\u0119 wodn\u0105, kupuj\u0105c ozdobne wyko\u0144czenie trzonka.<\/span><\/p>\n<p class=\"western\" align=\"left\"><strong><span style=\"font-family: Liberation Serif, serif;\">Charakterystyka:<\/span><\/strong><br \/>\n<span style=\"font-family: Liberation Serif, serif;\">\u015arednica wa\u0142u: 20 cm<\/span><br \/>\n<span style=\"font-family: Liberation Serif, serif;\">Grubo\u015b\u0107 stali: 1,5 mm<\/span><br \/>\n<span style=\"font-family: Liberation Serif, serif;\">Wewn\u0119trzna \u015brednica wa\u0142u: 13 mm<\/span><br \/>\n<span style=\"font-family: Liberation Serif, serif;\">Wysoko\u015b\u0107: 50,1 cm<\/span><br \/>\n<span style=\"font-family: Liberation Serif, serif;\">Kraj pochodzenia: Rosja<\/span><\/p>\n<p class=\"western\" align=\"left\"><span style=\"font-family: Liberation Serif, serif;\">Czy masz jakie\u015b pytania? Skontaktuj si\u0119 z nami\u00a0<\/span><a href=\"https:\/\/hookahshop.lt\/pl\/lacznosc\/\"><span style=\"color: #000080;\"><span style=\"font-family: Liberation Serif, serif;\"><span lang=\"zxx\"><u>strona z kontaktami<\/u><\/span><\/span><\/span><\/a><span style=\"font-family: Liberation Serif, serif;\">\u00a0lub napisz do nas na adres\u00a0<\/span><a href=\"https:\/\/facebook.com\/HookahShop.lt\/\" target=\"_blank\" rel=\"noopener\"><span style=\"color: #000080;\"><span style=\"font-family: Liberation Serif, serif;\"><span lang=\"zxx\"><u>konto na Facebooku<\/u><\/span><\/span><\/span><\/a><span style=\"font-family: Liberation Serif, serif;\">\u00a0a my odpowiemy na Twoj\u0105 pro\u015bb\u0119 tego samego dnia.<\/span><\/p>","protected":false},"excerpt":{"rendered":"<p>Hookah GEOMETRY Little Bro Limited BMW M5 Black Doskona\u0142a seria nowej marki \u201eKrasnodar Geometry Little Bro\u201d. Wysoka jako\u015b\u0107 wykonania. Modne, pionowe dmuchanie jednym zaworem na ca\u0142ym obwodzie podstawy. Wysokiej jako\u015bci stalowe i ozdobne trzonki. Wiele rodzaj\u00f3w trzonk\u00f3w - sk\u00f3rzanych, drewnianych itp. w r\u00f3\u017cnych kolorach i fakturach. Ogromnym plusem jest to, \u017ce mo\u017cesz od\u015bwie\u017cy\u0107 sw\u00f3j [\u2026]<\/p>","protected":false},"featured_media":24672,"comment_status":"open","ping_status":"closed","template":"","meta":[],"_links":{"self":[{"href":"https:\/\/hookahshop.lt\/pl\/wp-json\/wp\/v2\/product\/24671"}],"collection":[{"href":"https:\/\/hookahshop.lt\/pl\/wp-json\/wp\/v2\/product"}],"about":[{"href":"https:\/\/hookahshop.lt\/pl\/wp-json\/wp\/v2\/types\/product"}],"replies":[{"embeddable":true,"href":"https:\/\/hookahshop.lt\/pl\/wp-json\/wp\/v2\/comments?post=24671"}],"version-history":[{"count":4,"href":"https:\/\/hookahshop.lt\/pl\/wp-json\/wp\/v2\/product\/24671\/revisions"}],"predecessor-version":[{"id":40328,"href":"https:\/\/hookahshop.lt\/pl\/wp-json\/wp\/v2\/product\/24671\/revisions\/40328"}],"wp:featuredmedia":[{"embeddable":true,"href":"https:\/\/hookahshop.lt\/pl\/wp-json\/wp\/v2\/media\/24672"}],"wp:attachment":[{"href":"https:\/\/hookahshop.lt\/pl\/wp-json\/wp\/v2\/media?parent=24671"}],"curies":[{"name":"wp","href":"https:\/\/api.w.org\/{rel}","templated":true}]}}