{"id":24675,"date":"2021-06-16T18:24:45","date_gmt":"2021-06-16T15:24:45","guid":{"rendered":"https:\/\/hookahshop.lt\/?post_type=product&#038;p=24675"},"modified":"2026-04-15T23:28:47","modified_gmt":"2026-04-15T20:28:47","slug":"kaljanas-geometry-little-bro-stab-a40","status":"publish","type":"product","link":"https:\/\/hookahshop.lt\/pl\/produkt\/szisza-geometria-little-bro-stab-a40\/","title":{"rendered":"Fajka wodna GEOMETRIA Little Bro Stab A40"},"content":{"rendered":"<h2 class=\"western\" align=\"left\">Fajka wodna GEOMETRIA Little Bro Stab A40<\/h2>\n<p class=\"western\" align=\"left\"><span style=\"font-family: Liberation Serif, serif\">Wspania\u0142a seria Krasnodar Geometry Little Bro od nowej marki. Wysoka jako\u015b\u0107 wykonania. Modne, pionowe wydmuchanie z jednym zaworkiem na ca\u0142ym obwodzie podstawy. Wysokiej jako\u015bci stal i ozdobne wa\u0142y. Wiele rodzaj\u00f3w wa\u0142\u00f3w - sk\u00f3rzane, drewniane itp. r\u00f3\u017cne kolory i tekstury. Ogromnym plusem jest to, \u017ce mo\u017cesz ulepszy\u0107 fajk\u0119 wodn\u0105, kupuj\u0105c ozdobne wyko\u0144czenie trzonka.<\/span><\/p>\n<p class=\"western\" align=\"left\"><strong><span style=\"font-family: Liberation Serif, serif\">Charakterystyka:<\/span><\/strong><br \/>\n<span style=\"font-family: Liberation Serif, serif\">\u015arednica wa\u0142u: 20 cm<\/span><br \/>\n<span style=\"font-family: Liberation Serif, serif\">Grubo\u015b\u0107 stali: 1,5 mm<\/span><br \/>\n<span style=\"font-family: Liberation Serif, serif\">Wewn\u0119trzna \u015brednica wa\u0142u: 13 mm<\/span><br \/>\n<span style=\"font-family: Liberation Serif, serif\">Wysoko\u015b\u0107: 50,1 cm<\/span><br \/>\n<span style=\"font-family: Liberation Serif, serif\">Kraj pochodzenia: Rosja<\/span><\/p>\n<p class=\"western\" align=\"left\"><span style=\"font-family: Liberation Serif, serif\">Czy masz jakie\u015b pytania? Skontaktuj si\u0119 z nami\u00a0<\/span><a href=\"https:\/\/hookahshop.lt\/pl\/lacznosc\/\"><span style=\"color: #000080\"><span style=\"font-family: Liberation Serif, serif\"><span lang=\"zxx\"><u>strona z kontaktami<\/u><\/span><\/span><\/span><\/a><span style=\"font-family: Liberation Serif, serif\">\u00a0lub napisz do nas na adres\u00a0<\/span><a href=\"https:\/\/facebook.com\/HookahShop.lt\/\" target=\"_blank\" rel=\"noopener\"><span style=\"color: #000080\"><span style=\"font-family: Liberation Serif, serif\"><span lang=\"zxx\"><u>konto na Facebooku<\/u><\/span><\/span><\/span><\/a><span style=\"font-family: Liberation Serif, serif\">\u00a0a my odpowiemy na Twoj\u0105 pro\u015bb\u0119 tego samego dnia.<\/span><\/p>","protected":false},"excerpt":{"rendered":"<p>Hookah GEOMETRY Little Bro Stab A40 Doskona\u0142a seria nowej marki \u201eKrasnodar Geometry Little Bro\u201d. Wysoka jako\u015b\u0107 wykonania. Modne, pionowe opr\u00f3\u017cnianie z jednym zaworem na ca\u0142ym obwodzie podstawy. Wysokiej jako\u015bci stalowe i ozdobne trzonki. Wiele rodzaj\u00f3w trzonk\u00f3w - sk\u00f3rzanych, drewnianych itp. w r\u00f3\u017cnych kolorach i fakturach. Ogromnym plusem jest to, \u017ce mo\u017cesz ulepszy\u0107 swoj\u0105 shish\u0119, kupuj\u0105c [\u2026]<\/p>","protected":false},"featured_media":24676,"comment_status":"open","ping_status":"closed","template":"","meta":[],"_links":{"self":[{"href":"https:\/\/hookahshop.lt\/pl\/wp-json\/wp\/v2\/product\/24675"}],"collection":[{"href":"https:\/\/hookahshop.lt\/pl\/wp-json\/wp\/v2\/product"}],"about":[{"href":"https:\/\/hookahshop.lt\/pl\/wp-json\/wp\/v2\/types\/product"}],"replies":[{"embeddable":true,"href":"https:\/\/hookahshop.lt\/pl\/wp-json\/wp\/v2\/comments?post=24675"}],"version-history":[{"count":2,"href":"https:\/\/hookahshop.lt\/pl\/wp-json\/wp\/v2\/product\/24675\/revisions"}],"predecessor-version":[{"id":29640,"href":"https:\/\/hookahshop.lt\/pl\/wp-json\/wp\/v2\/product\/24675\/revisions\/29640"}],"wp:featuredmedia":[{"embeddable":true,"href":"https:\/\/hookahshop.lt\/pl\/wp-json\/wp\/v2\/media\/24676"}],"wp:attachment":[{"href":"https:\/\/hookahshop.lt\/pl\/wp-json\/wp\/v2\/media?parent=24675"}],"curies":[{"name":"wp","href":"https:\/\/api.w.org\/{rel}","templated":true}]}}