{"id":24768,"date":"2021-06-18T11:18:06","date_gmt":"2021-06-18T08:18:06","guid":{"rendered":"https:\/\/hookahshop.lt\/?post_type=product&#038;p=24768"},"modified":"2026-04-18T23:28:38","modified_gmt":"2026-04-18T20:28:38","slug":"kaljanas-aladin-alux-m2-green","status":"publish","type":"product","link":"https:\/\/hookahshop.lt\/pl\/produkt\/szisza-aladin-alux-m2-zielona\/","title":{"rendered":"Fajka wodna ALADIN Alux M2 Zielona"},"content":{"rendered":"<h2>Fajka wodna ALADIN Alux M2 Zielona<\/h2>\n<p>Ten model fajki wodnej wyr\u00f3\u017cnia si\u0119 funkcjonalno\u015bci\u0105, jako\u015bci\u0105 materia\u0142\u00f3w i unowocze\u015bnionymi innowacjami projektowymi.<\/p>\n<p><strong>Specyfikacja:<\/strong><br \/>\nPo\u0142\u0105czenia: Istnieje mo\u017cliwo\u015b\u0107 pod\u0142\u0105czenia drugiego w\u0119\u017ca.<br \/>\nWysoko\u015b\u0107 fajki wodnej: 54 cm<br \/>\nMateria\u0142: anodowane aluminium<\/p>\n<p><strong>W sk\u0142ad zestawu wchodz\u0105:<\/strong><br \/>\n- Szisza,<br \/>\n- Kolba gwintowana,<br \/>\n- szczypce,<br \/>\n- W\u0105\u017c silikonowy (mi\u0119kki w dotyku) z dyszami<br \/>\n- Fili\u017canka<br \/>\n- Komin<br \/>\n- Regulowany dyfuzor.<\/p>\n<p>Czy masz jakie\u015b pytania? Skontaktuj si\u0119 z nami\u00a0<a href=\"https:\/\/hookahshop.lt\/pl\/lacznosc\/\">strona z kontaktami<\/a>\u00a0lub napisz do nas na adres\u00a0<a href=\"https:\/\/facebook.com\/HookahShop.lt\/\" target=\"_blank\" rel=\"noopener noreferrer\">konto na Facebooku<\/a>\u00a0a my odpowiemy na Twoj\u0105 pro\u015bb\u0119 tego samego dnia.<\/p>","protected":false},"excerpt":{"rendered":"<p>Fajka wodna ALADIN Alux M2 Green Ten model fajki wodnej wyr\u00f3\u017cnia funkcjonalno\u015b\u0107, jako\u015b\u0107 materia\u0142\u00f3w oraz unowocze\u015bnione innowacje konstrukcyjne. Specyfikacja: Przy\u0142\u0105cza: Istnieje mo\u017cliwo\u015b\u0107 pod\u0142\u0105czenia drugiego w\u0119\u017ca. Wysoko\u015b\u0107 fajki wodnej: 54 cm Materia\u0142: aluminium anodowane W zestawie: \u2013 Fajka wodna, \u2013 Kolba z gwintem, \u2013 Szczypce, \u2013 W\u0105\u017c silikonowy (Soft Touch) z ko\u0144c\u00f3wkami, \u2013 Kubek, \u2013 Kominek, \u2013 Regulowany dyfuzor. Masz [\u2026]<\/p>","protected":false},"featured_media":24769,"comment_status":"open","ping_status":"closed","template":"","meta":[],"_links":{"self":[{"href":"https:\/\/hookahshop.lt\/pl\/wp-json\/wp\/v2\/product\/24768"}],"collection":[{"href":"https:\/\/hookahshop.lt\/pl\/wp-json\/wp\/v2\/product"}],"about":[{"href":"https:\/\/hookahshop.lt\/pl\/wp-json\/wp\/v2\/types\/product"}],"replies":[{"embeddable":true,"href":"https:\/\/hookahshop.lt\/pl\/wp-json\/wp\/v2\/comments?post=24768"}],"version-history":[{"count":4,"href":"https:\/\/hookahshop.lt\/pl\/wp-json\/wp\/v2\/product\/24768\/revisions"}],"predecessor-version":[{"id":37490,"href":"https:\/\/hookahshop.lt\/pl\/wp-json\/wp\/v2\/product\/24768\/revisions\/37490"}],"wp:featuredmedia":[{"embeddable":true,"href":"https:\/\/hookahshop.lt\/pl\/wp-json\/wp\/v2\/media\/24769"}],"wp:attachment":[{"href":"https:\/\/hookahshop.lt\/pl\/wp-json\/wp\/v2\/media?parent=24768"}],"curies":[{"name":"wp","href":"https:\/\/api.w.org\/{rel}","templated":true}]}}