{"id":24782,"date":"2021-06-18T11:32:50","date_gmt":"2021-06-18T08:32:50","guid":{"rendered":"https:\/\/hookahshop.lt\/?post_type=product&#038;p=24782"},"modified":"2026-04-18T23:28:38","modified_gmt":"2026-04-18T20:28:38","slug":"kaljanas-aladin-alux-m3-silver","status":"publish","type":"product","link":"https:\/\/hookahshop.lt\/pl\/produkt\/fajka-wodna-aladin-alux-m3-srebrna\/","title":{"rendered":"Fajka wodna ALADIN Alux M3 Srebrna"},"content":{"rendered":"<h2>Fajka wodna ALADIN Alux M3 Srebrna<\/h2>\n<p>Fajka wodna pozostawia wspania\u0142e wra\u017cenia dzi\u0119ki wysokiej jako\u015bci materia\u0142om. Wysoka jako\u015b\u0107 wykonania i indywidualny projekt nie pozostawi\u0105 Ci\u0119 oboj\u0119tnym.<br \/>\nDzi\u0119ki kompaktowym rozmiarom jest idealnym towarzyszem podr\u00f3\u017cy dla tych, kt\u00f3rzy chc\u0105 mie\u0107 w drodze wysokiej jako\u015bci produkt.<\/p>\n<p>Wersja \u0142\u0105czona: dolna cz\u0119\u015b\u0107 szybu \/ masztu stykaj\u0105ca si\u0119 z wod\u0105 jest wykonana ze stali nierdzewnej, pozosta\u0142e cz\u0119\u015bci fajki wodnej wykonane s\u0105 z aluminium.<\/p>\n<p><strong>Zestaw standardowy:<\/strong><\/p>\n<p>szczypce, \u201emi\u0119kki\u201d w\u0105\u017c silikonowy z ko\u0144c\u00f3wkami, kubek i \u201epalnik do kubka\u201d.<\/p>\n<p>Regulowany dyfuzor.<\/p>\n<p>Czy masz jakie\u015b pytania? Skontaktuj si\u0119 z nami\u00a0<a href=\"https:\/\/hookahshop.lt\/pl\/lacznosc\/\">strona z kontaktami<\/a>\u00a0lub napisz do nas na adres\u00a0<a href=\"https:\/\/facebook.com\/HookahShop.lt\/\" target=\"_blank\" rel=\"noopener noreferrer\">konto na Facebooku<\/a>\u00a0a my odpowiemy na Twoj\u0105 pro\u015bb\u0119 tego samego dnia.<\/p>","protected":false},"excerpt":{"rendered":"<p>Fajka wodna ALADIN Alux M3 Silver Hookah pozostawia wspania\u0142e wra\u017cenia dzi\u0119ki wysokiej jako\u015bci materia\u0142om. Wysoka jako\u015b\u0107 wykonania i indywidualny design nie pozostawi\u0105 Ci\u0119 oboj\u0119tnym. Jego niewielkie rozmiary sprawiaj\u0105, \u017ce jest to idealny towarzysz podr\u00f3\u017cy dla tych, kt\u00f3rzy chc\u0105 mie\u0107 produkt wysokiej jako\u015bci w podr\u00f3\u017cy. Wersja kombinowana: dolna cz\u0119\u015b\u0107 trzonka\/\u0142odygi maj\u0105ca kontakt z wod\u0105 wykonana jest ze stali nierdzewnej, pozosta\u0142e cz\u0119\u015bci fajki wodnej wykonane s\u0105 z aluminium. W standardowym zestawie: [\u2026]<\/p>","protected":false},"featured_media":24783,"comment_status":"open","ping_status":"closed","template":"","meta":[],"_links":{"self":[{"href":"https:\/\/hookahshop.lt\/pl\/wp-json\/wp\/v2\/product\/24782"}],"collection":[{"href":"https:\/\/hookahshop.lt\/pl\/wp-json\/wp\/v2\/product"}],"about":[{"href":"https:\/\/hookahshop.lt\/pl\/wp-json\/wp\/v2\/types\/product"}],"replies":[{"embeddable":true,"href":"https:\/\/hookahshop.lt\/pl\/wp-json\/wp\/v2\/comments?post=24782"}],"version-history":[{"count":4,"href":"https:\/\/hookahshop.lt\/pl\/wp-json\/wp\/v2\/product\/24782\/revisions"}],"predecessor-version":[{"id":32523,"href":"https:\/\/hookahshop.lt\/pl\/wp-json\/wp\/v2\/product\/24782\/revisions\/32523"}],"wp:featuredmedia":[{"embeddable":true,"href":"https:\/\/hookahshop.lt\/pl\/wp-json\/wp\/v2\/media\/24783"}],"wp:attachment":[{"href":"https:\/\/hookahshop.lt\/pl\/wp-json\/wp\/v2\/media?parent=24782"}],"curies":[{"name":"wp","href":"https:\/\/api.w.org\/{rel}","templated":true}]}}