{"id":24799,"date":"2021-06-18T12:39:47","date_gmt":"2021-06-18T09:39:47","guid":{"rendered":"https:\/\/hookahshop.lt\/?post_type=product&#038;p=24799"},"modified":"2026-04-18T23:28:38","modified_gmt":"2026-04-18T20:28:38","slug":"kaljanas-aladin-alux-m4-orange","status":"publish","type":"product","link":"https:\/\/hookahshop.lt\/pl\/produkt\/szisza-aladin-alux-m4-pomaranczowa\/","title":{"rendered":"Fajka wodna ALADIN Alux M4 Pomara\u0144czowa"},"content":{"rendered":"<h2>Fajka wodna ALADIN Alux M4 Pomara\u0144czowa<\/h2>\n<p>Jest to nowa wersja modelu Aladin od producenta. Ten model fajki wodnej wyr\u00f3\u017cnia si\u0119 funkcjonalno\u015bci\u0105, jako\u015bci\u0105 materia\u0142\u00f3w i unowocze\u015bnionymi innowacjami projektowymi.<\/p>\n<p><strong>Specyfikacja:<\/strong><br \/>\nPo\u0142\u0105czenia: Istnieje mo\u017cliwo\u015b\u0107 pod\u0142\u0105czenia drugiego w\u0119\u017ca.<br \/>\nWysoko\u015b\u0107 fajki wodnej: 62 cm<br \/>\nMateria\u0142: anodowane aluminium<\/p>\n<p><strong>W sk\u0142ad zestawu wchodz\u0105:<\/strong><br \/>\n- Szisza,<br \/>\n- Kolba gwintowana,<br \/>\n- szczypce,<br \/>\n- W\u0105\u017c silikonowy (mi\u0119kki w dotyku) z dyszami<br \/>\n- Fili\u017canka<br \/>\n- Komin<br \/>\n- Regulowany dyfuzor.<\/p>\n<p>Czy masz jakie\u015b pytania? Skontaktuj si\u0119 z nami\u00a0<a href=\"https:\/\/hookahshop.lt\/pl\/lacznosc\/\">strona z kontaktami<\/a>\u00a0lub napisz do nas na adres\u00a0<a href=\"https:\/\/facebook.com\/HookahShop.lt\/\" target=\"_blank\" rel=\"noopener noreferrer\">konto na Facebooku<\/a>\u00a0a my odpowiemy na Twoj\u0105 pro\u015bb\u0119 tego samego dnia.<\/p>","protected":false},"excerpt":{"rendered":"<p>Fajka wodna ALADIN Alux M4 Orange To nowa ods\u0142ona modelu Aladin. Ten model fajki wodnej wyr\u00f3\u017cnia si\u0119 funkcjonalno\u015bci\u0105, jako\u015bci\u0105 materia\u0142\u00f3w i unowocze\u015bnionymi innowacjami konstrukcyjnymi. Specyfikacja: Przy\u0142\u0105cza: Istnieje mo\u017cliwo\u015b\u0107 pod\u0142\u0105czenia drugiego w\u0119\u017ca. Wysoko\u015b\u0107 fajki wodnej: 62 cm Materia\u0142: aluminium anodowane W zestawie: \u2013 Fajka wodna, \u2013 Kolba z gwintem, \u2013 Szczypce, \u2013 W\u0105\u017c silikonowy (Soft Touch) z ko\u0144c\u00f3wkami, \u2013 [\u2026]<\/p>","protected":false},"featured_media":24800,"comment_status":"open","ping_status":"closed","template":"","meta":[],"_links":{"self":[{"href":"https:\/\/hookahshop.lt\/pl\/wp-json\/wp\/v2\/product\/24799"}],"collection":[{"href":"https:\/\/hookahshop.lt\/pl\/wp-json\/wp\/v2\/product"}],"about":[{"href":"https:\/\/hookahshop.lt\/pl\/wp-json\/wp\/v2\/types\/product"}],"replies":[{"embeddable":true,"href":"https:\/\/hookahshop.lt\/pl\/wp-json\/wp\/v2\/comments?post=24799"}],"version-history":[{"count":3,"href":"https:\/\/hookahshop.lt\/pl\/wp-json\/wp\/v2\/product\/24799\/revisions"}],"predecessor-version":[{"id":37493,"href":"https:\/\/hookahshop.lt\/pl\/wp-json\/wp\/v2\/product\/24799\/revisions\/37493"}],"wp:featuredmedia":[{"embeddable":true,"href":"https:\/\/hookahshop.lt\/pl\/wp-json\/wp\/v2\/media\/24800"}],"wp:attachment":[{"href":"https:\/\/hookahshop.lt\/pl\/wp-json\/wp\/v2\/media?parent=24799"}],"curies":[{"name":"wp","href":"https:\/\/api.w.org\/{rel}","templated":true}]}}