{"id":24861,"date":"2021-06-18T13:41:27","date_gmt":"2021-06-18T10:41:27","guid":{"rendered":"https:\/\/hookahshop.lt\/?post_type=product&#038;p=24861"},"modified":"2026-04-14T23:29:07","modified_gmt":"2026-04-14T20:29:07","slug":"kolba-kaljanui-hookahtree-c3-smoke","status":"publish","type":"product","link":"https:\/\/hookahshop.lt\/pl\/produkt\/kolba-szisza-szisza-c3-dym\/","title":{"rendered":"SziszaDrzewo C3 Dym"},"content":{"rendered":"<h2>SziszaDrzewo C3 Dym<\/h2>\n<p>Kolba ma przezroczysty kolor z efektem dymu, a dzi\u0119ki b\u0142yszcz\u0105cej powierzchni ma jeszcze bardziej szykowny i ekskluzywny wygl\u0105d kolorystyczny. Nadaje si\u0119 do prawie wszystkich nowoczesnych fajek wodnych. Kraw\u0119d\u017a flakonu pomo\u017ce Ci wygodnie trzyma\u0107 fajk\u0119 wodn\u0105, tak aby nie wy\u015blizgn\u0119\u0142a si\u0119 z r\u0105k. Ten bidon jest pokryty wysokiej jako\u015bci farb\u0105, dzi\u0119ki kt\u00f3rej nawet po wielu u\u017cyciach b\u0119dzie wygl\u0105da\u0142 jak nowy przez d\u0142ugi czas. Ta kolba jest grubo\u015bcienna. Grube \u015bcianki zapewni\u0105 doskona\u0142\u0105 izolacj\u0119 akustyczn\u0105, co jest o tyle wa\u017cne przy paleniu bez dyfuzora.<\/p>\n<p><strong><span title=\"\">Specyfikacje:<\/span><\/strong><br \/>\nWysoko\u015b\u0107: 259 mm<br \/>\nWaga: ~ 1410 g<br \/>\n\u015arednica otworu zewn\u0119trznego: 73 mm<br \/>\n\u015arednica otworu wewn\u0119trznego: 45 mm<br \/>\nMateria\u0142 produktu: szk\u0142o<\/p>\n<p>Czy masz jakie\u015b pytania? Skontaktuj si\u0119 z nami\u00a0<a href=\"https:\/\/hookahshop.lt\/pl\/lacznosc\/\">strona z kontaktami<\/a>\u00a0lub napisz do nas na adres\u00a0<a href=\"https:\/\/facebook.com\/HookahShop.lt\/\" target=\"_blank\" rel=\"noopener noreferrer\">konto na Facebooku<\/a>\u00a0a my odpowiemy na Twoj\u0105 pro\u015bb\u0119 tego samego dnia.<\/p>","protected":false},"excerpt":{"rendered":"<p>Piersi\u00f3wka do fajki wodnej HookahTree C3 Smoke Kolba ma przezroczysty kolor z efektem dymu, a dzi\u0119ki b\u0142yszcz\u0105cej powierzchni ma jeszcze bardziej elegancki i ekskluzywny wygl\u0105d kolorystyczny. Pasuje do prawie wszystkich nowoczesnych fajek wodnych. Kraw\u0119d\u017a termosu u\u0142atwi wygodne trzymanie fajki wodnej, dzi\u0119ki czemu nie wy\u015blizgnie si\u0119 ona z r\u0105k. Ta kolba jest pokryta wysokiej jako\u015bci farb\u0105, kt\u00f3ra pomo\u017ce zachowa\u0107 jej wygl\u0105d [\u2026]<\/p>","protected":false},"featured_media":24873,"comment_status":"open","ping_status":"closed","template":"","meta":[],"_links":{"self":[{"href":"https:\/\/hookahshop.lt\/pl\/wp-json\/wp\/v2\/product\/24861"}],"collection":[{"href":"https:\/\/hookahshop.lt\/pl\/wp-json\/wp\/v2\/product"}],"about":[{"href":"https:\/\/hookahshop.lt\/pl\/wp-json\/wp\/v2\/types\/product"}],"replies":[{"embeddable":true,"href":"https:\/\/hookahshop.lt\/pl\/wp-json\/wp\/v2\/comments?post=24861"}],"version-history":[{"count":5,"href":"https:\/\/hookahshop.lt\/pl\/wp-json\/wp\/v2\/product\/24861\/revisions"}],"predecessor-version":[{"id":45140,"href":"https:\/\/hookahshop.lt\/pl\/wp-json\/wp\/v2\/product\/24861\/revisions\/45140"}],"wp:featuredmedia":[{"embeddable":true,"href":"https:\/\/hookahshop.lt\/pl\/wp-json\/wp\/v2\/media\/24873"}],"wp:attachment":[{"href":"https:\/\/hookahshop.lt\/pl\/wp-json\/wp\/v2\/media?parent=24861"}],"curies":[{"name":"wp","href":"https:\/\/api.w.org\/{rel}","templated":true}]}}