{"id":25049,"date":"2021-06-21T21:01:27","date_gmt":"2021-06-21T18:01:27","guid":{"rendered":"https:\/\/hookahshop.lt\/?post_type=product&#038;p=25049"},"modified":"2026-04-15T23:28:54","modified_gmt":"2026-04-15T20:28:54","slug":"kaljanas-nube-unique-volt-blue","status":"publish","type":"product","link":"https:\/\/hookahshop.lt\/pl\/produkt\/szisza-nube-unique-volt-blue\/","title":{"rendered":"Fajka wodna NUBE Unique Volt Blue"},"content":{"rendered":"<h2>Fajka wodna NUBE Unique Volt Blue<\/h2>\n<p>Fajka wykonana jest z drewna jesionowego i stali nierdzewnej AISI 321 z now\u0105 technologi\u0105 wydmuchiwania dymu. Fajka wodna wykorzystuje system wydmuchiwania dymu Cool Down zainstalowany w formie przycisku. Pozwala to kontrolowa\u0107 ciep\u0142o podczas u\u017cytkowania. Trzonek i ustnik wykonane w wyrafinowanym stylu, ozdobne wstawki z naturalnego drewna. Za pomoc\u0105 pr\u0105du elektrycznego (wypalaj\u0105cego tekstur\u0119 drewna) na wyko\u0144czenie drewna nak\u0142adany jest wz\u00f3r w kszta\u0142cie b\u0142yskawicy.<\/p>\n<p><strong>Charakterystyka:<\/strong><br \/>\nWaga fajki wodnej: oko\u0142o 1895 g.<br \/>\nWysoko\u015b\u0107 fajki wodnej: 530 mm.<br \/>\nTrzon: wysokoodporna stal nierdzewna AISI 321, mm 14D.<br \/>\nWyko\u0144czenie trzonka: drewno jesionowe.<br \/>\nUstnik: stal nierdzewna AISI 321 i drewno jesionowe.<br \/>\nD\u0142ugo\u015b\u0107 t\u0142umika: 310mm.<br \/>\nW\u0105\u017c: mi\u0119kki w dotyku.<br \/>\nD\u0142ugo\u015b\u0107 w\u0119\u017ca: 1500 mm.<\/p>\n<p>Czy masz jakie\u015b pytania? Skontaktuj si\u0119 z nami\u00a0<a href=\"https:\/\/hookahshop.lt\/pl\/lacznosc\/\">strona z kontaktami<\/a>\u00a0lub napisz do nas na adres\u00a0<a href=\"https:\/\/facebook.com\/HookahShop.lt\/\" target=\"_blank\" rel=\"noopener noreferrer\">konto na Facebooku<\/a>\u00a0a my odpowiemy na Twoj\u0105 pro\u015bb\u0119 tego samego dnia.<\/p>","protected":false},"excerpt":{"rendered":"<p>Hookah NUBE Unique Volt Blue Hookah jest wykonana z drewna jesionowego i stali nierdzewnej AISI 321 z now\u0105 technologi\u0105 odprowadzania dymu. W hookah zastosowano system odprowadzania dymu Cool Down, zaimplementowany w formie przycisku. Pozwala to kontrolowa\u0107 ciep\u0142o podczas u\u017cytkowania. Trzonek i ustnik s\u0105 wykonane w wyrafinowanym stylu, ozdobne wstawki s\u0105 wykonane z naturalnego drewna. Za pomoc\u0105 pr\u0105du elektrycznego (wypalanie tekstury drewna), [\u2026]<\/p>","protected":false},"featured_media":25050,"comment_status":"open","ping_status":"closed","template":"","meta":[],"_links":{"self":[{"href":"https:\/\/hookahshop.lt\/pl\/wp-json\/wp\/v2\/product\/25049"}],"collection":[{"href":"https:\/\/hookahshop.lt\/pl\/wp-json\/wp\/v2\/product"}],"about":[{"href":"https:\/\/hookahshop.lt\/pl\/wp-json\/wp\/v2\/types\/product"}],"replies":[{"embeddable":true,"href":"https:\/\/hookahshop.lt\/pl\/wp-json\/wp\/v2\/comments?post=25049"}],"version-history":[{"count":2,"href":"https:\/\/hookahshop.lt\/pl\/wp-json\/wp\/v2\/product\/25049\/revisions"}],"predecessor-version":[{"id":29661,"href":"https:\/\/hookahshop.lt\/pl\/wp-json\/wp\/v2\/product\/25049\/revisions\/29661"}],"wp:featuredmedia":[{"embeddable":true,"href":"https:\/\/hookahshop.lt\/pl\/wp-json\/wp\/v2\/media\/25050"}],"wp:attachment":[{"href":"https:\/\/hookahshop.lt\/pl\/wp-json\/wp\/v2\/media?parent=25049"}],"curies":[{"name":"wp","href":"https:\/\/api.w.org\/{rel}","templated":true}]}}