{"id":25068,"date":"2021-06-22T10:52:57","date_gmt":"2021-06-22T07:52:57","guid":{"rendered":"https:\/\/hookahshop.lt\/?post_type=product&#038;p=25068"},"modified":"2026-05-14T23:28:53","modified_gmt":"2026-05-14T20:28:53","slug":"kaljanas-hoob-mars-gold-mini","status":"publish","type":"product","link":"https:\/\/hookahshop.lt\/pl\/produkt\/fajka-hoob-mars-gold-mini\/","title":{"rendered":"Hookah HOOB Mars Gold Mini"},"content":{"rendered":"<h2>Hookah HOOB Mars Gold Mini<\/h2>\n<p>Fajka wodna Mini fajka wodna Hoob Mars Gold Mini zosta\u0142a zaprojektowana jako tradycyjna fajka wodna, wyprodukowana na nowoczesnych maszynach CNC.<br \/>\nKonstrukcja Hoob Mars Gold Mini to po\u0142\u0105czenie tradycyjnych okr\u0105g\u0142ych kszta\u0142t\u00f3w i najwy\u017cszej precyzji nowoczesnych technik rysunku 3D. Fajki wodne Hoob \u0142\u0105cz\u0105 w sobie najlepsze cechy klasycznych fajek wodnych i zalety zaawansowanej technologicznie produkcji.<br \/>\nPali jak tradycyjna fajka wodna, ale jednocze\u015bnie Hoob Mars Gold Mini poka\u017ce, jak technologia mo\u017ce dostosowa\u0107 dyfuzory, magnetyczne po\u0142\u0105czenia w\u0119\u017cy, aby da\u0107 fajce now\u0105 przyjemno\u015b\u0107 i komfort. Doskona\u0142y system przep\u0142ywu powietrza i oddymiania.<br \/>\n\u017badnych szkodliwych pow\u0142ok ani substancji, kt\u00f3re mog\u0105 Ci zaszkodzi\u0107. Dbamy o Twoje zdrowie i \u015brodowisko, dlatego u\u017cywamy tylko czystych materia\u0142\u00f3w i bez barwnik\u00f3w.<br \/>\nKa\u017cda fajka wodna przechodzi kontrol\u0119 jako\u015bci zanim trafi do klienta, dzi\u0119ki czemu mo\u017cemy zaoferowa\u0107 Pa\u0144stwu fajki wodne najwy\u017cszej jako\u015bci na rynku.<br \/>\nZestaw nie zawiera kolby.<\/p>\n<p>Hoob Mars Gold Mini <strong>specyfikacje<\/strong>:<br \/>\nTrzpie\u0144 ze stali nierdzewnej ze specjaln\u0105 z\u0142ot\u0105 pow\u0142ok\u0105 i anodowanym na z\u0142oto aluminium.<br \/>\nPo\u0142\u0105czenie masztu z podstaw\u0105 za pomoc\u0105 przelotki.<br \/>\nPort w\u0119\u017ca magnetycznego.<br \/>\nWysoko\u015b\u0107: 43 cm;<br \/>\nDolna cz\u0119\u015b\u0107: \u00d813mm;<br \/>\nZ\u0142\u0105czki do w\u0119\u017cy: \u00d810mm;<br \/>\nZaw\u00f3r wylotowy.<br \/>\nObudowa z w\u0142\u00f3kna w\u0119glowego ze stali nierdzewnej.<br \/>\nOpcjonalny regulowany dyfuzor.<\/p>\n<p><strong>Ekwipunek:<\/strong><br \/>\nTrzonek, p\u0142ytka, w\u0105\u017c, ustnik, uszczelki.<\/p>\n<p>Czy masz jakie\u015b pytania? Skontaktuj si\u0119 z nami\u00a0<a href=\"https:\/\/hookahshop.lt\/pl\/lacznosc\/\">strona z kontaktami<\/a>\u00a0lub napisz do nas na adres\u00a0<a href=\"https:\/\/facebook.com\/HookahShop.lt\/\" target=\"_blank\" rel=\"noopener noreferrer\">konto na Facebooku<\/a>\u00a0a my odpowiemy na Twoj\u0105 pro\u015bb\u0119 tego samego dnia.<\/p>","protected":false},"excerpt":{"rendered":"<p>Szisza HOOB Mars Gold Mini Szisza Hoob Mars Gold Mini zosta\u0142a zaprojektowana na wz\u00f3r tradycyjnej fajki wodnej, produkowana na nowoczesnych maszynach CNC. Konstrukcja Hoob Mars Gold Mini to po\u0142\u0105czenie tradycyjnych okr\u0105g\u0142ych kszta\u0142t\u00f3w i najwy\u017cszej precyzji nowoczesnych technik in\u017cynierii rysunku 3D. Fajki Hoob \u0142\u0105cz\u0105 w sobie najlepsze cechy klasycznych fajek wodnych z zaletami zaawansowanej technologii produkcji. Pali jak tradycyjna fajka wodna, ale [\u2026]<\/p>","protected":false},"featured_media":25076,"comment_status":"open","ping_status":"closed","template":"","meta":[],"_links":{"self":[{"href":"https:\/\/hookahshop.lt\/pl\/wp-json\/wp\/v2\/product\/25068"}],"collection":[{"href":"https:\/\/hookahshop.lt\/pl\/wp-json\/wp\/v2\/product"}],"about":[{"href":"https:\/\/hookahshop.lt\/pl\/wp-json\/wp\/v2\/types\/product"}],"replies":[{"embeddable":true,"href":"https:\/\/hookahshop.lt\/pl\/wp-json\/wp\/v2\/comments?post=25068"}],"version-history":[{"count":6,"href":"https:\/\/hookahshop.lt\/pl\/wp-json\/wp\/v2\/product\/25068\/revisions"}],"predecessor-version":[{"id":42092,"href":"https:\/\/hookahshop.lt\/pl\/wp-json\/wp\/v2\/product\/25068\/revisions\/42092"}],"wp:featuredmedia":[{"embeddable":true,"href":"https:\/\/hookahshop.lt\/pl\/wp-json\/wp\/v2\/media\/25076"}],"wp:attachment":[{"href":"https:\/\/hookahshop.lt\/pl\/wp-json\/wp\/v2\/media?parent=25068"}],"curies":[{"name":"wp","href":"https:\/\/api.w.org\/{rel}","templated":true}]}}