{"id":25122,"date":"2021-06-22T12:27:30","date_gmt":"2021-06-22T09:27:30","guid":{"rendered":"https:\/\/hookahshop.lt\/?post_type=product&#038;p=25122"},"modified":"2026-05-14T23:28:52","modified_gmt":"2026-05-14T20:28:52","slug":"kaljanas-hoob-go-gold","status":"publish","type":"product","link":"https:\/\/hookahshop.lt\/pl\/produkt\/fajka-hoob-go-zlota\/","title":{"rendered":"Hookah HOOB Go Gold"},"content":{"rendered":"<h2>Hookah HOOB Go Gold<\/h2>\n<p>Hoob Go to \u015bwietny wyb\u00f3r, je\u015bli dopiero zaczynasz przygod\u0119 ze sztuk\u0105 i kultur\u0105 fajki wodnej. Ta fajka wodna b\u0119dzie dobrze komponowa\u0107 si\u0119 z naszymi z\u0142otymi podstawami.<\/p>\n<p>Nieu\u017cywany plastik<br \/>\nWyko\u0144czenie karbonowe<br \/>\nOpcjonalnie regulowany przep\u0142yw powietrza<br \/>\nMagnetyczne z\u0142\u0105cze w\u0119\u017ca<br \/>\nWygodny i \u0142atwy w u\u017cyciu<\/p>\n<p><strong>Ekwipunek:<\/strong><br \/>\nWa\u0142<br \/>\nUstnik<br \/>\nJelito<br \/>\nTalerz<br \/>\nKolba nie jest do\u0142\u0105czona<\/p>\n<p>Czy masz jakie\u015b pytania? Skontaktuj si\u0119 z nami\u00a0<a href=\"https:\/\/hookahshop.lt\/pl\/lacznosc\/\">strona z kontaktami<\/a>\u00a0lub napisz do nas na adres\u00a0<a href=\"https:\/\/facebook.com\/HookahShop.lt\/\" target=\"_blank\" rel=\"noopener noreferrer\">konto na Facebooku<\/a>\u00a0a my odpowiemy na Twoj\u0105 pro\u015bb\u0119 tego samego dnia.<\/p>","protected":false},"excerpt":{"rendered":"<p>Hookah HOOB Go Gold Hoob Go to \u015bwietny wyb\u00f3r, je\u015bli dopiero zaczynasz przygod\u0119 ze sztuk\u0105 i kultur\u0105 fajki wodnej. Ta fajka wodna b\u0119dzie dobrze komponowa\u0107 si\u0119 z naszymi z\u0142otymi podstawami. Nieu\u017cywany plastik Wyko\u0144czenie karbonowe Opcjonalnie regulowany przep\u0142yw powietrza Magnetyczne z\u0142\u0105cze w\u0119\u017ca Wygodny i \u0142atwy w u\u017cyciu Kompletny zestaw: Trzon Ustnik P\u0142ytka na w\u0105\u017c Brak kolby w zestawie Masz pytania? Skontaktuj si\u0119 z nami na stronie kontaktowej lub napisz do nas [...]<\/p>","protected":false},"featured_media":25123,"comment_status":"open","ping_status":"closed","template":"","meta":[],"_links":{"self":[{"href":"https:\/\/hookahshop.lt\/pl\/wp-json\/wp\/v2\/product\/25122"}],"collection":[{"href":"https:\/\/hookahshop.lt\/pl\/wp-json\/wp\/v2\/product"}],"about":[{"href":"https:\/\/hookahshop.lt\/pl\/wp-json\/wp\/v2\/types\/product"}],"replies":[{"embeddable":true,"href":"https:\/\/hookahshop.lt\/pl\/wp-json\/wp\/v2\/comments?post=25122"}],"version-history":[{"count":3,"href":"https:\/\/hookahshop.lt\/pl\/wp-json\/wp\/v2\/product\/25122\/revisions"}],"predecessor-version":[{"id":42079,"href":"https:\/\/hookahshop.lt\/pl\/wp-json\/wp\/v2\/product\/25122\/revisions\/42079"}],"wp:featuredmedia":[{"embeddable":true,"href":"https:\/\/hookahshop.lt\/pl\/wp-json\/wp\/v2\/media\/25123"}],"wp:attachment":[{"href":"https:\/\/hookahshop.lt\/pl\/wp-json\/wp\/v2\/media?parent=25122"}],"curies":[{"name":"wp","href":"https:\/\/api.w.org\/{rel}","templated":true}]}}