{"id":25130,"date":"2021-06-22T12:31:01","date_gmt":"2021-06-22T09:31:01","guid":{"rendered":"https:\/\/hookahshop.lt\/?post_type=product&#038;p=25130"},"modified":"2026-04-14T23:28:50","modified_gmt":"2026-04-14T20:28:50","slug":"kaljanas-hoob-go-on-gold","status":"publish","type":"product","link":"https:\/\/hookahshop.lt\/pl\/produkt\/szisza-hoob-go-on-zloto\/","title":{"rendered":"Hookah HOOB Go On Gold"},"content":{"rendered":"<h2>Hookah HOOB Go On Gold<\/h2>\n<p>Hoob Go On to \u015bwietny wyb\u00f3r, je\u015bli dopiero zaczynasz interesowa\u0107 si\u0119 sztuk\u0105 i kultur\u0105 fajki wodnej. Ta fajka b\u0119dzie dobrze pasowa\u0107 do naszych z\u0142otych fundament\u00f3w.<\/p>\n<p>Nieu\u017cywany plastik<br \/>\nWyko\u0144czenie karbonowe<br \/>\nOpcjonalnie regulowany przep\u0142yw powietrza<br \/>\nMagnetyczne z\u0142\u0105cze w\u0119\u017ca<br \/>\nWygodny i \u0142atwy w u\u017cyciu<\/p>\n<p><strong>Ekwipunek:<\/strong><br \/>\nWa\u0142<br \/>\nUstnik<br \/>\nJelito<br \/>\nTalerz<br \/>\nKolba nie jest do\u0142\u0105czona<\/p>\n<p>Czy masz jakie\u015b pytania? Skontaktuj si\u0119 z nami\u00a0<a href=\"https:\/\/hookahshop.lt\/pl\/lacznosc\/\">strona z kontaktami<\/a>\u00a0lub napisz do nas na adres\u00a0<a href=\"https:\/\/facebook.com\/HookahShop.lt\/\" target=\"_blank\" rel=\"noopener noreferrer\">konto na Facebooku<\/a>\u00a0a my odpowiemy na Twoj\u0105 pro\u015bb\u0119 tego samego dnia.<\/p>","protected":false},"excerpt":{"rendered":"<p>HOOB Go On Gold Hookah HOOB Go On to \u015bwietny wyb\u00f3r, je\u015bli dopiero zaczynasz interesowa\u0107 si\u0119 sztuk\u0105 i kultur\u0105 fajek wodnych. Ta fajka wodna idealnie pasuje do naszych z\u0142otych podstaw. Wyko\u0144czenie z w\u0142\u00f3kna w\u0119glowego bez plastiku Opcjonalnie regulowany przep\u0142yw powietrza Magnetyczne przy\u0142\u0105cze w\u0119\u017ca Wygodny i \u0142atwy w u\u017cyciu Zawarto\u015b\u0107 opakowania: Trzonek Ustnik W\u0105\u017c Talerz Kolba nie jest do\u0142\u0105czona Masz jakie\u015b pytania? Skontaktuj si\u0119 z nami na stronie kontaktowej lub [\u2026]<\/p>","protected":false},"featured_media":25131,"comment_status":"open","ping_status":"closed","template":"","meta":[],"_links":{"self":[{"href":"https:\/\/hookahshop.lt\/pl\/wp-json\/wp\/v2\/product\/25130"}],"collection":[{"href":"https:\/\/hookahshop.lt\/pl\/wp-json\/wp\/v2\/product"}],"about":[{"href":"https:\/\/hookahshop.lt\/pl\/wp-json\/wp\/v2\/types\/product"}],"replies":[{"embeddable":true,"href":"https:\/\/hookahshop.lt\/pl\/wp-json\/wp\/v2\/comments?post=25130"}],"version-history":[{"count":3,"href":"https:\/\/hookahshop.lt\/pl\/wp-json\/wp\/v2\/product\/25130\/revisions"}],"predecessor-version":[{"id":42083,"href":"https:\/\/hookahshop.lt\/pl\/wp-json\/wp\/v2\/product\/25130\/revisions\/42083"}],"wp:featuredmedia":[{"embeddable":true,"href":"https:\/\/hookahshop.lt\/pl\/wp-json\/wp\/v2\/media\/25131"}],"wp:attachment":[{"href":"https:\/\/hookahshop.lt\/pl\/wp-json\/wp\/v2\/media?parent=25130"}],"curies":[{"name":"wp","href":"https:\/\/api.w.org\/{rel}","templated":true}]}}