{"id":25151,"date":"2021-06-22T18:06:30","date_gmt":"2021-06-22T15:06:30","guid":{"rendered":"https:\/\/hookahshop.lt\/?post_type=product&#038;p=25151"},"modified":"2026-04-14T23:28:52","modified_gmt":"2026-04-14T20:28:52","slug":"kaljanas-koress-k2-orchid","status":"publish","type":"product","link":"https:\/\/hookahshop.lt\/pl\/produkt\/fajka-koress-k2-orchidea\/","title":{"rendered":"Fajka wodna KORESS K2 Orchidea"},"content":{"rendered":"<h2>Fajka wodna KORESS K2 Orchidea<\/h2>\n<p>Stylowa fajka wodna o ekskluzywnym designie wykonana jest z wysokiej jako\u015bci materia\u0142\u00f3w. Unikaln\u0105 cech\u0105 fajki wodnej jest mo\u017cliwo\u015b\u0107 \u0142atwej regulacji dyfuzora i ci\u0105gu fajki podczas sesji.<\/p>\n<p><strong>Charakterystyka:<\/strong><br \/>\nWaga fajki wodnej: ~1,5 kg<br \/>\nMateria\u0142: stal nierdzewna AISI 304<br \/>\nWewn\u0119trzna cz\u0119\u015b\u0107 wa\u0142u: stal nierdzewna<br \/>\n\u015arednica: 13mm<br \/>\nWysoko\u015b\u0107: 64 cm<br \/>\nZdejmowany dyfuzor<br \/>\nPo\u0142\u0105czenie magnetyczne<br \/>\nKraj pochodzenia: Rosja<\/p>\n<p><strong>Ekwipunek:<\/strong><br \/>\nTrzonek, p\u0142ytka, w\u0105\u017c, ustnik, uszczelki.<\/p>\n<p>Czy masz jakie\u015b pytania? Skontaktuj si\u0119 z nami\u00a0<a href=\"https:\/\/hookahshop.lt\/pl\/lacznosc\/\">strona z kontaktami<\/a>\u00a0lub napisz do nas na adres\u00a0<a href=\"https:\/\/facebook.com\/HookahShop.lt\/\" target=\"_blank\" rel=\"noopener\">konto na Facebooku<\/a>\u00a0a my odpowiemy na Twoj\u0105 pro\u015bb\u0119 tego samego dnia.<\/p>","protected":false},"excerpt":{"rendered":"<p>Fajka wodna KORESS K2 Orchid Stylowa, unikalnie zaprojektowana fajka wodna wykonana z wysokiej jako\u015bci materia\u0142\u00f3w. Cech\u0105 charakterystyczn\u0105 fajki wodnej jest mo\u017cliwo\u015b\u0107 \u0142atwej regulacji dyfuzora i ci\u0105gu podczas sesji. Charakterystyka: Waga fajki wodnej: ~1,5 kg Materia\u0142: stal nierdzewna AISI 304 Trzonek wewn\u0119trzny: stal nierdzewna \u015arednica: 13 mm Wysoko\u015b\u0107: 64 cm Wyjmowany dyfuzor Po\u0142\u0105czenie magnetyczne Kraj pochodzenia: Rosja Kompletny zestaw: Trzonek, talerz, [\u2026]<\/p>","protected":false},"featured_media":25153,"comment_status":"open","ping_status":"closed","template":"","meta":[],"_links":{"self":[{"href":"https:\/\/hookahshop.lt\/pl\/wp-json\/wp\/v2\/product\/25151"}],"collection":[{"href":"https:\/\/hookahshop.lt\/pl\/wp-json\/wp\/v2\/product"}],"about":[{"href":"https:\/\/hookahshop.lt\/pl\/wp-json\/wp\/v2\/types\/product"}],"replies":[{"embeddable":true,"href":"https:\/\/hookahshop.lt\/pl\/wp-json\/wp\/v2\/comments?post=25151"}],"version-history":[{"count":3,"href":"https:\/\/hookahshop.lt\/pl\/wp-json\/wp\/v2\/product\/25151\/revisions"}],"predecessor-version":[{"id":35268,"href":"https:\/\/hookahshop.lt\/pl\/wp-json\/wp\/v2\/product\/25151\/revisions\/35268"}],"wp:featuredmedia":[{"embeddable":true,"href":"https:\/\/hookahshop.lt\/pl\/wp-json\/wp\/v2\/media\/25153"}],"wp:attachment":[{"href":"https:\/\/hookahshop.lt\/pl\/wp-json\/wp\/v2\/media?parent=25151"}],"curies":[{"name":"wp","href":"https:\/\/api.w.org\/{rel}","templated":true}]}}