{"id":25251,"date":"2021-06-23T15:27:11","date_gmt":"2021-06-23T12:27:11","guid":{"rendered":"https:\/\/hookahshop.lt\/?post_type=product&#038;p=25251"},"modified":"2026-05-14T23:28:52","modified_gmt":"2026-05-14T20:28:52","slug":"kaljanas-hoob-flex","status":"publish","type":"product","link":"https:\/\/hookahshop.lt\/pl\/produkt\/fajka-hoob-flex\/","title":{"rendered":"Szisza HOOB Flex"},"content":{"rendered":"<h2>Szisza HOOB Flex<\/h2>\n<p>Fajka wodna zosta\u0142a zaprojektowana na wz\u00f3r tradycyjnej fajki wodnej, produkowanej na nowoczesnych maszynach CNC. Konstrukcja fajki wodnej to po\u0142\u0105czenie tradycyjnych okr\u0105g\u0142ych kszta\u0142t\u00f3w i najwy\u017cszej precyzji nowoczesnych metod in\u017cynierii rysunku 3D. Fajki Hoob \u0142\u0105cz\u0105 w sobie najlepsze cechy klasycznych fajek wodnych z zaletami zaawansowanej technologii produkcji. Pali jak tradycyjna fajka wodna, ale jednocze\u015bnie Hoob Flex poka\u017ce, jak technologia mo\u017ce dostosowa\u0107 dyfuzory, magnetyczne z\u0142\u0105cza w\u0119\u017cy, tak aby fajka wodna do\u015bwiadczy\u0142a nowej przyjemno\u015bci i komfortu. Doskona\u0142y system przep\u0142ywu powietrza i usuwania dymu. \u017badnych szkodliwych pow\u0142ok i substancji, kt\u00f3re mog\u0105 Ci zaszkodzi\u0107. Dbamy o Twoje zdrowie i \u015brodowisko, dlatego u\u017cywamy wy\u0142\u0105cznie czystych materia\u0142\u00f3w i bez barwnik\u00f3w. Ka\u017cda fajka wodna zanim trafi do klienta przechodzi kontrol\u0119 jako\u015bci, dzi\u0119ki czemu mo\u017cemy zaoferowa\u0107 Pa\u0144stwu fajki wodne najwy\u017cszej jako\u015bci na rynku. Zestaw nie zawiera kolby.<\/p>\n<p><strong>Specyfikacje<\/strong>:<br \/>\nTrzpie\u0144 ze stali nierdzewnej z anodowanym aluminium.<br \/>\nPo\u0142\u0105czenie masztu z podstaw\u0105 za pomoc\u0105 przelotki.<br \/>\nMagnetyczne z\u0142\u0105cze w\u0119\u017ca.<br \/>\nWysoko\u015b\u0107: 70 cm;<br \/>\nDolna cz\u0119\u015b\u0107: \u00d813mm;<br \/>\nZ\u0142\u0105czki do w\u0119\u017cy: \u00d810mm;<br \/>\nZaw\u00f3r wylotowy.<br \/>\nObudowa z w\u0142\u00f3kna w\u0119glowego ze stali nierdzewnej.<br \/>\nOpcjonalny regulowany dyfuzor.<\/p>\n<p><strong>Ekwipunek:<\/strong><br \/>\nTrzonek, p\u0142ytka, w\u0105\u017c, ustnik, uszczelki.<\/p>\n<p>Czy masz jakie\u015b pytania? Skontaktuj si\u0119 z nami\u00a0<a href=\"https:\/\/hookahshop.lt\/pl\/lacznosc\/\">strona z kontaktami<\/a>\u00a0lub napisz do nas na adres\u00a0<a href=\"https:\/\/facebook.com\/HookahShop.lt\/\" target=\"_blank\" rel=\"noopener noreferrer\">konto na Facebooku<\/a>\u00a0a my odpowiemy na Twoj\u0105 pro\u015bb\u0119 tego samego dnia.<\/p>","protected":false},"excerpt":{"rendered":"<p>Szisza HOOB Flex Hookah zosta\u0142a zaprojektowana na wz\u00f3r tradycyjnej fajki wodnej, produkowana na nowoczesnych maszynach CNC. Konstrukcja fajki wodnej to po\u0142\u0105czenie tradycyjnych okr\u0105g\u0142ych kszta\u0142t\u00f3w i najwy\u017cszej precyzji nowoczesnych metod in\u017cynierii rysunku 3D. Fajki Hoob \u0142\u0105cz\u0105 w sobie najlepsze cechy klasycznych fajek wodnych z zaletami zaawansowanej technologii produkcji. Pali jak tradycyjna fajka wodna, ale jednocze\u015bnie Hoob Flex poka\u017ce, jak technologia mo\u017ce [\u2026]<\/p>","protected":false},"featured_media":25252,"comment_status":"open","ping_status":"closed","template":"","meta":[],"_links":{"self":[{"href":"https:\/\/hookahshop.lt\/pl\/wp-json\/wp\/v2\/product\/25251"}],"collection":[{"href":"https:\/\/hookahshop.lt\/pl\/wp-json\/wp\/v2\/product"}],"about":[{"href":"https:\/\/hookahshop.lt\/pl\/wp-json\/wp\/v2\/types\/product"}],"replies":[{"embeddable":true,"href":"https:\/\/hookahshop.lt\/pl\/wp-json\/wp\/v2\/comments?post=25251"}],"version-history":[{"count":6,"href":"https:\/\/hookahshop.lt\/pl\/wp-json\/wp\/v2\/product\/25251\/revisions"}],"predecessor-version":[{"id":42074,"href":"https:\/\/hookahshop.lt\/pl\/wp-json\/wp\/v2\/product\/25251\/revisions\/42074"}],"wp:featuredmedia":[{"embeddable":true,"href":"https:\/\/hookahshop.lt\/pl\/wp-json\/wp\/v2\/media\/25252"}],"wp:attachment":[{"href":"https:\/\/hookahshop.lt\/pl\/wp-json\/wp\/v2\/media?parent=25251"}],"curies":[{"name":"wp","href":"https:\/\/api.w.org\/{rel}","templated":true}]}}