{"id":25254,"date":"2021-06-23T15:29:21","date_gmt":"2021-06-23T12:29:21","guid":{"rendered":"https:\/\/hookahshop.lt\/?post_type=product&#038;p=25254"},"modified":"2026-04-17T16:32:57","modified_gmt":"2026-04-17T13:32:57","slug":"kaljanas-hoob-globe","status":"publish","type":"product","link":"https:\/\/hookahshop.lt\/pl\/produkt\/fajka-hoob-kula\/","title":{"rendered":"Szisza HOOB Kula ziemska"},"content":{"rendered":"<h2>Szisza HOOB Kula ziemska<\/h2>\n<p>Fajka wodna \u201eHoob Globe\u201d powsta\u0142a jako tradycyjna szisza, wyprodukowana na nowoczesnych maszynach CNC.<br \/>\nProjekt Hoob Globe to po\u0142\u0105czenie tradycyjnych okr\u0105g\u0142ych kszta\u0142t\u00f3w i najwy\u017cszej precyzji nowoczesnych technik rysunkowych 3D. Fajki wodne Hoob \u0142\u0105cz\u0105 w sobie najlepsze cechy klasycznych fajek wodnych i zalety zaawansowanej technologicznie produkcji.<br \/>\nPali jak tradycyjna fajka wodna, ale jednocze\u015bnie Hoob Globe poka\u017ce, jak technologia mo\u017ce dostosowa\u0107 dyfuzory, magnetyczne po\u0142\u0105czenia w\u0119\u017cy, aby da\u0107 fajce now\u0105 przyjemno\u015b\u0107 i komfort. Doskona\u0142y system przep\u0142ywu powietrza i oddymiania.<br \/>\n\u017badnych szkodliwych pow\u0142ok ani substancji, kt\u00f3re mog\u0105 Ci zaszkodzi\u0107. Dbamy o Twoje zdrowie i \u015brodowisko, dlatego u\u017cywamy tylko czystych materia\u0142\u00f3w i bez barwnik\u00f3w.<br \/>\nKa\u017cda fajka wodna przechodzi kontrol\u0119 jako\u015bci zanim trafi do klienta, dzi\u0119ki czemu mo\u017cemy zaoferowa\u0107 Pa\u0144stwu fajki wodne najwy\u017cszej jako\u015bci na rynku.<br \/>\nZestaw nie zawiera kolby.<\/p>\n<p><strong>Specyfikacje<\/strong>:<br \/>\nTrzpie\u0144 ze stali nierdzewnej z anodowanym aluminium.<br \/>\nPo\u0142\u0105czenie masztu z podstaw\u0105 za pomoc\u0105 przelotki.<br \/>\nPort w\u0119\u017ca magnetycznego.<br \/>\nWysoko\u015b\u0107: 70 cm;<br \/>\nDolna cz\u0119\u015b\u0107: \u00d813mm;<br \/>\nZ\u0142\u0105czki do w\u0119\u017cy: \u00d810mm;<br \/>\nZaw\u00f3r wylotowy.<br \/>\nObudowa z w\u0142\u00f3kna w\u0119glowego ze stali nierdzewnej.<br \/>\nOpcjonalny regulowany dyfuzor.<\/p>\n<p><strong>Ekwipunek:<\/strong><br \/>\nTrzonek, p\u0142ytka, w\u0105\u017c, ustnik, uszczelki.<\/p>\n<p>Czy masz jakie\u015b pytania? Skontaktuj si\u0119 z nami\u00a0<a href=\"https:\/\/hookahshop.lt\/pl\/lacznosc\/\">strona z kontaktami<\/a>\u00a0lub napisz do nas na adres\u00a0<a href=\"https:\/\/facebook.com\/HookahShop.lt\/\" target=\"_blank\" rel=\"noopener noreferrer\">konto na Facebooku<\/a>\u00a0a my odpowiemy na Twoj\u0105 pro\u015bb\u0119 tego samego dnia.<\/p>","protected":false},"excerpt":{"rendered":"<p>Hookah HOOB Globe Hookah Hoob Globe zosta\u0142a stworzona jako tradycyjna fajka wodna, produkowana na nowoczesnych maszynach CNC. Projekt Hoob Globe to po\u0142\u0105czenie tradycyjnych okr\u0105g\u0142ych kszta\u0142t\u00f3w i najwy\u017cszej precyzji nowoczesnych metod in\u017cynierii rysunku 3D. Fajki wodne Hoob \u0142\u0105cz\u0105 najlepsze cechy klasycznych fajek wodnych i zalety produkcji high-tech. Pali si\u0119 jak tradycyjna fajka wodna, ale jednocze\u015bnie Hoob Globe poka\u017ce Ci, [\u2026]<\/p>","protected":false},"featured_media":25256,"comment_status":"open","ping_status":"closed","template":"","meta":[],"_links":{"self":[{"href":"https:\/\/hookahshop.lt\/pl\/wp-json\/wp\/v2\/product\/25254"}],"collection":[{"href":"https:\/\/hookahshop.lt\/pl\/wp-json\/wp\/v2\/product"}],"about":[{"href":"https:\/\/hookahshop.lt\/pl\/wp-json\/wp\/v2\/types\/product"}],"replies":[{"embeddable":true,"href":"https:\/\/hookahshop.lt\/pl\/wp-json\/wp\/v2\/comments?post=25254"}],"version-history":[{"count":3,"href":"https:\/\/hookahshop.lt\/pl\/wp-json\/wp\/v2\/product\/25254\/revisions"}],"predecessor-version":[{"id":42073,"href":"https:\/\/hookahshop.lt\/pl\/wp-json\/wp\/v2\/product\/25254\/revisions\/42073"}],"wp:featuredmedia":[{"embeddable":true,"href":"https:\/\/hookahshop.lt\/pl\/wp-json\/wp\/v2\/media\/25256"}],"wp:attachment":[{"href":"https:\/\/hookahshop.lt\/pl\/wp-json\/wp\/v2\/media?parent=25254"}],"curies":[{"name":"wp","href":"https:\/\/api.w.org\/{rel}","templated":true}]}}