{"id":25262,"date":"2021-06-23T15:33:42","date_gmt":"2021-06-23T12:33:42","guid":{"rendered":"https:\/\/hookahshop.lt\/?post_type=product&#038;p=25262"},"modified":"2026-04-24T23:28:54","modified_gmt":"2026-04-24T20:28:54","slug":"kaljanas-hoob-rig","status":"publish","type":"product","link":"https:\/\/hookahshop.lt\/pl\/produkt\/fajka-hoob-rig\/","title":{"rendered":"Szisza HOOB Rig"},"content":{"rendered":"<h2>Szisza HOOB Rig<\/h2>\n<p>Fajka wodna zosta\u0142a zaprojektowana na wz\u00f3r tradycyjnej fajki wodnej, produkowanej na nowoczesnych maszynach CNC.<br \/>\nKonstrukcja Hoob Rig to po\u0142\u0105czenie tradycyjnych okr\u0105g\u0142ych kszta\u0142t\u00f3w i najwy\u017cszej precyzji nowoczesnych technik in\u017cynierii rysunku 3D. Fajki Hoob \u0142\u0105cz\u0105 w sobie najlepsze cechy klasycznych fajek wodnych z zaletami zaawansowanej technologii produkcji.<br \/>\nPali jak tradycyjna fajka wodna, ale jednocze\u015bnie Hoob Rig poka\u017ce, jak technologia mo\u017ce dostosowa\u0107 dyfuzory i magnetyczne z\u0142\u0105cza w\u0119\u017cy, aby fajka wodna sta\u0142a si\u0119 now\u0105 przyjemno\u015bci\u0105 i komfortem. Doskona\u0142y przep\u0142yw powietrza i system odprowadzania dymu.<br \/>\n\u017badnych szkodliwych pow\u0142ok ani substancji, kt\u00f3re mog\u0105 Ci zaszkodzi\u0107. Dbamy o Twoje zdrowie i \u015brodowisko, dlatego u\u017cywamy tylko czystych materia\u0142\u00f3w i bez barwnik\u00f3w.<br \/>\nZestaw nie zawiera kolby.<\/p>\n<p><strong>Specyfikacje<\/strong>:<br \/>\nTrzpie\u0144 ze stali nierdzewnej z anodowanym aluminium.<br \/>\nPo\u0142\u0105czenie masztu z podstaw\u0105 za pomoc\u0105 przelotki.<br \/>\nPort w\u0119\u017ca magnetycznego.<br \/>\nWysoko\u015b\u0107: 70 cm;<br \/>\nDolna cz\u0119\u015b\u0107: \u00d813mm;<br \/>\nZ\u0142\u0105czki do w\u0119\u017cy: \u00d810mm;<br \/>\nZaw\u00f3r wylotowy.<br \/>\nObudowa z w\u0142\u00f3kna w\u0119glowego ze stali nierdzewnej.<br \/>\nOpcjonalny regulowany dyfuzor.<\/p>\n<p><strong>Ekwipunek:<\/strong><br \/>\nTrzonek, p\u0142ytka, w\u0105\u017c, ustnik, uszczelki.<\/p>\n<p>Czy masz jakie\u015b pytania? Skontaktuj si\u0119 z nami\u00a0<a href=\"https:\/\/hookahshop.lt\/pl\/lacznosc\/\">strona z kontaktami<\/a>\u00a0lub napisz do nas na adres\u00a0<a href=\"https:\/\/facebook.com\/HookahShop.lt\/\" target=\"_blank\" rel=\"noopener noreferrer\">konto na Facebooku<\/a>\u00a0a my odpowiemy na Twoj\u0105 pro\u015bb\u0119 tego samego dnia.<\/p>","protected":false},"excerpt":{"rendered":"<p>Hookah HOOB Rig Hookah zosta\u0142a zaprojektowana na wz\u00f3r tradycyjnej fajki wodnej, produkowanej na nowoczesnych maszynach CNC. Konstrukcja Hoob Rig to po\u0142\u0105czenie tradycyjnych okr\u0105g\u0142ych kszta\u0142t\u00f3w i najwy\u017cszej precyzji nowoczesnych technik in\u017cynierii rysunku 3D. Fajki Hoob \u0142\u0105cz\u0105 w sobie najlepsze cechy klasycznych fajek wodnych z zaletami zaawansowanej technologii produkcji. Pali jak tradycyjna fajka wodna, ale jednocze\u015bnie Hoob Rig poka\u017ce, jak technologia [\u2026]<\/p>","protected":false},"featured_media":25267,"comment_status":"open","ping_status":"closed","template":"","meta":[],"_links":{"self":[{"href":"https:\/\/hookahshop.lt\/pl\/wp-json\/wp\/v2\/product\/25262"}],"collection":[{"href":"https:\/\/hookahshop.lt\/pl\/wp-json\/wp\/v2\/product"}],"about":[{"href":"https:\/\/hookahshop.lt\/pl\/wp-json\/wp\/v2\/types\/product"}],"replies":[{"embeddable":true,"href":"https:\/\/hookahshop.lt\/pl\/wp-json\/wp\/v2\/comments?post=25262"}],"version-history":[{"count":5,"href":"https:\/\/hookahshop.lt\/pl\/wp-json\/wp\/v2\/product\/25262\/revisions"}],"predecessor-version":[{"id":42088,"href":"https:\/\/hookahshop.lt\/pl\/wp-json\/wp\/v2\/product\/25262\/revisions\/42088"}],"wp:featuredmedia":[{"embeddable":true,"href":"https:\/\/hookahshop.lt\/pl\/wp-json\/wp\/v2\/media\/25267"}],"wp:attachment":[{"href":"https:\/\/hookahshop.lt\/pl\/wp-json\/wp\/v2\/media?parent=25262"}],"curies":[{"name":"wp","href":"https:\/\/api.w.org\/{rel}","templated":true}]}}