{"id":25272,"date":"2021-06-23T15:46:32","date_gmt":"2021-06-23T12:46:32","guid":{"rendered":"https:\/\/hookahshop.lt\/?post_type=product&#038;p=25272"},"modified":"2026-05-14T23:28:53","modified_gmt":"2026-05-14T20:28:53","slug":"kaljanas-hoob-mars-black","status":"publish","type":"product","link":"https:\/\/hookahshop.lt\/pl\/produkt\/fajka-hoob-mars-czarny\/","title":{"rendered":"Fajka wodna HOOB Mars Czarna"},"content":{"rendered":"<h2>Fajka wodna HOOB Mars Czarna<\/h2>\n<p>Ta fajka wodna to \u015bwietny wyb\u00f3r, je\u015bli dopiero zaczynasz swoj\u0105 przygod\u0119 ze sztuk\u0105 i kultur\u0105 fajki wodnej.<\/p>\n<p>Nieu\u017cywany plastik<br \/>\nWyko\u0144czenie karbonowe<br \/>\nOpcjonalnie regulowany przep\u0142yw powietrza<br \/>\nMagnetyczne z\u0142\u0105cze w\u0119\u017ca<br \/>\nWygodny i \u0142atwy w u\u017cyciu<\/p>\n<p><strong>Ekwipunek:<\/strong><br \/>\nWa\u0142<br \/>\nTalerz<br \/>\nJelito<br \/>\nUstnik<\/p>\n<p><img decoding=\"async\" loading=\"lazy\" class=\"alignnone size-medium wp-image-38521\" src=\"https:\/\/hookahshop.lt\/wp-content\/uploads\/2020\/09\/stiebas-zarna-kandiklis-1-300x273.jpg\" alt=\"- hookahshop.lt\" width=\"300\" height=\"273\" srcset=\"https:\/\/hookahshop.lt\/wp-content\/uploads\/2020\/09\/stiebas-zarna-kandiklis-1-300x273.jpg 300w, https:\/\/hookahshop.lt\/wp-content\/uploads\/2020\/09\/stiebas-zarna-kandiklis-1-13x12.jpg 13w, https:\/\/hookahshop.lt\/wp-content\/uploads\/2020\/09\/stiebas-zarna-kandiklis-1-64x58.jpg 64w, https:\/\/hookahshop.lt\/wp-content\/uploads\/2020\/09\/stiebas-zarna-kandiklis-1.jpg 420w\" sizes=\"(max-width: 300px) 100vw, 300px\" title=\"\"><\/p>\n<p>Czy masz jakie\u015b pytania? Skontaktuj si\u0119 z nami\u00a0<a href=\"https:\/\/hookahshop.lt\/pl\/lacznosc\/\">strona z kontaktami<\/a>\u00a0lub napisz do nas na adres\u00a0<a href=\"https:\/\/facebook.com\/HookahShop.lt\/\" target=\"_blank\" rel=\"noopener noreferrer\">konto na Facebooku<\/a>\u00a0a my odpowiemy na Twoj\u0105 pro\u015bb\u0119 tego samego dnia.<\/p>","protected":false},"excerpt":{"rendered":"<p>Szisza HOOB Mars Black Ta szisza to doskona\u0142y wyb\u00f3r, je\u015bli dopiero zaczynasz interesowa\u0107 si\u0119 sztuk\u0105 i kultur\u0105 fajek wodnych. Wyko\u0144czenie z w\u0142\u00f3kna w\u0119glowego bez plastiku. Opcjonalnie regulowany przep\u0142yw powietrza. Magnetyczne przy\u0142\u0105cze w\u0119\u017ca. Wygodna i \u0142atwa w u\u017cyciu. Zawarto\u015b\u0107 opakowania: P\u0142ytka z trzonkiem. W\u0105\u017c. Ustnik. Masz pytania? Skontaktuj si\u0119 z nami za po\u015brednictwem strony kontaktowej lub napisz do nas na Facebooku, a odpowiemy tego samego dnia.<\/p>","protected":false},"featured_media":25274,"comment_status":"open","ping_status":"closed","template":"","meta":[],"_links":{"self":[{"href":"https:\/\/hookahshop.lt\/pl\/wp-json\/wp\/v2\/product\/25272"}],"collection":[{"href":"https:\/\/hookahshop.lt\/pl\/wp-json\/wp\/v2\/product"}],"about":[{"href":"https:\/\/hookahshop.lt\/pl\/wp-json\/wp\/v2\/types\/product"}],"replies":[{"embeddable":true,"href":"https:\/\/hookahshop.lt\/pl\/wp-json\/wp\/v2\/comments?post=25272"}],"version-history":[{"count":6,"href":"https:\/\/hookahshop.lt\/pl\/wp-json\/wp\/v2\/product\/25272\/revisions"}],"predecessor-version":[{"id":42326,"href":"https:\/\/hookahshop.lt\/pl\/wp-json\/wp\/v2\/product\/25272\/revisions\/42326"}],"wp:featuredmedia":[{"embeddable":true,"href":"https:\/\/hookahshop.lt\/pl\/wp-json\/wp\/v2\/media\/25274"}],"wp:attachment":[{"href":"https:\/\/hookahshop.lt\/pl\/wp-json\/wp\/v2\/media?parent=25272"}],"curies":[{"name":"wp","href":"https:\/\/api.w.org\/{rel}","templated":true}]}}