{"id":25290,"date":"2021-06-23T15:53:35","date_gmt":"2021-06-23T12:53:35","guid":{"rendered":"https:\/\/hookahshop.lt\/?post_type=product&#038;p=25290"},"modified":"2026-05-14T23:28:53","modified_gmt":"2026-05-14T20:28:53","slug":"kaljanas-hoob-nula","status":"publish","type":"product","link":"https:\/\/hookahshop.lt\/pl\/produkt\/fajka-hoob-nula\/","title":{"rendered":"Hookah HOOB Zero"},"content":{"rendered":"<h2>Hookah HOOB Zero<\/h2>\n<p>Hoob Nula to \u015bwietny wyb\u00f3r, je\u015bli dopiero zaczynasz przygod\u0119 ze sztuk\u0105 i kultur\u0105 fajki wodnej.<\/p>\n<p>Nieu\u017cywany plastik<br \/>\nWyko\u0144czenie karbonowe<br \/>\nOpcjonalnie regulowany przep\u0142yw powietrza<br \/>\nMagnetyczne z\u0142\u0105cze w\u0119\u017ca<br \/>\nWygodny i \u0142atwy w u\u017cyciu<\/p>\n<p><strong>Ekwipunek:<\/strong><br \/>\nWa\u0142<br \/>\nUstnik<br \/>\nJelito<br \/>\nTalerz<br \/>\nKolba nie jest do\u0142\u0105czona<\/p>\n<p>Czy masz jakie\u015b pytania? Skontaktuj si\u0119 z nami\u00a0<a href=\"https:\/\/hookahshop.lt\/pl\/lacznosc\/\">strona z kontaktami<\/a>\u00a0lub napisz do nas na adres\u00a0<a href=\"https:\/\/facebook.com\/HookahShop.lt\/\" target=\"_blank\" rel=\"noopener noreferrer\">konto na Facebooku<\/a>\u00a0a my odpowiemy na Twoj\u0105 pro\u015bb\u0119 tego samego dnia.<\/p>","protected":false},"excerpt":{"rendered":"<p>Hookah HOOB Nula \u201eHoob Nula\u201d to \u015bwietny wyb\u00f3r, je\u015bli dopiero zaczynasz interesowa\u0107 si\u0119 sztuk\u0105 i kultur\u0105 fajek wodnych. Bez plastiku, wyko\u0144czenie w\u0119glowe Opcjonalnie regulowany przep\u0142yw powietrza Magnetyczne przy\u0142\u0105cze w\u0119\u017ca Wygodny i \u0142atwy w u\u017cyciu Zawarto\u015b\u0107 opakowania: Trzonek Ustnik W\u0105\u017c Talerz Kolba nie jest do\u0142\u0105czona Masz jakie\u015b pytania? Skontaktuj si\u0119 z nami na stronie kontaktowej lub napisz do nas na Facebooku, a my odpowiemy na Twoje zapytanie w tym samym [\u2026]<\/p>","protected":false},"featured_media":25292,"comment_status":"open","ping_status":"closed","template":"","meta":[],"_links":{"self":[{"href":"https:\/\/hookahshop.lt\/pl\/wp-json\/wp\/v2\/product\/25290"}],"collection":[{"href":"https:\/\/hookahshop.lt\/pl\/wp-json\/wp\/v2\/product"}],"about":[{"href":"https:\/\/hookahshop.lt\/pl\/wp-json\/wp\/v2\/types\/product"}],"replies":[{"embeddable":true,"href":"https:\/\/hookahshop.lt\/pl\/wp-json\/wp\/v2\/comments?post=25290"}],"version-history":[{"count":2,"href":"https:\/\/hookahshop.lt\/pl\/wp-json\/wp\/v2\/product\/25290\/revisions"}],"predecessor-version":[{"id":26975,"href":"https:\/\/hookahshop.lt\/pl\/wp-json\/wp\/v2\/product\/25290\/revisions\/26975"}],"wp:featuredmedia":[{"embeddable":true,"href":"https:\/\/hookahshop.lt\/pl\/wp-json\/wp\/v2\/media\/25292"}],"wp:attachment":[{"href":"https:\/\/hookahshop.lt\/pl\/wp-json\/wp\/v2\/media?parent=25290"}],"curies":[{"name":"wp","href":"https:\/\/api.w.org\/{rel}","templated":true}]}}