{"id":25303,"date":"2021-06-23T16:13:29","date_gmt":"2021-06-23T13:13:29","guid":{"rendered":"https:\/\/hookahshop.lt\/?post_type=product&#038;p=25303"},"modified":"2026-04-14T23:28:49","modified_gmt":"2026-04-14T20:28:49","slug":"kaljanas-hoob-cyber-g30","status":"publish","type":"product","link":"https:\/\/hookahshop.lt\/pl\/produkt\/szisza-hoob-cyber-g30\/","title":{"rendered":"Hookah HOOB Cyber G30"},"content":{"rendered":"<h2>Hookah HOOB Cyber G30<\/h2>\n<p>Fajki Hoob \u0142\u0105cz\u0105 w sobie najlepsze cechy klasycznych fajek wodnych z zaletami zaawansowanej technologii produkcji.<br \/>\nB30 - Litera B oznacza\u00a0<em>zielony<\/em> \u2013 kolor zielony, a liczba to wysoko\u015b\u0107 fajki wodnej w centymetrach.<br \/>\nPali jak tradycyjna fajka wodna, ale jednocze\u015bnie Hoob Cyber G30 poka\u017ce, jak technologia mo\u017ce dostosowa\u0107 dyfuzory i magnetyczne z\u0142\u0105cza w\u0119\u017cy, aby fajka wodna sta\u0142a si\u0119 now\u0105 przyjemno\u015bci\u0105 i komfortem. Doskona\u0142y przep\u0142yw powietrza i system odprowadzania dymu.<br \/>\n\u017badnych szkodliwych pow\u0142ok ani substancji, kt\u00f3re mog\u0105 Ci zaszkodzi\u0107. Dbamy o Twoje zdrowie i \u015brodowisko, dlatego u\u017cywamy tylko czystych materia\u0142\u00f3w i bez barwnik\u00f3w.<br \/>\nKa\u017cda fajka wodna przechodzi kontrol\u0119 jako\u015bci zanim trafi do klienta, dzi\u0119ki czemu mo\u017cemy zaoferowa\u0107 Pa\u0144stwu fajki wodne najwy\u017cszej jako\u015bci na rynku.<\/p>\n<p><strong>Specyfikacje<\/strong>:<br \/>\nTrzpie\u0144 ze stali nierdzewnej z anodowanym aluminium.<br \/>\nPo\u0142\u0105czenie masztu z podstaw\u0105 za pomoc\u0105 przelotki.<br \/>\nPort w\u0119\u017ca magnetycznego.<br \/>\nWysoko\u015b\u0107: 30cm;<br \/>\nCz\u0119\u015b\u0107 dolna: \u00d815mm;<br \/>\nZ\u0142\u0105czki do w\u0119\u017cy: \u00d810mm;<br \/>\nZaw\u00f3r wylotowy.<br \/>\nObudowa z w\u0142\u00f3kna w\u0119glowego ze stali nierdzewnej.<br \/>\nOpcjonalny regulowany dyfuzor.<\/p>\n<p><strong>Ekwipunek:<\/strong><br \/>\nTrzonek, p\u0142ytka, w\u0105\u017c, ustnik, uszczelki.<\/p>\n<p>Czy masz jakie\u015b pytania? Skontaktuj si\u0119 z nami\u00a0<a href=\"https:\/\/hookahshop.lt\/pl\/lacznosc\/\">strona z kontaktami<\/a>\u00a0lub napisz do nas na adres\u00a0<a href=\"https:\/\/facebook.com\/HookahShop.lt\/\" target=\"_blank\" rel=\"noopener noreferrer\">konto na Facebooku<\/a>\u00a0a my odpowiemy na Twoj\u0105 pro\u015bb\u0119 tego samego dnia.<\/p>","protected":false},"excerpt":{"rendered":"<p>Szisza wodna HOOB Cyber G30 \u201eHoob\u201d \u0142\u0105czy w sobie najlepsze cechy klasycznych fajek wodnych i zalety zaawansowanej technologicznie produkcji. B30 - litera B oznacza kolor zielony, a liczba to wysoko\u015b\u0107 fajki wodnej w centymetrach. Pali jak tradycyjna fajka wodna, ale jednocze\u015bnie Hoob Cyber G30 poka\u017ce, jak technologia mo\u017ce dostosowa\u0107 dyfuzory i magnetyczne z\u0142\u0105cza do w\u0119\u017cy, aby nada\u0107 fajce wodnej nowy [\u2026]<\/p>","protected":false},"featured_media":25304,"comment_status":"open","ping_status":"closed","template":"","meta":[],"_links":{"self":[{"href":"https:\/\/hookahshop.lt\/pl\/wp-json\/wp\/v2\/product\/25303"}],"collection":[{"href":"https:\/\/hookahshop.lt\/pl\/wp-json\/wp\/v2\/product"}],"about":[{"href":"https:\/\/hookahshop.lt\/pl\/wp-json\/wp\/v2\/types\/product"}],"replies":[{"embeddable":true,"href":"https:\/\/hookahshop.lt\/pl\/wp-json\/wp\/v2\/comments?post=25303"}],"version-history":[{"count":4,"href":"https:\/\/hookahshop.lt\/pl\/wp-json\/wp\/v2\/product\/25303\/revisions"}],"predecessor-version":[{"id":42076,"href":"https:\/\/hookahshop.lt\/pl\/wp-json\/wp\/v2\/product\/25303\/revisions\/42076"}],"wp:featuredmedia":[{"embeddable":true,"href":"https:\/\/hookahshop.lt\/pl\/wp-json\/wp\/v2\/media\/25304"}],"wp:attachment":[{"href":"https:\/\/hookahshop.lt\/pl\/wp-json\/wp\/v2\/media?parent=25303"}],"curies":[{"name":"wp","href":"https:\/\/api.w.org\/{rel}","templated":true}]}}