{"id":25429,"date":"2021-06-25T22:37:05","date_gmt":"2021-06-25T19:37:05","guid":{"rendered":"https:\/\/hookahshop.lt\/?post_type=product&#038;p=25429"},"modified":"2026-04-18T23:28:52","modified_gmt":"2026-04-18T20:28:52","slug":"kandiklis-kaljanui-hoob-smpl-2-silver","status":"publish","type":"product","link":"https:\/\/hookahshop.lt\/pl\/produkt\/ustnik-do-hooka-hoob-smpl-2-srebrny\/","title":{"rendered":"Haczyk do fajki wodnej HOOB SMPL 2 Srebrny"},"content":{"rendered":"<h2 class=\"serp-title\" data-format=\"%title% %page%\" data-empty-title=\"Click to enter custom title\">Haczyk do fajki wodnej HOOB SMPL 2 Srebrny<\/h2>\n<p>Wysokiej jako\u015bci, ergonomicznie zaprojektowany ustnik ze stali nierdzewnej HOOB SMPL 2 Silver.<\/p>\n<p><strong>Charakterystyka:<\/strong><\/p>\n<p>D\u0142ugo\u015b\u0107: 28 cm<br \/>\nStal nierdzewna<br \/>\nNadaje si\u0119 do wszystkich w\u0119\u017cy silikonowych o \u015brednicy wewn\u0119trznej 10-11mm<br \/>\nBrak szkodliwych pow\u0142ok (farby itp.)<\/p>\n<p>Czy masz jakie\u015b pytania? Skontaktuj si\u0119 z nami\u00a0<a href=\"https:\/\/hookahshop.lt\/pl\/lacznosc\/\">strona z kontaktami<\/a>\u00a0lub napisz do nas na adres\u00a0<a href=\"https:\/\/facebook.com\/HookahShop.lt\/\" target=\"_blank\" rel=\"noopener noreferrer\">konto na Facebooku<\/a>\u00a0a my odpowiemy na Twoj\u0105 pro\u015bb\u0119 tego samego dnia.<\/p>","protected":false},"excerpt":{"rendered":"<p>Ustnik do fajki wodnej HOOB SMPL 2 Silver Wysokiej jako\u015bci, ergonomicznie zaprojektowany ustnik ze stali nierdzewnej HOOB SMPL 2 Silver. Charakterystyka: D\u0142ugo\u015b\u0107: 28cm Stal nierdzewna Nadaje si\u0119 do wszystkich w\u0119\u017cy silikonowych o \u015brednicy wewn\u0119trznej 10-11mm Nie zawiera szkodliwych pow\u0142ok (farb itp.) Masz pytania? Skontaktuj si\u0119 z nami na stronie kontaktowej lub napisz do nas na naszym koncie na Facebooku, a my odpowiemy na Twoj\u0105 pro\u015bb\u0119 w tym samym [\u2026]<\/p>","protected":false},"featured_media":25430,"comment_status":"open","ping_status":"closed","template":"","meta":[],"_links":{"self":[{"href":"https:\/\/hookahshop.lt\/pl\/wp-json\/wp\/v2\/product\/25429"}],"collection":[{"href":"https:\/\/hookahshop.lt\/pl\/wp-json\/wp\/v2\/product"}],"about":[{"href":"https:\/\/hookahshop.lt\/pl\/wp-json\/wp\/v2\/types\/product"}],"replies":[{"embeddable":true,"href":"https:\/\/hookahshop.lt\/pl\/wp-json\/wp\/v2\/comments?post=25429"}],"version-history":[{"count":6,"href":"https:\/\/hookahshop.lt\/pl\/wp-json\/wp\/v2\/product\/25429\/revisions"}],"predecessor-version":[{"id":33268,"href":"https:\/\/hookahshop.lt\/pl\/wp-json\/wp\/v2\/product\/25429\/revisions\/33268"}],"wp:featuredmedia":[{"embeddable":true,"href":"https:\/\/hookahshop.lt\/pl\/wp-json\/wp\/v2\/media\/25430"}],"wp:attachment":[{"href":"https:\/\/hookahshop.lt\/pl\/wp-json\/wp\/v2\/media?parent=25429"}],"curies":[{"name":"wp","href":"https:\/\/api.w.org\/{rel}","templated":true}]}}