{"id":25433,"date":"2021-06-25T22:46:59","date_gmt":"2021-06-25T19:46:59","guid":{"rendered":"https:\/\/hookahshop.lt\/?post_type=product&#038;p=25433"},"modified":"2026-04-07T23:29:14","modified_gmt":"2026-04-07T20:29:14","slug":"kandiklis-kaljanui-amy-deluxe-black","status":"publish","type":"product","link":"https:\/\/hookahshop.lt\/pl\/produkt\/fajka-ustnik-amy-deluxe-czarna\/","title":{"rendered":"Ustnik do fajki wodnej Amy Deluxe MSAL023 Czarny"},"content":{"rendered":"<h2>Ustnik do fajki wodnej Amy Deluxe MSAL023 Czarny<\/h2>\n<p id=\"tw-target-text\" class=\"tw-data-text tw-text-large XcVN5d tw-ta\" dir=\"ltr\" data-placeholder=\"Vertimas\"><span class=\"Y2IQFc\" lang=\"lt\">Ustniki AMY MSAL023 zachwycaj\u0105 po\u0142\u0105czeniem akrylu i aluminium. S\u0105 lekkie i \u0142atwe do uchwycenia, poniewa\u017c aluminium oznacza wysok\u0105 higien\u0119 i nisk\u0105 wag\u0119, natomiast akryl jest przyjemny w d\u0142oniach i zapewnia niezb\u0119dny chwyt dzi\u0119ki karbowanej powierzchni. Wygl\u0105d r\u00f3wnie\u017c robi wra\u017cenie, zw\u0142aszcza dzi\u0119ki ozdobnym zdobieniom na obu materia\u0142ach.<\/span><\/p>\n<p dir=\"ltr\" data-placeholder=\"Vertimas\">Czy masz jakie\u015b pytania? Skontaktuj si\u0119 z nami\u00a0<a href=\"https:\/\/hookahshop.lt\/pl\/lacznosc\/\">strona z kontaktami<\/a>\u00a0lub napisz do nas na adres\u00a0<a href=\"https:\/\/facebook.com\/HookahShop.lt\/\" target=\"_blank\" rel=\"noopener noreferrer\">konto na Facebooku<\/a>\u00a0a my odpowiemy na Twoj\u0105 pro\u015bb\u0119 tego samego dnia.<\/p>\n<p dir=\"ltr\" data-placeholder=\"Vertimas\">","protected":false},"excerpt":{"rendered":"<p>Ustnik do fajki wodnej Amy Deluxe MSAL023 Czarne ustniki AMY MSAL023 zachwycaj\u0105 po\u0142\u0105czeniem akrylu i aluminium. S\u0105 lekkie i \u0142atwe do uchwycenia, poniewa\u017c aluminium oznacza wysok\u0105 higien\u0119 i nisk\u0105 wag\u0119, natomiast akryl jest przyjemny w d\u0142oniach i zapewnia niezb\u0119dny chwyt dzi\u0119ki karbowanej powierzchni. Wygl\u0105d r\u00f3wnie\u017c robi wra\u017cenie, zw\u0142aszcza dzi\u0119ki ozdobnym zdobieniom na obu materia\u0142ach. Czy masz jakie\u015b pytania? Skontaktuj si\u0119 [\u2026]<\/p>","protected":false},"featured_media":25435,"comment_status":"open","ping_status":"closed","template":"","meta":[],"_links":{"self":[{"href":"https:\/\/hookahshop.lt\/pl\/wp-json\/wp\/v2\/product\/25433"}],"collection":[{"href":"https:\/\/hookahshop.lt\/pl\/wp-json\/wp\/v2\/product"}],"about":[{"href":"https:\/\/hookahshop.lt\/pl\/wp-json\/wp\/v2\/types\/product"}],"replies":[{"embeddable":true,"href":"https:\/\/hookahshop.lt\/pl\/wp-json\/wp\/v2\/comments?post=25433"}],"version-history":[{"count":4,"href":"https:\/\/hookahshop.lt\/pl\/wp-json\/wp\/v2\/product\/25433\/revisions"}],"predecessor-version":[{"id":33267,"href":"https:\/\/hookahshop.lt\/pl\/wp-json\/wp\/v2\/product\/25433\/revisions\/33267"}],"wp:featuredmedia":[{"embeddable":true,"href":"https:\/\/hookahshop.lt\/pl\/wp-json\/wp\/v2\/media\/25435"}],"wp:attachment":[{"href":"https:\/\/hookahshop.lt\/pl\/wp-json\/wp\/v2\/media?parent=25433"}],"curies":[{"name":"wp","href":"https:\/\/api.w.org\/{rel}","templated":true}]}}