{"id":25440,"date":"2021-06-25T23:04:17","date_gmt":"2021-06-25T20:04:17","guid":{"rendered":"https:\/\/hookahshop.lt\/?post_type=product&#038;p=25440"},"modified":"2026-04-06T23:28:38","modified_gmt":"2026-04-06T20:28:38","slug":"difuzorius-kaljanui-hoob-go","status":"publish","type":"product","link":"https:\/\/hookahshop.lt\/pl\/produkt\/dyfuzor-hookah-hoob-go\/","title":{"rendered":"Hooker dyfuzor HOOB Go"},"content":{"rendered":"<h2>Hooker dyfuzor HOOB Go<\/h2>\n<p class=\"tw-data-text tw-text-large XcVN5d tw-ta\" dir=\"ltr\" data-placeholder=\"Vertimas\"><span class=\"Y2IQFc\" lang=\"lt\">Dyfuzor ze stali nierdzewnej reguluje przep\u0142yw powietrza w fajce wodnej i wycisza j\u0105. <\/span>Proces pracy jest podobny do filtra, poniewa\u017c rozbija p\u0119cherzyki powietrza unosz\u0105ce si\u0119 w kolbie. W ten spos\u00f3b dym w kolbie zostaje sch\u0142odzony. Lekko t\u0142umi r\u00f3wnie\u017c bulgocz\u0105cy d\u017awi\u0119k fajki wodnej, zapewniaj\u0105c cichsze otoczenie, np. podczas ogl\u0105dania filmu lub interakcji z innymi osobami.<\/p>\n<p><strong>Stosowanie:<\/strong><br \/>\nDyfuzor montowany jest na ko\u0144cu haczyka (\u0142odygi) fajki wodnej.<\/p>\n<p><strong>Specyfikacje:<\/strong><br \/>\nMateria\u0142: Stal nierdzewna<\/p>\n<p>&nbsp;<\/p>\n<p>Czy masz jakie\u015b pytania? Skontaktuj si\u0119 z nami\u00a0<a href=\"https:\/\/hookahshop.lt\/pl\/lacznosc\/\">strona z kontaktami<\/a>\u00a0lub napisz do nas na adres\u00a0<a href=\"https:\/\/facebook.com\/HookahShop.lt\/\" target=\"_blank\" rel=\"noopener noreferrer\">konto na Facebooku<\/a>\u00a0a my odpowiemy na Twoj\u0105 pro\u015bb\u0119 tego samego dnia.<\/p>","protected":false},"excerpt":{"rendered":"<p>Dyfuzor HOOB Go Hookah Dyfuzor ze stali nierdzewnej reguluje przep\u0142yw powietrza w fajce wodnej i sprawia, \u017ce jest cichsza. Proces dzia\u0142ania jest podobny do filtra, poniewa\u017c rozbija p\u0119cherzyki powietrza unosz\u0105ce si\u0119 w kolbie. W ten spos\u00f3b dym w kolbie jest ch\u0142odzony. Lekko t\u0142umi r\u00f3wnie\u017c d\u017awi\u0119k bulgotania fajki wodnej, zapewniaj\u0105c cichsze otoczenie, np. podczas ogl\u0105dania filmu lub komunikowania si\u0119 z innymi. Zastosowanie: Dyfuzor montowany jest na trzonie fajki wodnej (trzpieniu) [\u2026]<\/p>","protected":false},"featured_media":25441,"comment_status":"open","ping_status":"closed","template":"","meta":[],"_links":{"self":[{"href":"https:\/\/hookahshop.lt\/pl\/wp-json\/wp\/v2\/product\/25440"}],"collection":[{"href":"https:\/\/hookahshop.lt\/pl\/wp-json\/wp\/v2\/product"}],"about":[{"href":"https:\/\/hookahshop.lt\/pl\/wp-json\/wp\/v2\/types\/product"}],"replies":[{"embeddable":true,"href":"https:\/\/hookahshop.lt\/pl\/wp-json\/wp\/v2\/comments?post=25440"}],"version-history":[{"count":7,"href":"https:\/\/hookahshop.lt\/pl\/wp-json\/wp\/v2\/product\/25440\/revisions"}],"predecessor-version":[{"id":43102,"href":"https:\/\/hookahshop.lt\/pl\/wp-json\/wp\/v2\/product\/25440\/revisions\/43102"}],"wp:featuredmedia":[{"embeddable":true,"href":"https:\/\/hookahshop.lt\/pl\/wp-json\/wp\/v2\/media\/25441"}],"wp:attachment":[{"href":"https:\/\/hookahshop.lt\/pl\/wp-json\/wp\/v2\/media?parent=25440"}],"curies":[{"name":"wp","href":"https:\/\/api.w.org\/{rel}","templated":true}]}}