{"id":25468,"date":"2021-06-28T13:56:03","date_gmt":"2021-06-28T10:56:03","guid":{"rendered":"https:\/\/hookahshop.lt\/?post_type=product&#038;p=25468"},"modified":"2026-04-11T23:28:50","modified_gmt":"2026-04-11T20:28:50","slug":"kaljanas-amy-deluxe-amy073-02-red","status":"publish","type":"product","link":"https:\/\/hookahshop.lt\/pl\/produkt\/hookah-amy-deluxe-amy073-02-ed\/","title":{"rendered":"Fajka wodna AMY DELUXE AMY073.02 Ed"},"content":{"rendered":"<h2>Fajka wodna AMY DELUXE AMY073.02 Ed<\/h2>\n<p>Jest to fajka wodna o ekskluzywnym designie, wykonana z aluminium.<\/p>\n<p><strong>W sk\u0142ad zestawu wchodz\u0105:<\/strong><br \/>\nNargile<br \/>\nKolba<br \/>\nUstnik<br \/>\nPuchar<br \/>\nW\u0105\u017c (silikon)<br \/>\nUchwyt na w\u0105\u017c<br \/>\nSzczypce<br \/>\nKomin<\/p>\n<p><strong>Specyfikacja:<\/strong><br \/>\nWysoko\u015b\u0107 fajki wodnej z kolb\u0105: oko\u0142o 58 cm<br \/>\nMateria\u0142: aluminium<br \/>\nTyp po\u0142\u0105czenia: Kliknij<br \/>\nKolor czerwony<br \/>\nDyfuzor: Niedost\u0119pny<br \/>\nKraj pochodzenia: Niemcy<\/p>\n<p>Czy masz jakie\u015b pytania? Skontaktuj si\u0119 z nami\u00a0<a href=\"https:\/\/hookahshop.lt\/pl\/lacznosc\/\">strona z kontaktami<\/a>\u00a0lub napisz do nas na adres\u00a0<a href=\"https:\/\/facebook.com\/HookahShop.lt\/\" target=\"_blank\" rel=\"noopener noreferrer\">konto na Facebooku<\/a>\u00a0a my odpowiemy na Twoj\u0105 pro\u015bb\u0119 tego samego dnia.<\/p>","protected":false},"excerpt":{"rendered":"<p>Szisza wodna AMY DELUXE AMY073.02 Czerwona To szisza o ekskluzywnym designie, wykonana z aluminium. W zestawie: Kolba do fajki wodnej Ustnik W\u0105\u017c kubkowy (silikonowy) Uchwyt w\u0119\u017ca Szczypce Podudzie Specyfikacja: Wysoko\u015b\u0107 fajki wodnej z kolb\u0105: ok. 58cm Materia\u0142: aluminium Rodzaj po\u0142\u0105czenia: Click Kolor: Czerwony Dyfuzor: Brak Kraj pochodzenia: Niemcy Masz pytania? Skontaktuj si\u0119 z nami na stronie kontaktowej lub napisz do nas na naszym koncie na Facebooku, a my odpowiemy [\u2026]<\/p>","protected":false},"featured_media":25469,"comment_status":"open","ping_status":"closed","template":"","meta":[],"_links":{"self":[{"href":"https:\/\/hookahshop.lt\/pl\/wp-json\/wp\/v2\/product\/25468"}],"collection":[{"href":"https:\/\/hookahshop.lt\/pl\/wp-json\/wp\/v2\/product"}],"about":[{"href":"https:\/\/hookahshop.lt\/pl\/wp-json\/wp\/v2\/types\/product"}],"replies":[{"embeddable":true,"href":"https:\/\/hookahshop.lt\/pl\/wp-json\/wp\/v2\/comments?post=25468"}],"version-history":[{"count":5,"href":"https:\/\/hookahshop.lt\/pl\/wp-json\/wp\/v2\/product\/25468\/revisions"}],"predecessor-version":[{"id":32458,"href":"https:\/\/hookahshop.lt\/pl\/wp-json\/wp\/v2\/product\/25468\/revisions\/32458"}],"wp:featuredmedia":[{"embeddable":true,"href":"https:\/\/hookahshop.lt\/pl\/wp-json\/wp\/v2\/media\/25469"}],"wp:attachment":[{"href":"https:\/\/hookahshop.lt\/pl\/wp-json\/wp\/v2\/media?parent=25468"}],"curies":[{"name":"wp","href":"https:\/\/api.w.org\/{rel}","templated":true}]}}