{"id":25474,"date":"2021-06-28T15:02:18","date_gmt":"2021-06-28T12:02:18","guid":{"rendered":"https:\/\/hookahshop.lt\/?post_type=product&#038;p=25474"},"modified":"2026-04-17T16:33:27","modified_gmt":"2026-04-17T13:33:27","slug":"vienkartiniai-kandikliai-kaljanui-big-maks-jednor-black-100vnt","status":"publish","type":"product","link":"https:\/\/hookahshop.lt\/pl\/produkt\/jednorazowe-ustniki-do-sziszy-big-max-jednor-czarne-100-szt\/","title":{"rendered":"Jednorazowe haczyki do fajki wodnej BIG MAKS Jednor Black 100szt"},"content":{"rendered":"<h2>Jednorazowe haczyki do fajki wodnej BIG MAKS Jednor Black 100szt<\/h2>\n<p>Opakowanie jednorazowych ustnik\u00f3w do fajki wodnej zawiera - 100 szt.<\/p>\n<p><strong>Charakterystyka:<\/strong><br \/>\nCzarny kolor<br \/>\nD\u0142ugo\u015b\u0107 ustnika: 3 cm<\/p>\n<p>Czy masz jakie\u015b pytania? Skontaktuj si\u0119 z nami\u00a0<a href=\"https:\/\/hookahshop.lt\/pl\/lacznosc\/\">strona z kontaktami<\/a>\u00a0lub napisz do nas na adres\u00a0<a href=\"https:\/\/facebook.com\/HookahShop.lt\/\" target=\"_blank\" rel=\"noopener noreferrer\">konto na Facebooku<\/a>\u00a0a my odpowiemy na Twoj\u0105 pro\u015bb\u0119 tego samego dnia.<\/p>\n<p>&nbsp;<\/p>","protected":false},"excerpt":{"rendered":"<p>Jednorazowe ustniki do fajki wodnej BIG MAKS Jednor Czarne 100 szt. Opakowanie jednorazowych ustnik\u00f3w do fajki wodnej zawiera - 100 szt. Charakterystyka: Kolor: Czarny D\u0142ugo\u015b\u0107 ustnika: 3cm Masz pytania? Skontaktuj si\u0119 z nami na stronie kontaktowej lub napisz do nas na naszym koncie na Facebooku, a my odpowiemy na Twoj\u0105 pro\u015bb\u0119 jeszcze tego samego dnia. &nbsp;<\/p>","protected":false},"featured_media":25475,"comment_status":"open","ping_status":"closed","template":"","meta":[],"_links":{"self":[{"href":"https:\/\/hookahshop.lt\/pl\/wp-json\/wp\/v2\/product\/25474"}],"collection":[{"href":"https:\/\/hookahshop.lt\/pl\/wp-json\/wp\/v2\/product"}],"about":[{"href":"https:\/\/hookahshop.lt\/pl\/wp-json\/wp\/v2\/types\/product"}],"replies":[{"embeddable":true,"href":"https:\/\/hookahshop.lt\/pl\/wp-json\/wp\/v2\/comments?post=25474"}],"version-history":[{"count":8,"href":"https:\/\/hookahshop.lt\/pl\/wp-json\/wp\/v2\/product\/25474\/revisions"}],"predecessor-version":[{"id":42962,"href":"https:\/\/hookahshop.lt\/pl\/wp-json\/wp\/v2\/product\/25474\/revisions\/42962"}],"wp:featuredmedia":[{"embeddable":true,"href":"https:\/\/hookahshop.lt\/pl\/wp-json\/wp\/v2\/media\/25475"}],"wp:attachment":[{"href":"https:\/\/hookahshop.lt\/pl\/wp-json\/wp\/v2\/media?parent=25474"}],"curies":[{"name":"wp","href":"https:\/\/api.w.org\/{rel}","templated":true}]}}