{"id":25487,"date":"2021-06-29T13:21:21","date_gmt":"2021-06-29T10:21:21","guid":{"rendered":"https:\/\/hookahshop.lt\/?post_type=product&#038;p=25487"},"modified":"2026-04-17T16:33:24","modified_gmt":"2026-04-17T13:33:24","slug":"taurele-kaljanui-solaris-adam-yellow","status":"publish","type":"product","link":"https:\/\/hookahshop.lt\/pl\/produkt\/filizanka-szisza-solaris-adam-zolta\/","title":{"rendered":"Kubek do fajki wodnej SOLARIS Adam \u017b\u00f3\u0142ty"},"content":{"rendered":"<h2>Kubek do fajki wodnej SOLARIS Adam \u017b\u00f3\u0142ty<\/h2>\n<p>Kubki do fajki wodnej Solaris s\u0105 w ca\u0142o\u015bci wykonane r\u0119cznie. Kubek ma jedn\u0105 charakterystyczn\u0105 cech\u0119 \u2013 \u015bwieci w ciemno\u015bci. Do produkcji kubk\u00f3w wykorzystywane s\u0105 wy\u0142\u0105cznie naturalne i przyjazne dla \u015brodowiska materia\u0142y. Od innych misek r\u00f3\u017cni si\u0119 tym, \u017ce jest bardziej odporna na wilgo\u0107. Zastosowanie technologii mlecznej do glinki czerwonej daje ciekawy efekt zewn\u0119trzny, oryginalny design.<\/p>\n<p>Czy masz jakie\u015b pytania? Skontaktuj si\u0119 z nami\u00a0<a href=\"https:\/\/hookahshop.lt\/pl\/lacznosc\/\">strona z kontaktami<\/a>\u00a0lub napisz do nas na adres\u00a0<a href=\"https:\/\/facebook.com\/HookahShop.lt\/\" target=\"_blank\" rel=\"noopener noreferrer\">konto na Facebooku<\/a>\u00a0a my odpowiemy na Twoj\u0105 pro\u015bb\u0119 tego samego dnia.<\/p>","protected":false},"excerpt":{"rendered":"<p>Kubek na fajk\u0119 wodn\u0105 SOLARIS Adam \u017b\u00f3\u0142te Kubki na fajk\u0119 wodn\u0105 \u201eSolaris\u201d wykonane s\u0105 w ca\u0142o\u015bci r\u0119cznie. Kubek ma jedn\u0105 unikaln\u0105 cech\u0119 \u2013 \u015bwieci w ciemno\u015bci. Do produkcji kubk\u00f3w wykorzystywane s\u0105 wy\u0142\u0105cznie naturalne i przyjazne dla \u015brodowiska materia\u0142y. R\u00f3\u017cni si\u0119 od innych misek tym, \u017ce jest bardziej odporna na wilgo\u0107. Zastosowanie technologii mlecznej do glinki czerwonej daje ciekawy efekt zewn\u0119trzny, oryginalny design. Czy masz jakie\u015b pytania? Kontakt [\u2026]<\/p>","protected":false},"featured_media":25496,"comment_status":"open","ping_status":"closed","template":"","meta":[],"_links":{"self":[{"href":"https:\/\/hookahshop.lt\/pl\/wp-json\/wp\/v2\/product\/25487"}],"collection":[{"href":"https:\/\/hookahshop.lt\/pl\/wp-json\/wp\/v2\/product"}],"about":[{"href":"https:\/\/hookahshop.lt\/pl\/wp-json\/wp\/v2\/types\/product"}],"replies":[{"embeddable":true,"href":"https:\/\/hookahshop.lt\/pl\/wp-json\/wp\/v2\/comments?post=25487"}],"version-history":[{"count":3,"href":"https:\/\/hookahshop.lt\/pl\/wp-json\/wp\/v2\/product\/25487\/revisions"}],"predecessor-version":[{"id":28560,"href":"https:\/\/hookahshop.lt\/pl\/wp-json\/wp\/v2\/product\/25487\/revisions\/28560"}],"wp:featuredmedia":[{"embeddable":true,"href":"https:\/\/hookahshop.lt\/pl\/wp-json\/wp\/v2\/media\/25496"}],"wp:attachment":[{"href":"https:\/\/hookahshop.lt\/pl\/wp-json\/wp\/v2\/media?parent=25487"}],"curies":[{"name":"wp","href":"https:\/\/api.w.org\/{rel}","templated":true}]}}