{"id":25502,"date":"2021-06-29T16:26:12","date_gmt":"2021-06-29T13:26:12","guid":{"rendered":"https:\/\/hookahshop.lt\/?post_type=product&#038;p=25502"},"modified":"2026-04-19T23:28:48","modified_gmt":"2026-04-19T20:28:48","slug":"anglys-kaljanui-shaman-26mm-1kg-new","status":"publish","type":"product","link":"https:\/\/hookahshop.lt\/pl\/produkt\/wegiel-szisza-szaman-26mm-1kg-nowy\/","title":{"rendered":"W\u0119giel do fajki wodnej SHAMAN 26mm 1kg Nowo\u015b\u0107"},"content":{"rendered":"<h2 class=\"product_title entry-title elementor-heading-title elementor-size-default\">W\u0119giel do fajki wodnej SHAMAN 26mm 1kg<\/h2>\n<p>W\u0119gielki SHAMAN powstaj\u0105 z naturalnej kory kokosowej.<br \/>\nWymiary jednego w\u0119gla: 26x26x26mm.<br \/>\nPude\u0142ko zawiera 64 w\u0119gle.<br \/>\nW\u0119gle d\u0142ugo utrzymuj\u0105 ciep\u0142o.<br \/>\nMniej popio\u0142u.<br \/>\nBezwonny.<br \/>\nAby spali\u0107 w\u0119giel, potrzebujesz elektrycznej p\u0142yty grzejnej do fajki wodnej, turystycznej kuchenki gazowej lub podobnej.<br \/>\nKraj pochodzenia: Indonezja<\/p>\n<p>Czy masz jakie\u015b pytania? Skontaktuj si\u0119 z nami <a href=\"https:\/\/hookahshop.lt\/pl\/lacznosc\/\">strona z kontaktami<\/a> lub napisz do nas na adres <a href=\"https:\/\/facebook.com\/HookahShop.lt\/\" target=\"_blank\" rel=\"noopener noreferrer\">konto na Facebooku<\/a> a my odpowiemy na Twoj\u0105 pro\u015bb\u0119 tego samego dnia.<\/p>","protected":false},"excerpt":{"rendered":"<p>W\u0119giel do fajki wodnej SHAMAN 26mm 1kg W\u0119gle SHAMAN wykonane s\u0105 z naturalnej kory kokosowej. Wymiary jednego w\u0119gla: 26x26x26mm. W pude\u0142ku znajduj\u0105 si\u0119 64 w\u0119gle. W\u0119giel drzewny d\u0142ugo utrzymuje ciep\u0142o. Mniej popio\u0142u. Bezwonny. Do rozpalenia w\u0119gli potrzebna jest elektryczna p\u0142yta grzewcza do fajki wodnej, turystyczna kuchenka gazowa itp. Kraj pochodzenia: Indonezja Masz pytania? Skontaktuj si\u0119 z nami na stronie kontaktowej lub napisz do nas na naszym koncie na Facebooku i [\u2026]<\/p>","protected":false},"featured_media":28796,"comment_status":"open","ping_status":"closed","template":"","meta":[],"_links":{"self":[{"href":"https:\/\/hookahshop.lt\/pl\/wp-json\/wp\/v2\/product\/25502"}],"collection":[{"href":"https:\/\/hookahshop.lt\/pl\/wp-json\/wp\/v2\/product"}],"about":[{"href":"https:\/\/hookahshop.lt\/pl\/wp-json\/wp\/v2\/types\/product"}],"replies":[{"embeddable":true,"href":"https:\/\/hookahshop.lt\/pl\/wp-json\/wp\/v2\/comments?post=25502"}],"version-history":[{"count":4,"href":"https:\/\/hookahshop.lt\/pl\/wp-json\/wp\/v2\/product\/25502\/revisions"}],"predecessor-version":[{"id":38845,"href":"https:\/\/hookahshop.lt\/pl\/wp-json\/wp\/v2\/product\/25502\/revisions\/38845"}],"wp:featuredmedia":[{"embeddable":true,"href":"https:\/\/hookahshop.lt\/pl\/wp-json\/wp\/v2\/media\/28796"}],"wp:attachment":[{"href":"https:\/\/hookahshop.lt\/pl\/wp-json\/wp\/v2\/media?parent=25502"}],"curies":[{"name":"wp","href":"https:\/\/api.w.org\/{rel}","templated":true}]}}