{"id":25539,"date":"2021-06-30T10:12:45","date_gmt":"2021-06-30T07:12:45","guid":{"rendered":"https:\/\/hookahshop.lt\/?post_type=product&#038;p=25539"},"modified":"2026-04-18T23:29:09","modified_gmt":"2026-04-18T20:29:09","slug":"taurele-kaljanui-solaris-mars-glaze","status":"publish","type":"product","link":"https:\/\/hookahshop.lt\/pl\/produkt\/szklana-szisza-solaris-mars-glazura\/","title":{"rendered":"Kubek do fajki wodnej SOLARIS Mars Glaze"},"content":{"rendered":"<h2>Kubek do fajki wodnej SOLARIS Mars Glaze<\/h2>\n<p>Kubki do fajki wodnej Solaris s\u0105 w ca\u0142o\u015bci wykonane r\u0119cznie. Kubek ma jedn\u0105 charakterystyczn\u0105 cech\u0119 \u2013 \u015bwieci w ciemno\u015bci. Do produkcji kubk\u00f3w wykorzystywane s\u0105 wy\u0142\u0105cznie naturalne i przyjazne dla \u015brodowiska materia\u0142y. Od innych misek r\u00f3\u017cni si\u0119 tym, \u017ce jest bardziej odporna na wilgo\u0107. Zastosowanie technologii mlecznej do glinki czerwonej daje ciekawy efekt zewn\u0119trzny, oryginalny design.<\/p>\n<p>Czy masz jakie\u015b pytania? Skontaktuj si\u0119 z nami\u00a0<a href=\"https:\/\/hookahshop.lt\/pl\/lacznosc\/\">strona z kontaktami<\/a>\u00a0lub napisz do nas na adres\u00a0<a href=\"https:\/\/facebook.com\/HookahShop.lt\/\" target=\"_blank\" rel=\"noopener noreferrer\">konto na Facebooku<\/a>\u00a0a my odpowiemy na Twoj\u0105 pro\u015bb\u0119 tego samego dnia.<\/p>","protected":false},"excerpt":{"rendered":"<p>Miska do fajki wodnej SOLARIS Mars Glaze Miski do fajki wodnej \u201eSolaris\u201d s\u0105 w ca\u0142o\u015bci wykonane r\u0119cznie. Miska ma jedn\u0105 unikaln\u0105 cech\u0119 - \u015bwieci w ciemno\u015bci. Do produkcji misek u\u017cywane s\u0105 wy\u0142\u0105cznie naturalne i przyjazne dla \u015brodowiska materia\u0142y. R\u00f3\u017cni si\u0119 od innych misek tym, \u017ce jest bardziej odporna na wilgo\u0107. Zastosowanie technologii mlecznej do czerwonej glinki daje ciekawy efekt zewn\u0119trzny, oryginalny design. Masz pytania? Skontaktuj si\u0119 [\u2026]<\/p>","protected":false},"featured_media":25540,"comment_status":"open","ping_status":"closed","template":"","meta":[],"_links":{"self":[{"href":"https:\/\/hookahshop.lt\/pl\/wp-json\/wp\/v2\/product\/25539"}],"collection":[{"href":"https:\/\/hookahshop.lt\/pl\/wp-json\/wp\/v2\/product"}],"about":[{"href":"https:\/\/hookahshop.lt\/pl\/wp-json\/wp\/v2\/types\/product"}],"replies":[{"embeddable":true,"href":"https:\/\/hookahshop.lt\/pl\/wp-json\/wp\/v2\/comments?post=25539"}],"version-history":[{"count":3,"href":"https:\/\/hookahshop.lt\/pl\/wp-json\/wp\/v2\/product\/25539\/revisions"}],"predecessor-version":[{"id":39820,"href":"https:\/\/hookahshop.lt\/pl\/wp-json\/wp\/v2\/product\/25539\/revisions\/39820"}],"wp:featuredmedia":[{"embeddable":true,"href":"https:\/\/hookahshop.lt\/pl\/wp-json\/wp\/v2\/media\/25540"}],"wp:attachment":[{"href":"https:\/\/hookahshop.lt\/pl\/wp-json\/wp\/v2\/media?parent=25539"}],"curies":[{"name":"wp","href":"https:\/\/api.w.org\/{rel}","templated":true}]}}