{"id":25557,"date":"2021-06-30T17:13:48","date_gmt":"2021-06-30T14:13:48","guid":{"rendered":"https:\/\/hookahshop.lt\/?post_type=product&#038;p=25557"},"modified":"2026-04-15T12:29:07","modified_gmt":"2026-04-15T09:29:07","slug":"kolba-kaljanui-bigmaks-gray","status":"publish","type":"product","link":"https:\/\/hookahshop.lt\/pl\/produkt\/kolba-na-szisza-bigmax-szara\/","title":{"rendered":"Kolba do fajki wodnej BIGMAKS Szara"},"content":{"rendered":"<h2>Kolba do fajki wodnej BIGMAKS Szara<\/h2>\n<p>Szklana kolba do shishy bez gwintu. Szk\u0142o doskona\u0142ej jako\u015bci.<\/p>\n<p><strong><span title=\"\">Specyfikacje:<\/span><\/strong><br \/>\nWysoko\u015b\u0107: oko\u0142o 25,5 cm<br \/>\nSzeroko\u015b\u0107: oko\u0142o 21,5 cm<br \/>\n\u015arednica wewn\u0119trzna szyjki: ok. 4,5 cm<br \/>\n\u015arednica zewn\u0119trzna szyjki: oko\u0142o 5,9 cm<br \/>\nKolor: szary<br \/>\nMateria\u0142: szk\u0142o<\/p>\n<p>Czy masz jakie\u015b pytania? Skontaktuj si\u0119 z nami\u00a0<a href=\"https:\/\/hookahshop.lt\/pl\/lacznosc\/\">strona z kontaktami<\/a>\u00a0lub napisz do nas na adres\u00a0<a href=\"https:\/\/facebook.com\/HookahShop.lt\/\" target=\"_blank\" rel=\"noopener noreferrer\">konto na Facebooku<\/a>\u00a0a my odpowiemy na Twoj\u0105 pro\u015bb\u0119 tego samego dnia.<\/p>\n<p>&nbsp;<\/p>","protected":false},"excerpt":{"rendered":"<p>Kolba kaljanui BIGMAKS Gray Stiklin\u0117 kolba kaljanui be sriegio. Puikios kokyb\u0117s stiklas. Specifikacijos: Auk\u0161tis: apie 25,5 cm Plotis: apie 21,5 cm Vidinis kaklo skersmuo: apie 4,5 cm I\u0161orinis kaklo skersmuo: apie 5,9 cm Spalva: pilka Med\u017eiaga: stiklas Turite klausim\u0173? Susisiekite su mumis\u00a0kontakt\u0173 puslapyje\u00a0arba para\u0161ykite mums \u012f\u00a0Facebook paskyr\u0105\u00a0ir atsakysime \u012f j\u016bs\u0173 u\u017eklaus\u0105 dar t\u0105 pa\u010di\u0105 dien\u0105. [&hellip;]<\/p>","protected":false},"featured_media":25559,"comment_status":"open","ping_status":"closed","template":"","meta":[],"_links":{"self":[{"href":"https:\/\/hookahshop.lt\/pl\/wp-json\/wp\/v2\/product\/25557"}],"collection":[{"href":"https:\/\/hookahshop.lt\/pl\/wp-json\/wp\/v2\/product"}],"about":[{"href":"https:\/\/hookahshop.lt\/pl\/wp-json\/wp\/v2\/types\/product"}],"replies":[{"embeddable":true,"href":"https:\/\/hookahshop.lt\/pl\/wp-json\/wp\/v2\/comments?post=25557"}],"version-history":[{"count":4,"href":"https:\/\/hookahshop.lt\/pl\/wp-json\/wp\/v2\/product\/25557\/revisions"}],"predecessor-version":[{"id":45065,"href":"https:\/\/hookahshop.lt\/pl\/wp-json\/wp\/v2\/product\/25557\/revisions\/45065"}],"wp:featuredmedia":[{"embeddable":true,"href":"https:\/\/hookahshop.lt\/pl\/wp-json\/wp\/v2\/media\/25559"}],"wp:attachment":[{"href":"https:\/\/hookahshop.lt\/pl\/wp-json\/wp\/v2\/media?parent=25557"}],"curies":[{"name":"wp","href":"https:\/\/api.w.org\/{rel}","templated":true}]}}