{"id":25637,"date":"2021-07-08T10:47:25","date_gmt":"2021-07-08T07:47:25","guid":{"rendered":"https:\/\/hookahshop.lt\/?post_type=product&#038;p=25637"},"modified":"2026-04-17T23:29:25","modified_gmt":"2026-04-17T20:29:25","slug":"kaljano-komplektas-maklaud-x-mucha-gopez-podachho","status":"publish","type":"product","link":"https:\/\/hookahshop.lt\/pl\/produkt\/hookah-set-maklaud-x-much-gopez-podachho\/","title":{"rendered":"Zestaw fajki wodnej MAKLAUD X Mucha Gopez Podachho"},"content":{"rendered":"<h2>Zestaw fajki wodnej MAKLAUD X Mucha Gopez Podachho<\/h2>\n<p>To fajka wodna, kt\u00f3ra nie pozostawi Ci\u0119 oboj\u0119tnym. Jest to fajka wodna, kt\u00f3ra spodoba si\u0119 zar\u00f3wno do\u015bwiadczonym, jak i nowicjuszom. Fajki wodne Maklaud s\u0142yn\u0105 z oryginalnego designu i ekstrawaganckich detali. Konstrukcja serii Maklaud X zosta\u0142a dopracowana w najdrobniejszych szczeg\u00f3\u0142ach, kt\u00f3re pozostawiaj\u0105 niezatarte wra\u017cenie. Ta fajka wodna jest wykonana z trwa\u0142ych materia\u0142\u00f3w, kt\u00f3re przetrwaj\u0105 d\u0142ugi czas i nie strac\u0105 swojego pierwotnego uroku.<\/p>\n<p><strong>Ekwipunek:<\/strong><br \/>\nWa\u0142 -1 szt.<br \/>\nTalerz do fajki wodnej z grawerem marki - 1 szt.<br \/>\nUstnik - 1 szt.<br \/>\nW\u0105\u017c silikonowy - 1 szt.<br \/>\nUszczelki - 2 szt.<br \/>\nPiersi\u00f3wka (R\u00f3\u017cni si\u0119 od tej na zdj\u0119ciu) - 1 szt.<br \/>\nSzczypce - 1 szt.<br \/>\nKomora grzewcza - 1 szt.<br \/>\nFili\u017canka (Mo\u017ce r\u00f3\u017cni\u0107 si\u0119 od pokazanej na zdj\u0119ciu) - 1 szt.<br \/>\nW\u0119giel 1kg - 1szt.<br \/>\nP\u0142yta - 1szt.<\/p>\n<p>Czy masz jakie\u015b pytania? Skontaktuj si\u0119 z nami\u00a0<a href=\"https:\/\/hookahshop.lt\/pl\/lacznosc\/\">strona z kontaktami<\/a>\u00a0lub napisz do nas na adres\u00a0<a href=\"https:\/\/facebook.com\/HookahShop.lt\/\" target=\"_blank\" rel=\"noopener noreferrer\">konto na Facebooku<\/a>\u00a0a my odpowiemy na Twoj\u0105 pro\u015bb\u0119 tego samego dnia.<\/p>","protected":false},"excerpt":{"rendered":"<p>Zestaw fajek wodnych MAKLAUD X Mucha Gopez Podachho To fajka wodna, kt\u00f3ra nie pozostawi Ci\u0119 oboj\u0119tnym. Jest to fajka wodna, kt\u00f3ra spodoba si\u0119 zar\u00f3wno do\u015bwiadczonym, jak i nowicjuszom. Fajki wodne Maklaud s\u0142yn\u0105 z oryginalnego designu i ekstrawaganckich detali. Konstrukcja serii Maklaud X zosta\u0142a dopracowana w najdrobniejszych szczeg\u00f3\u0142ach, kt\u00f3re pozostawiaj\u0105 niezatarte wra\u017cenie. Ta fajka wodna jest wykonana z trwa\u0142ych i trwa\u0142ych materia\u0142\u00f3w, kt\u00f3re wytrzymaj\u0105 d\u0142ugi czas i [...]<\/p>","protected":false},"featured_media":25638,"comment_status":"open","ping_status":"closed","template":"","meta":[],"_links":{"self":[{"href":"https:\/\/hookahshop.lt\/pl\/wp-json\/wp\/v2\/product\/25637"}],"collection":[{"href":"https:\/\/hookahshop.lt\/pl\/wp-json\/wp\/v2\/product"}],"about":[{"href":"https:\/\/hookahshop.lt\/pl\/wp-json\/wp\/v2\/types\/product"}],"replies":[{"embeddable":true,"href":"https:\/\/hookahshop.lt\/pl\/wp-json\/wp\/v2\/comments?post=25637"}],"version-history":[{"count":4,"href":"https:\/\/hookahshop.lt\/pl\/wp-json\/wp\/v2\/product\/25637\/revisions"}],"predecessor-version":[{"id":41500,"href":"https:\/\/hookahshop.lt\/pl\/wp-json\/wp\/v2\/product\/25637\/revisions\/41500"}],"wp:featuredmedia":[{"embeddable":true,"href":"https:\/\/hookahshop.lt\/pl\/wp-json\/wp\/v2\/media\/25638"}],"wp:attachment":[{"href":"https:\/\/hookahshop.lt\/pl\/wp-json\/wp\/v2\/media?parent=25637"}],"curies":[{"name":"wp","href":"https:\/\/api.w.org\/{rel}","templated":true}]}}