{"id":25708,"date":"2021-07-14T01:21:43","date_gmt":"2021-07-13T22:21:43","guid":{"rendered":"https:\/\/hookahshop.lt\/?post_type=product&#038;p=25708"},"modified":"2026-04-18T23:29:02","modified_gmt":"2026-04-18T20:29:02","slug":"taurele-kaljanui-forma-hookah-phunnel-3","status":"publish","type":"product","link":"https:\/\/hookahshop.lt\/pl\/produkt\/lejek-szisza-w-ksztalcie-filizanki-3\/","title":{"rendered":"Kubek do fajki wodnej FORMA HOOKAH Phunnel Nericomia"},"content":{"rendered":"<h2>Kubek do fajki wodnej FORMA HOOKAH Phunnel Nericomia<\/h2>\n<p>Kubek wykonany jest z ceramiki, zaprojektowanej z my\u015bl\u0105 o komfortowym paleniu. Idealny do wszystkich rodzaj\u00f3w tytoniu.<br \/>\nKonsumpcja tytoniu wynosi 17-22 gram\u00f3w.<br \/>\nW zestawie czarna uszczelka do kubka.<\/p>\n<p><strong>Specyfikacje:<\/strong><br \/>\nWysoko\u015b\u0107: 107 mm<br \/>\n\u015arednica (zewn\u0119trzna): 76 mm<br \/>\n\u015arednica (wewn\u0119trzna): 69mm<br \/>\nG\u0142\u0119boko\u015b\u0107: 13mm<br \/>\n\u015arednica otworu: 10mm<br \/>\nLiczba otwor\u00f3w: 1<br \/>\nWaga: ~250g<\/p>\n<p>Czy masz jakie\u015b pytania? Skontaktuj si\u0119 z nami\u00a0<a href=\"https:\/\/hookahshop.lt\/pl\/lacznosc\/\">strona z kontaktami<\/a>\u00a0lub napisz do nas na adres\u00a0<a href=\"https:\/\/facebook.com\/HookahShop.lt\/\" target=\"_blank\" rel=\"noopener noreferrer\">konto na Facebooku<\/a>\u00a0a my odpowiemy na Twoj\u0105 pro\u015bb\u0119 tego samego dnia.<\/p>\n<p>&nbsp;<\/p>","protected":false},"excerpt":{"rendered":"<p>Kubek na fajk\u0119 wodn\u0105 FORMA HOOKAH Phunnel Nericomia Kubek wykonany z ceramiki, przeznaczony do komfortowego palenia. Idealny do wszystkich rodzaj\u00f3w tytoniu. Konsumpcja tytoniu wynosi 17-22 gram\u00f3w. W zestawie czarna uszczelka do kubka. Dane techniczne: Wysoko\u015b\u0107: 107mm \u015arednica (zewn\u0119trzna): 76mm \u015arednica (wewn\u0119trzna): 69mm G\u0142\u0119boko\u015b\u0107: 13mm \u015arednica otworu: 10mm Ilo\u015b\u0107 otwor\u00f3w: 1 Waga: ~ 250g Pytania? Skontaktuj si\u0119 z nami poprzez nasz kontakt [\u2026]<\/p>","protected":false},"featured_media":25711,"comment_status":"open","ping_status":"closed","template":"","meta":[],"_links":{"self":[{"href":"https:\/\/hookahshop.lt\/pl\/wp-json\/wp\/v2\/product\/25708"}],"collection":[{"href":"https:\/\/hookahshop.lt\/pl\/wp-json\/wp\/v2\/product"}],"about":[{"href":"https:\/\/hookahshop.lt\/pl\/wp-json\/wp\/v2\/types\/product"}],"replies":[{"embeddable":true,"href":"https:\/\/hookahshop.lt\/pl\/wp-json\/wp\/v2\/comments?post=25708"}],"version-history":[{"count":3,"href":"https:\/\/hookahshop.lt\/pl\/wp-json\/wp\/v2\/product\/25708\/revisions"}],"predecessor-version":[{"id":39805,"href":"https:\/\/hookahshop.lt\/pl\/wp-json\/wp\/v2\/product\/25708\/revisions\/39805"}],"wp:featuredmedia":[{"embeddable":true,"href":"https:\/\/hookahshop.lt\/pl\/wp-json\/wp\/v2\/media\/25711"}],"wp:attachment":[{"href":"https:\/\/hookahshop.lt\/pl\/wp-json\/wp\/v2\/media?parent=25708"}],"curies":[{"name":"wp","href":"https:\/\/api.w.org\/{rel}","templated":true}]}}