{"id":25719,"date":"2021-07-14T01:32:17","date_gmt":"2021-07-13T22:32:17","guid":{"rendered":"https:\/\/hookahshop.lt\/?post_type=product&#038;p=25719"},"modified":"2026-05-14T23:29:22","modified_gmt":"2026-05-14T20:29:22","slug":"taurele-kaljanui-forma-hookah-turkish-2","status":"publish","type":"product","link":"https:\/\/hookahshop.lt\/pl\/produkt\/filizanka-szisza-ksztalt-szisza-turecka-2\/","title":{"rendered":"Kubek do fajki wodnej FORMA HOOKAH Turecki Sakura"},"content":{"rendered":"<h2>Kubek do fajki wodnej FORMA HOOKAH Turecki Sakura<\/h2>\n<p>Kubek na fajk\u0119 wodn\u0105 wykonany jest z ceramiki. Kszta\u0142tem przypomina dla wielu zwyk\u0142ego \u201eTurka\u201d, ale ma idealny kszta\u0142t, trwa\u0142o\u015b\u0107 i praktyczno\u015b\u0107 w codziennym u\u017cytkowaniu. Pojemno\u015b\u0107 tytoniu w misce wynosi 10-15 gram\u00f3w.<\/p>\n<p><strong>Specyfikacje:<\/strong><br \/>\nWysoko\u015b\u0107: 90mm<br \/>\n\u015arednica (zewn\u0119trzna): 67mm<br \/>\n\u015arednica (wewn\u0119trzna): 59mm<br \/>\nG\u0142\u0119boko\u015b\u0107: 18 mm<br \/>\n\u015arednica otworu: 7mm<br \/>\nLiczba otwor\u00f3w: 5<br \/>\nWaga: ~231g<\/p>\n<p>Czy masz jakie\u015b pytania? Skontaktuj si\u0119 z nami\u00a0<a href=\"https:\/\/hookahshop.lt\/pl\/lacznosc\/\">strona z kontaktami<\/a>\u00a0lub napisz do nas na adres\u00a0<a href=\"https:\/\/facebook.com\/HookahShop.lt\/\" target=\"_blank\" rel=\"noopener noreferrer\">konto na Facebooku<\/a>\u00a0a my odpowiemy na Twoj\u0105 pro\u015bb\u0119 tego samego dnia.<\/p>","protected":false},"excerpt":{"rendered":"<p>Kubek na fajk\u0119 wodn\u0105 FORMA HOOKAH Turkish Sakura Kubek na fajk\u0119 wodn\u0105 wykonany jest z ceramiki. Kszta\u0142tem przypomina dla wielu zwyk\u0142ego \u201eTurka\u201d, ale ma idealny kszta\u0142t, trwa\u0142o\u015b\u0107 i praktyczno\u015b\u0107 w codziennym u\u017cytkowaniu. Pojemno\u015b\u0107 tytoniu w misce wynosi 10-15 gram\u00f3w. Dane techniczne: Wysoko\u015b\u0107: 90mm \u015arednica (zewn\u0119trzna): 67mm \u015arednica (wewn\u0119trzna): 59mm G\u0142\u0119boko\u015b\u0107: 18mm \u015arednica otworu: 7mm Ilo\u015b\u0107 otwor\u00f3w: 5 Waga: ~ 231g [\u2026]<\/p>","protected":false},"featured_media":25721,"comment_status":"open","ping_status":"closed","template":"","meta":[],"_links":{"self":[{"href":"https:\/\/hookahshop.lt\/pl\/wp-json\/wp\/v2\/product\/25719"}],"collection":[{"href":"https:\/\/hookahshop.lt\/pl\/wp-json\/wp\/v2\/product"}],"about":[{"href":"https:\/\/hookahshop.lt\/pl\/wp-json\/wp\/v2\/types\/product"}],"replies":[{"embeddable":true,"href":"https:\/\/hookahshop.lt\/pl\/wp-json\/wp\/v2\/comments?post=25719"}],"version-history":[{"count":3,"href":"https:\/\/hookahshop.lt\/pl\/wp-json\/wp\/v2\/product\/25719\/revisions"}],"predecessor-version":[{"id":39808,"href":"https:\/\/hookahshop.lt\/pl\/wp-json\/wp\/v2\/product\/25719\/revisions\/39808"}],"wp:featuredmedia":[{"embeddable":true,"href":"https:\/\/hookahshop.lt\/pl\/wp-json\/wp\/v2\/media\/25721"}],"wp:attachment":[{"href":"https:\/\/hookahshop.lt\/pl\/wp-json\/wp\/v2\/media?parent=25719"}],"curies":[{"name":"wp","href":"https:\/\/api.w.org\/{rel}","templated":true}]}}