{"id":25788,"date":"2021-07-19T12:46:06","date_gmt":"2021-07-19T09:46:06","guid":{"rendered":"https:\/\/hookahshop.lt\/?post_type=product&#038;p=25788"},"modified":"2026-04-16T10:21:13","modified_gmt":"2026-04-16T07:21:13","slug":"tarpine-kaljano-taurelei-arma-b11-black","status":"publish","type":"product","link":"https:\/\/hookahshop.lt\/pl\/produkt\/przekladka-do-kubka-szisza-arma-b11-czarna\/","title":{"rendered":"Uszczelka do kubka na fajk\u0119 wodn\u0105 ARMA B11 Czarna"},"content":{"rendered":"<h2>Uszczelka do kubka na fajk\u0119 wodn\u0105 ARMA B11 Czarna<\/h2>\n<p>To mocowanie pomaga mocno przymocowa\u0107 kubek do fajki wodnej.<\/p>\n<p>Czarny kolor<\/p>\n<p>Czy masz jakie\u015b pytania? Skontaktuj si\u0119 z nami\u00a0<a href=\"https:\/\/hookahshop.lt\/pl\/lacznosc\/\">strona z kontaktami<\/a>\u00a0lub napisz do nas na adres\u00a0<a href=\"https:\/\/facebook.com\/HookahShop.lt\/\" target=\"_blank\" rel=\"noopener noreferrer\">konto na Facebooku<\/a>\u00a0a my odpowiemy na Twoj\u0105 pro\u015bb\u0119 tego samego dnia.<\/p>","protected":false},"excerpt":{"rendered":"<p>Uszczelka do kubka na fajk\u0119 wodn\u0105 ARMA B11 Black To akcesorium pozwala na szczelne przymocowanie kubka do fajki wodnej. Kolor: Czarny Masz pytania? Skontaktuj si\u0119 z nami na stronie kontaktowej lub napisz do nas na naszym koncie na Facebooku, a my odpowiemy na Twoj\u0105 pro\u015bb\u0119 jeszcze tego samego dnia.<\/p>","protected":false},"featured_media":25789,"comment_status":"open","ping_status":"closed","template":"","meta":[],"_links":{"self":[{"href":"https:\/\/hookahshop.lt\/pl\/wp-json\/wp\/v2\/product\/25788"}],"collection":[{"href":"https:\/\/hookahshop.lt\/pl\/wp-json\/wp\/v2\/product"}],"about":[{"href":"https:\/\/hookahshop.lt\/pl\/wp-json\/wp\/v2\/types\/product"}],"replies":[{"embeddable":true,"href":"https:\/\/hookahshop.lt\/pl\/wp-json\/wp\/v2\/comments?post=25788"}],"version-history":[{"count":5,"href":"https:\/\/hookahshop.lt\/pl\/wp-json\/wp\/v2\/product\/25788\/revisions"}],"predecessor-version":[{"id":43771,"href":"https:\/\/hookahshop.lt\/pl\/wp-json\/wp\/v2\/product\/25788\/revisions\/43771"}],"wp:featuredmedia":[{"embeddable":true,"href":"https:\/\/hookahshop.lt\/pl\/wp-json\/wp\/v2\/media\/25789"}],"wp:attachment":[{"href":"https:\/\/hookahshop.lt\/pl\/wp-json\/wp\/v2\/media?parent=25788"}],"curies":[{"name":"wp","href":"https:\/\/api.w.org\/{rel}","templated":true}]}}