{"id":25792,"date":"2021-07-19T13:14:53","date_gmt":"2021-07-19T10:14:53","guid":{"rendered":"https:\/\/hookahshop.lt\/?post_type=product&#038;p=25792"},"modified":"2026-04-22T23:29:19","modified_gmt":"2026-04-22T20:29:19","slug":"kolba-kaljanui-vessel-craft-smoke","status":"publish","type":"product","link":"https:\/\/hookahshop.lt\/pl\/produkt\/kolba-do-fajki-wodnej-naczynie-rzemieslnicze-dym\/","title":{"rendered":"Kolba do fajki wodnej VESSEL CRAFT Smoke"},"content":{"rendered":"<h2>Kolba do fajki wodnej VESSEL CRAFT Smoke<\/h2>\n<p>Flakon ma efekt dymu, a dzi\u0119ki b\u0142yszcz\u0105cej powierzchni ma jeszcze bardziej elegancki i ekskluzywny wygl\u0105d kolorystyczny. Pasuje do prawie wszystkich nowoczesnych fajek wodnych. Kraw\u0119d\u017a termosu u\u0142atwi wygodne trzymanie fajki wodnej, dzi\u0119ki czemu nie wy\u015blizgnie si\u0119 ona z r\u0105k. Kolb\u0119 pokryto wysokiej jako\u015bci farb\u0105, kt\u00f3ra sprawi, \u017ce z biegiem czasu b\u0119dzie wygl\u0105da\u0107 jak nowa, nawet po wielu u\u017cyciach. Ta kolba ma grube \u015bcianki. Grube \u015bcianki zapewni\u0105 doskona\u0142\u0105 izolacj\u0119 akustyczn\u0105, co jest o tyle wa\u017cne, gdy palimy bez dyfuzora.<\/p>\n<p><strong><span title=\"\">Specyfikacje:<\/span><\/strong><br \/>\nWysoko\u015b\u0107: 258 mm<br \/>\nWaga: ~ 1415 g<br \/>\n\u015arednica otworu zewn\u0119trznego: 73 mm<br \/>\n\u015arednica otworu wewn\u0119trznego: 45 mm<br \/>\nMateria\u0142 produktu: szk\u0142o<\/p>\n<p>Czy masz jakie\u015b pytania? Skontaktuj si\u0119 z nami\u00a0<a href=\"https:\/\/hookahshop.lt\/pl\/lacznosc\/\">strona z kontaktami<\/a>\u00a0lub napisz do nas na adres\u00a0<a href=\"https:\/\/facebook.com\/HookahShop.lt\/\" target=\"_blank\" rel=\"noopener noreferrer\">konto na Facebooku<\/a>\u00a0a my odpowiemy na Twoj\u0105 pro\u015bb\u0119 tego samego dnia.<\/p>","protected":false},"excerpt":{"rendered":"<p>Piersi\u00f3wka do fajki wodnej VESSEL CRAFT Smoke Kolba z efektem dymu, a dzi\u0119ki b\u0142yszcz\u0105cej powierzchni ma jeszcze bardziej szykowny i ekskluzywny wygl\u0105d kolorystyczny. Pasuje do prawie wszystkich nowoczesnych fajek wodnych. Kraw\u0119d\u017a termosu u\u0142atwi wygodne trzymanie fajki wodnej, dzi\u0119ki czemu nie wy\u015blizgnie si\u0119 ona z r\u0105k. Ta kolba jest pokryta wysokiej jako\u015bci farb\u0105, kt\u00f3ra z biegiem czasu sprawi, \u017ce kolba b\u0119dzie wygl\u0105da\u0107 jak nowa [\u2026]<\/p>","protected":false},"featured_media":25793,"comment_status":"open","ping_status":"closed","template":"","meta":[],"_links":{"self":[{"href":"https:\/\/hookahshop.lt\/pl\/wp-json\/wp\/v2\/product\/25792"}],"collection":[{"href":"https:\/\/hookahshop.lt\/pl\/wp-json\/wp\/v2\/product"}],"about":[{"href":"https:\/\/hookahshop.lt\/pl\/wp-json\/wp\/v2\/types\/product"}],"replies":[{"embeddable":true,"href":"https:\/\/hookahshop.lt\/pl\/wp-json\/wp\/v2\/comments?post=25792"}],"version-history":[{"count":6,"href":"https:\/\/hookahshop.lt\/pl\/wp-json\/wp\/v2\/product\/25792\/revisions"}],"predecessor-version":[{"id":35724,"href":"https:\/\/hookahshop.lt\/pl\/wp-json\/wp\/v2\/product\/25792\/revisions\/35724"}],"wp:featuredmedia":[{"embeddable":true,"href":"https:\/\/hookahshop.lt\/pl\/wp-json\/wp\/v2\/media\/25793"}],"wp:attachment":[{"href":"https:\/\/hookahshop.lt\/pl\/wp-json\/wp\/v2\/media?parent=25792"}],"curies":[{"name":"wp","href":"https:\/\/api.w.org\/{rel}","templated":true}]}}