{"id":25796,"date":"2021-07-19T13:27:25","date_gmt":"2021-07-19T10:27:25","guid":{"rendered":"https:\/\/hookahshop.lt\/?post_type=product&#038;p=25796"},"modified":"2026-04-18T23:28:57","modified_gmt":"2026-04-18T20:28:57","slug":"kolba-kaljanui-geometry-gh-black-stripe","status":"publish","type":"product","link":"https:\/\/hookahshop.lt\/pl\/produkt\/kolba-szisza-geometria-gh-czarny-pasek\/","title":{"rendered":"Kolba na hak GEOMETRY GH Black Stripe"},"content":{"rendered":"<h2>Kolba na hak GEOMETRY GH Black Stripe<\/h2>\n<p>Kolba ma przezroczysty kolor i niepowtarzalny design. Sp\u00f3d piersi\u00f3wki ozdobiony czarnym paskiem wykonanym z prawdziwej sk\u00f3ry ciel\u0119cej. Posiada tabliczk\u0119 znamionow\u0105 ze stali nierdzewnej z logo firmy. Sk\u00f3rzany pasek mo\u017cna \u0142atwo zdj\u0105\u0107 podczas mycia termosu. Pasuje do prawie wszystkich nowoczesnych fajek wodnych.<\/p>\n<p><strong>Specyfikacje:<\/strong><br \/>\nWysoko\u015b\u0107: 255 mm<br \/>\nWaga: ~ 1745 g<br \/>\n\u015arednica otworu zewn\u0119trznego: 70 mm<br \/>\n\u015arednica otworu wewn\u0119trznego: 46 mm<br \/>\nMateria\u0142 produktu: szk\u0142o<\/p>\n<p>Czy masz jakie\u015b pytania? Skontaktuj si\u0119 z nami\u00a0<a href=\"https:\/\/hookahshop.lt\/pl\/lacznosc\/\">strona z kontaktami<\/a>\u00a0lub napisz do nas na adres\u00a0<a href=\"https:\/\/facebook.com\/HookahShop.lt\/\" target=\"_blank\" rel=\"noopener noreferrer\">konto na Facebooku<\/a>\u00a0a my odpowiemy na Twoj\u0105 pro\u015bb\u0119 tego samego dnia.<\/p>","protected":false},"excerpt":{"rendered":"<p>Kolba kaljanui GEOMETRY GH Black Stripe Kolba yra skaidrios spalvos, pagaminta unikalaus dizaino. Kolbos dugn\u0105 puo\u0161ia juodos spalvos juosta, pagaminta i\u0161 tikros ver\u0161elio odos.\u00a0Ant jo yra ner\u016bdijan\u010dio plieno vardin\u0117 plok\u0161t\u0117 su \u012fmon\u0117s logotipu. Odinis dir\u017eas yra lengvai nuimamas plaunant kolb\u0105. Tinka beveik visiems \u0161iuolaikiniams kaljanams. Specifikacijos: Auk\u0161tis: 255 mm Svoris: ~ 1745 g I\u0161orin\u0117s skyl\u0117s [&hellip;]<\/p>","protected":false},"featured_media":25797,"comment_status":"open","ping_status":"closed","template":"","meta":[],"_links":{"self":[{"href":"https:\/\/hookahshop.lt\/pl\/wp-json\/wp\/v2\/product\/25796"}],"collection":[{"href":"https:\/\/hookahshop.lt\/pl\/wp-json\/wp\/v2\/product"}],"about":[{"href":"https:\/\/hookahshop.lt\/pl\/wp-json\/wp\/v2\/types\/product"}],"replies":[{"embeddable":true,"href":"https:\/\/hookahshop.lt\/pl\/wp-json\/wp\/v2\/comments?post=25796"}],"version-history":[{"count":8,"href":"https:\/\/hookahshop.lt\/pl\/wp-json\/wp\/v2\/product\/25796\/revisions"}],"predecessor-version":[{"id":45129,"href":"https:\/\/hookahshop.lt\/pl\/wp-json\/wp\/v2\/product\/25796\/revisions\/45129"}],"wp:featuredmedia":[{"embeddable":true,"href":"https:\/\/hookahshop.lt\/pl\/wp-json\/wp\/v2\/media\/25797"}],"wp:attachment":[{"href":"https:\/\/hookahshop.lt\/pl\/wp-json\/wp\/v2\/media?parent=25796"}],"curies":[{"name":"wp","href":"https:\/\/api.w.org\/{rel}","templated":true}]}}