{"id":25812,"date":"2021-07-19T13:49:49","date_gmt":"2021-07-19T10:49:49","guid":{"rendered":"https:\/\/hookahshop.lt\/?post_type=product&#038;p=25812"},"modified":"2026-04-17T23:29:28","modified_gmt":"2026-04-17T20:29:28","slug":"kolba-kaljanui-bigmaks-base-white-yellow","status":"publish","type":"product","link":"https:\/\/hookahshop.lt\/pl\/produkt\/kolba-szisza-bigmaks-podstawa-bialo-zolta\/","title":{"rendered":"Kolba do fajki wodnej BIGMAKS BASE Bia\u0142a \u017b\u00f3\u0142ta"},"content":{"rendered":"<h2>Kolba do fajki wodnej BIGMAKS BASE Bia\u0142a \u017b\u00f3\u0142ta<\/h2>\n<p>Jest to manierka, kt\u00f3ra zmie\u015bci si\u0119 prawie do ka\u017cdej fajki wodnej, ze standardowym pod\u0142\u0105czeniem jest to manierka lekka i wytrzyma\u0142a. Rosyjski producent BigMaks ju\u017c od wielu lat zachwyca opracowanymi kolbami i jest jednym z wiod\u0105cych producent\u00f3w na rynku.<\/p>\n<p>To produkt, kt\u00f3ry przetrwa wiele lat. Dzi\u0119ki wysokiej jako\u015bci pow\u0142oce lakierniczej ta butelka na pewno zachowa sw\u00f3j reprezentatywny wizerunek przez d\u0142ugi czas i b\u0119dzie wygl\u0105da\u0107 jak z przeno\u015bnika producenta. Ta kolba ma grube \u015bcianki. Grube \u015bciany zapewni\u0105 s\u0142ab\u0105 izolacj\u0119 akustyczn\u0105, co jest wystarczaj\u0105co wa\u017cne przy paleniu bez dyfuzora. Dzi\u0119ki d\u0142ugowieczno\u015bci BigMaks nie musisz si\u0119 martwi\u0107 o st\u0142uczenie tej butelki lub uszkodzenie jej w jakikolwiek inny spos\u00f3b. Dzi\u0119ki unikalnemu kszta\u0142towi (w\u0119\u017csze dno) b\u0119dziesz m\u00f3g\u0142 zabra\u0107 t\u0119 butelk\u0119 ze sob\u0105 wsz\u0119dzie.<\/p>\n<div class=\"tlid-results-container results-container\">\n<div class=\"tlid-result result-dict-wrapper\">\n<div class=\"result tlid-copy-target\">\n<div class=\"text-wrap tlid-copy-target\">\n<div class=\"result-shield-container tlid-copy-target\"><span class=\"tlid-translation translation\" lang=\"lt\"><strong><span title=\"\">Specyfikacje:<\/span><\/strong><br \/>\n<span title=\"\">Wysoko\u015b\u0107: 262 mm<\/span><br \/>\n<span title=\"\">Waga: ~ 1363 g<\/span><br \/>\n<span class=\"\" title=\"\">\u015arednica otworu zewn\u0119trznego: 71 mm<\/span><br \/>\n<span class=\"\" title=\"\">\u015arednica otworu wewn\u0119trznego: 47 mm<\/span><br \/>\n<span class=\"\" title=\"\">Materia\u0142 produktu: szk\u0142o kryszta\u0142owe<\/span><\/span><\/div>\n<div><\/div>\n<div>Czy masz jakie\u015b pytania? Skontaktuj si\u0119 z nami\u00a0<a href=\"https:\/\/hookahshop.lt\/pl\/lacznosc\/\">strona z kontaktami<\/a>\u00a0lub napisz do nas na adres\u00a0<a href=\"https:\/\/facebook.com\/HookahShop.lt\/\" target=\"_blank\" rel=\"noopener noreferrer\">konto na Facebooku<\/a>\u00a0a my odpowiemy na Twoj\u0105 pro\u015bb\u0119 tego samego dnia.<\/div>\n<\/div>\n<\/div>\n<\/div>\n<\/div>","protected":false},"excerpt":{"rendered":"<p>Kolba do fajki wodnej BIGMAKS BASE Bia\u0142a \u017b\u00f3\u0142ta To kolba pasuj\u0105ca do niemal wszystkich fajek wodnych, ze standardowym przy\u0142\u0105czem, jest lekka i wytrzyma\u0142a. Rosyjski producent BigMaks od wielu lat zachwyca swoimi kolbami i jest jednym z wiod\u0105cych producent\u00f3w na rynku. To produkt, kt\u00f3ry pos\u0142u\u017cy wiele lat. Dzi\u0119ki wysokiej jako\u015bci pow\u0142oce malarskiej kolba ta jest naprawd\u0119 d\u0142uga [...]<\/p>","protected":false},"featured_media":25814,"comment_status":"open","ping_status":"closed","template":"","meta":[],"_links":{"self":[{"href":"https:\/\/hookahshop.lt\/pl\/wp-json\/wp\/v2\/product\/25812"}],"collection":[{"href":"https:\/\/hookahshop.lt\/pl\/wp-json\/wp\/v2\/product"}],"about":[{"href":"https:\/\/hookahshop.lt\/pl\/wp-json\/wp\/v2\/types\/product"}],"replies":[{"embeddable":true,"href":"https:\/\/hookahshop.lt\/pl\/wp-json\/wp\/v2\/comments?post=25812"}],"version-history":[{"count":2,"href":"https:\/\/hookahshop.lt\/pl\/wp-json\/wp\/v2\/product\/25812\/revisions"}],"predecessor-version":[{"id":29529,"href":"https:\/\/hookahshop.lt\/pl\/wp-json\/wp\/v2\/product\/25812\/revisions\/29529"}],"wp:featuredmedia":[{"embeddable":true,"href":"https:\/\/hookahshop.lt\/pl\/wp-json\/wp\/v2\/media\/25814"}],"wp:attachment":[{"href":"https:\/\/hookahshop.lt\/pl\/wp-json\/wp\/v2\/media?parent=25812"}],"curies":[{"name":"wp","href":"https:\/\/api.w.org\/{rel}","templated":true}]}}