{"id":25834,"date":"2021-07-20T01:50:20","date_gmt":"2021-07-19T22:50:20","guid":{"rendered":"https:\/\/hookahshop.lt\/?post_type=product&#038;p=25834"},"modified":"2026-04-14T23:29:04","modified_gmt":"2026-04-14T20:29:04","slug":"kolba-kaljanui-bigmaks-base-mirrored","status":"publish","type":"product","link":"https:\/\/hookahshop.lt\/pl\/produkt\/kolba-szisza-bigmaks-podstawa-lustrzana\/","title":{"rendered":"Kolba do fajki wodnej BIGMAKS Base Mirrored Turkusowa \u017b\u00f3\u0142ta"},"content":{"rendered":"<h2>Kolba do fajki wodnej BIGMAKS Base Mirrored Turkusowa \u017b\u00f3\u0142ta<\/h2>\n<p>Jest to manierka, kt\u00f3ra zmie\u015bci si\u0119 prawie do ka\u017cdej fajki wodnej, ze standardowym pod\u0142\u0105czeniem jest to manierka lekka i wytrzyma\u0142a. Rosyjski producent BigMaks ju\u017c od wielu lat zachwyca opracowanymi kolbami i jest jednym z wiod\u0105cych producent\u00f3w na rynku.<\/p>\n<p>To produkt, kt\u00f3ry pos\u0142u\u017cy wiele lat. Dzi\u0119ki wysokiej jako\u015bci pow\u0142oce malarskiej kolba z pewno\u015bci\u0105 zachowa sw\u00f3j reprezentacyjny wygl\u0105d przez d\u0142ugi czas i b\u0119dzie wygl\u0105da\u0107, jakby w\u0142a\u015bnie zjecha\u0142a z linii monta\u017cowej producenta. Ta kolba ma grube \u015bcianki. Grube \u015bcianki zapewni\u0105 doskona\u0142\u0105 izolacj\u0119 akustyczn\u0105, co jest o tyle wa\u017cne, gdy palimy bez dyfuzora. Ze wzgl\u0119du na trwa\u0142o\u015b\u0107 tej kolby, nie musisz si\u0119 martwi\u0107 o st\u0142uczenie lub inne uszkodzenie tej kolby. Dzi\u0119ki swojemu unikalnemu kszta\u0142towi (w\u0119\u017csze dno) mo\u017cesz zabra\u0107 t\u0119 termos ze sob\u0105 w ka\u017cd\u0105 podr\u00f3\u017c.<\/p>\n<p>Czy masz jakie\u015b pytania? Skontaktuj si\u0119 z nami\u00a0<a href=\"https:\/\/hookahshop.lt\/pl\/lacznosc\/\">strona z kontaktami<\/a>\u00a0lub napisz do nas na adres\u00a0<a href=\"https:\/\/facebook.com\/HookahShop.lt\/\" target=\"_blank\" rel=\"noopener noreferrer\">konto na Facebooku<\/a>\u00a0a my odpowiemy na Twoj\u0105 pro\u015bb\u0119 tego samego dnia.<\/p>","protected":false},"excerpt":{"rendered":"<p>Piersi\u00f3wka do fajki wodnej BIGMAKS Base Mirrored Turkusowa \u017b\u00f3\u0142ta Jest to kolba pasuj\u0105ca do niemal wszystkich fajek wodnych, ze standardowym przy\u0142\u0105czem, jest lekka i wytrzyma\u0142a. Rosyjski producent BigMaks od wielu lat zachwyca swoimi kolbami i jest jednym z wiod\u0105cych producent\u00f3w na rynku. To produkt, kt\u00f3ry pos\u0142u\u017cy wiele lat. Dzi\u0119ki wysokiej jako\u015bci pow\u0142oce malarskiej ta kolba naprawd\u0119 [\u2026]<\/p>","protected":false},"featured_media":25835,"comment_status":"open","ping_status":"closed","template":"","meta":[],"_links":{"self":[{"href":"https:\/\/hookahshop.lt\/pl\/wp-json\/wp\/v2\/product\/25834"}],"collection":[{"href":"https:\/\/hookahshop.lt\/pl\/wp-json\/wp\/v2\/product"}],"about":[{"href":"https:\/\/hookahshop.lt\/pl\/wp-json\/wp\/v2\/types\/product"}],"replies":[{"embeddable":true,"href":"https:\/\/hookahshop.lt\/pl\/wp-json\/wp\/v2\/comments?post=25834"}],"version-history":[{"count":2,"href":"https:\/\/hookahshop.lt\/pl\/wp-json\/wp\/v2\/product\/25834\/revisions"}],"predecessor-version":[{"id":25837,"href":"https:\/\/hookahshop.lt\/pl\/wp-json\/wp\/v2\/product\/25834\/revisions\/25837"}],"wp:featuredmedia":[{"embeddable":true,"href":"https:\/\/hookahshop.lt\/pl\/wp-json\/wp\/v2\/media\/25835"}],"wp:attachment":[{"href":"https:\/\/hookahshop.lt\/pl\/wp-json\/wp\/v2\/media?parent=25834"}],"curies":[{"name":"wp","href":"https:\/\/api.w.org\/{rel}","templated":true}]}}