{"id":25844,"date":"2021-07-20T02:00:18","date_gmt":"2021-07-19T23:00:18","guid":{"rendered":"https:\/\/hookahshop.lt\/?post_type=product&#038;p=25844"},"modified":"2026-04-15T23:29:02","modified_gmt":"2026-04-15T20:29:02","slug":"kolba-kaljanui-bigmaks-grace-black","status":"publish","type":"product","link":"https:\/\/hookahshop.lt\/pl\/produkt\/kolba-do-sziszy-bigmaks-grace-czarna\/","title":{"rendered":"Kolba do fajki wodnej BIGMAKS Grace Black"},"content":{"rendered":"<h2>Kolba do fajki wodnej BIGMAKS Grace Black<\/h2>\n<p>Flakon zosta\u0142 nazwany \u201eGrace\u201d ze wzgl\u0119du na sw\u00f3j pe\u0142en wdzi\u0119ku kszta\u0142t. Kolba wykonana jest z kolorowego szk\u0142a kryszta\u0142owego, kt\u00f3re charakteryzuje si\u0119 trwa\u0142o\u015bci\u0105. Czarna kolba jest wysokiej jako\u015bci. Nie jest malowany, wi\u0119c pos\u0142u\u017cy wiele lat.<\/p>\n<p><strong><span title=\"\">Specyfikacje:<\/span><\/strong><br \/>\nWysoko\u015b\u0107: 258 mm<br \/>\nWaga: oko\u0142o 1185 g<br \/>\nZewn\u0119trzna \u015brednica gardzieli: 73 mm<br \/>\nWewn\u0119trzna \u015brednica gardzieli: 47 mm<br \/>\nMateria\u0142 produktu: szk\u0142o kryszta\u0142owe<\/p>\n<p>Czy masz jakie\u015b pytania? Skontaktuj si\u0119 z nami\u00a0<a href=\"https:\/\/hookahshop.lt\/pl\/lacznosc\/\">strona z kontaktami<\/a>\u00a0lub napisz do nas na adres\u00a0<a href=\"https:\/\/facebook.com\/HookahShop.lt\/\" target=\"_blank\" rel=\"noopener noreferrer\">konto na Facebooku<\/a>\u00a0a my odpowiemy na Twoj\u0105 pro\u015bb\u0119 tego samego dnia.<\/p>","protected":false},"excerpt":{"rendered":"<p>Piersi\u00f3wka do fajki wodnej BIGMAKS Grace Black Piersi\u00f3wka nosi nazw\u0119 \u201eGrace\u201d ze wzgl\u0119du na sw\u00f3j pe\u0142en wdzi\u0119ku kszta\u0142t. Kolba wykonana jest z kolorowego szk\u0142a kryszta\u0142owego, kt\u00f3re charakteryzuje si\u0119 trwa\u0142o\u015bci\u0105. Czarna kolba jest wysokiej jako\u015bci. Nie jest malowany, wi\u0119c pos\u0142u\u017cy wiele lat. Dane techniczne: Wysoko\u015b\u0107: 258 mm Waga: oko\u0142o 1185 g Zewn\u0119trzna \u015brednica gardzieli: 73 mm Wewn\u0119trzna \u015brednica gardzieli: 47 mm Materia\u0142 produktu: [\u2026]<\/p>","protected":false},"featured_media":25845,"comment_status":"open","ping_status":"closed","template":"","meta":[],"_links":{"self":[{"href":"https:\/\/hookahshop.lt\/pl\/wp-json\/wp\/v2\/product\/25844"}],"collection":[{"href":"https:\/\/hookahshop.lt\/pl\/wp-json\/wp\/v2\/product"}],"about":[{"href":"https:\/\/hookahshop.lt\/pl\/wp-json\/wp\/v2\/types\/product"}],"replies":[{"embeddable":true,"href":"https:\/\/hookahshop.lt\/pl\/wp-json\/wp\/v2\/comments?post=25844"}],"version-history":[{"count":8,"href":"https:\/\/hookahshop.lt\/pl\/wp-json\/wp\/v2\/product\/25844\/revisions"}],"predecessor-version":[{"id":45055,"href":"https:\/\/hookahshop.lt\/pl\/wp-json\/wp\/v2\/product\/25844\/revisions\/45055"}],"wp:featuredmedia":[{"embeddable":true,"href":"https:\/\/hookahshop.lt\/pl\/wp-json\/wp\/v2\/media\/25845"}],"wp:attachment":[{"href":"https:\/\/hookahshop.lt\/pl\/wp-json\/wp\/v2\/media?parent=25844"}],"curies":[{"name":"wp","href":"https:\/\/api.w.org\/{rel}","templated":true}]}}