{"id":25856,"date":"2021-07-20T02:06:45","date_gmt":"2021-07-19T23:06:45","guid":{"rendered":"https:\/\/hookahshop.lt\/?post_type=product&#038;p=25856"},"modified":"2026-04-15T23:29:02","modified_gmt":"2026-04-15T20:29:02","slug":"kolba-kaljanui-bigmaks-grace-transparent","status":"publish","type":"product","link":"https:\/\/hookahshop.lt\/pl\/produkt\/kolba-do-sziszy-bigmaks-grace-przezroczysta\/","title":{"rendered":"Haczyk na butelk\u0119 BIGMAKS Grace Transparent"},"content":{"rendered":"<h2>Haczyk na butelk\u0119 BIGMAKS Grace Transparent<\/h2>\n<p>Flakon otrzyma\u0142 nazw\u0119 \u201eGrace\u201d ze wzgl\u0119du na sw\u00f3j pe\u0142en wdzi\u0119ku kszta\u0142t. Kolba wykonana jest z kolorowego szk\u0142a kryszta\u0142owego, kt\u00f3re charakteryzuje si\u0119 trwa\u0142o\u015bci\u0105. Przezroczysta, kolorowa kolba jest wysokiej jako\u015bci. Nie jest malowany, wi\u0119c pos\u0142u\u017cy wiele lat.<\/p>\n<p><strong><span title=\"\">Specyfikacje:<\/span><\/strong><br \/>\nWysoko\u015b\u0107: 258 mm<br \/>\nWaga: oko\u0142o 1185 g<br \/>\nZewn\u0119trzna \u015brednica gardzieli: 73 mm<br \/>\nWewn\u0119trzna \u015brednica gardzieli: 47 mm<br \/>\nMateria\u0142 produktu: szk\u0142o kryszta\u0142owe<\/p>\n<p>Czy masz jakie\u015b pytania? Skontaktuj si\u0119 z nami\u00a0<a href=\"https:\/\/hookahshop.lt\/pl\/lacznosc\/\">strona z kontaktami<\/a>\u00a0lub napisz do nas na adres\u00a0<a href=\"https:\/\/facebook.com\/HookahShop.lt\/\" target=\"_blank\" rel=\"noopener noreferrer\">konto na Facebooku<\/a>\u00a0a my odpowiemy na Twoj\u0105 pro\u015bb\u0119 tego samego dnia.<\/p>","protected":false},"excerpt":{"rendered":"<p>Piersi\u00f3wka na fajk\u0119 wodn\u0105 BIGMAKS Grace Transparent Piersi\u00f3wk\u0119 nazwano \u201eGrace\u201d ze wzgl\u0119du na jej wdzi\u0119czn\u0105 form\u0119. Piersi\u00f3wka wykonana jest z kolorowego szk\u0142a kryszta\u0142owego, kt\u00f3re charakteryzuje si\u0119 trwa\u0142o\u015bci\u0105. Przezroczysta piersi\u00f3wka jest wysokiej jako\u015bci. Nie jest malowana, wi\u0119c pos\u0142u\u017cy przez wiele lat. Specyfikacja: Wysoko\u015b\u0107: 258 mm Waga: oko\u0142o 1185 g Zewn\u0119trzna \u015brednica gardzieli: 73 mm Wewn\u0119trzna \u015brednica gardzieli: 47 mm Materia\u0142 produktu: [\u2026]<\/p>","protected":false},"featured_media":25857,"comment_status":"open","ping_status":"closed","template":"","meta":[],"_links":{"self":[{"href":"https:\/\/hookahshop.lt\/pl\/wp-json\/wp\/v2\/product\/25856"}],"collection":[{"href":"https:\/\/hookahshop.lt\/pl\/wp-json\/wp\/v2\/product"}],"about":[{"href":"https:\/\/hookahshop.lt\/pl\/wp-json\/wp\/v2\/types\/product"}],"replies":[{"embeddable":true,"href":"https:\/\/hookahshop.lt\/pl\/wp-json\/wp\/v2\/comments?post=25856"}],"version-history":[{"count":4,"href":"https:\/\/hookahshop.lt\/pl\/wp-json\/wp\/v2\/product\/25856\/revisions"}],"predecessor-version":[{"id":45061,"href":"https:\/\/hookahshop.lt\/pl\/wp-json\/wp\/v2\/product\/25856\/revisions\/45061"}],"wp:featuredmedia":[{"embeddable":true,"href":"https:\/\/hookahshop.lt\/pl\/wp-json\/wp\/v2\/media\/25857"}],"wp:attachment":[{"href":"https:\/\/hookahshop.lt\/pl\/wp-json\/wp\/v2\/media?parent=25856"}],"curies":[{"name":"wp","href":"https:\/\/api.w.org\/{rel}","templated":true}]}}