{"id":25861,"date":"2021-07-20T02:09:35","date_gmt":"2021-07-19T23:09:35","guid":{"rendered":"https:\/\/hookahshop.lt\/?post_type=product&#038;p=25861"},"modified":"2026-04-18T23:28:55","modified_gmt":"2026-04-18T20:28:55","slug":"kolba-kaljanui-bigmaks-grace-turquoise","status":"publish","type":"product","link":"https:\/\/hookahshop.lt\/pl\/produkt\/kolba-do-fajki-bigmaks-grace-turquoise\/","title":{"rendered":"Kolba do fajki wodnej BIGMAKS Grace Turkus"},"content":{"rendered":"<h2>Kolba do fajki wodnej BIGMAKS Grace Turkus<\/h2>\n<p>Butelka otrzyma\u0142a nazw\u0119 \u201eGrace\u201d ze wzgl\u0119du na sw\u00f3j wdzi\u0119czny kszta\u0142t. Kolba wykonana jest z barwionego szk\u0142a kryszta\u0142owego, kt\u00f3re charakteryzuje si\u0119 trwa\u0142o\u015bci\u0105. Przezroczysta, turkusowa kolba jest wysokiej jako\u015bci. Nie jest malowany, wi\u0119c przetrwa wiele lat.<\/p>\n<p><strong><span title=\"\">Specyfikacje:<\/span><\/strong><br \/>\nWysoko\u015b\u0107: 255 mm<br \/>\nWaga: oko\u0142o 1285 g<br \/>\nZewn\u0119trzna \u015brednica gardzieli: 74 mm<br \/>\nWewn\u0119trzna \u015brednica gardzieli: 46 mm<br \/>\nMateria\u0142 produktu: szk\u0142o kryszta\u0142owe<\/p>\n<p>Czy masz jakie\u015b pytania? Skontaktuj si\u0119 z nami\u00a0<a href=\"https:\/\/hookahshop.lt\/pl\/lacznosc\/\">strona z kontaktami<\/a>\u00a0lub napisz do nas na adres\u00a0<a href=\"https:\/\/facebook.com\/HookahShop.lt\/\" target=\"_blank\" rel=\"noopener noreferrer\">konto na Facebooku<\/a>\u00a0a my odpowiemy na Twoj\u0105 pro\u015bb\u0119 tego samego dnia.<\/p>\n<p>&nbsp;<\/p>","protected":false},"excerpt":{"rendered":"<p>Piersi\u00f3wka na fajk\u0119 wodn\u0105 BIGMAKS Grace Turquoise Piersi\u00f3wk\u0119 nazwano \u201eGrace\u201d ze wzgl\u0119du na jej wdzi\u0119czny kszta\u0142t. Piersi\u00f3wka wykonana jest z kolorowego szk\u0142a kryszta\u0142owego, kt\u00f3re charakteryzuje si\u0119 trwa\u0142o\u015bci\u0105. Przezroczysta, turkusowa piersi\u00f3wka jest wysokiej jako\u015bci. Nie jest malowana, wi\u0119c pos\u0142u\u017cy przez wiele lat. Specyfikacja: Wysoko\u015b\u0107: 255 mm Waga: oko\u0142o 1285 g Zewn\u0119trzna \u015brednica gardzieli: 74 mm Wewn\u0119trzna \u015brednica gardzieli: 46 mm Produkt [\u2026]<\/p>","protected":false},"featured_media":25862,"comment_status":"open","ping_status":"closed","template":"","meta":[],"_links":{"self":[{"href":"https:\/\/hookahshop.lt\/pl\/wp-json\/wp\/v2\/product\/25861"}],"collection":[{"href":"https:\/\/hookahshop.lt\/pl\/wp-json\/wp\/v2\/product"}],"about":[{"href":"https:\/\/hookahshop.lt\/pl\/wp-json\/wp\/v2\/types\/product"}],"replies":[{"embeddable":true,"href":"https:\/\/hookahshop.lt\/pl\/wp-json\/wp\/v2\/comments?post=25861"}],"version-history":[{"count":4,"href":"https:\/\/hookahshop.lt\/pl\/wp-json\/wp\/v2\/product\/25861\/revisions"}],"predecessor-version":[{"id":45063,"href":"https:\/\/hookahshop.lt\/pl\/wp-json\/wp\/v2\/product\/25861\/revisions\/45063"}],"wp:featuredmedia":[{"embeddable":true,"href":"https:\/\/hookahshop.lt\/pl\/wp-json\/wp\/v2\/media\/25862"}],"wp:attachment":[{"href":"https:\/\/hookahshop.lt\/pl\/wp-json\/wp\/v2\/media?parent=25861"}],"curies":[{"name":"wp","href":"https:\/\/api.w.org\/{rel}","templated":true}]}}