{"id":25869,"date":"2021-07-20T02:51:32","date_gmt":"2021-07-19T23:51:32","guid":{"rendered":"https:\/\/hookahshop.lt\/?post_type=product&#038;p=25869"},"modified":"2026-05-13T13:51:49","modified_gmt":"2026-05-13T10:51:49","slug":"kolba-kaljanui-bigmaks-glob","status":"publish","type":"product","link":"https:\/\/hookahshop.lt\/pl\/produkt\/kolba-szisza-bigmax-glob\/","title":{"rendered":"Kolba do fajki wodnej BIGMAKS Glob Turkus"},"content":{"rendered":"<h2>Kolba do fajki wodnej BIGMAKS Glob Turkus<\/h2>\n<p>Kolba wygl\u0105da jak kula, st\u0105d nazwa \u201eGlob\u201d. Wykonany z wysokiej jako\u015bci grubego turkusowego szk\u0142a i spe\u0142nia najwy\u017csze standardy jako\u015bci.<\/p>\n<p><span style=\"font-weight: 400;\"><strong><span title=\"\">Specyfikacje:<\/span><\/strong><\/span><br \/>\n<span style=\"font-weight: 400;\">Wysoko\u015b\u0107: ~ 270 mm<\/span><br \/>\n<span style=\"font-weight: 400;\">Waga: ~1361 g<\/span><br \/>\n<span style=\"font-weight: 400;\">Wewn\u0119trzna \u015brednica szyjki: ok. 68 mm<\/span><br \/>\n<span style=\"font-weight: 400;\">\u015arednica zewn\u0119trzna szyjki: ok. 46 mm<\/span><br \/>\n<span style=\"font-weight: 400;\">Materia\u0142: szk\u0142o<\/span><\/p>\n<p>Czy masz jakie\u015b pytania? Skontaktuj si\u0119 z nami\u00a0<a href=\"https:\/\/hookahshop.lt\/pl\/lacznosc\/\">strona z kontaktami<\/a>\u00a0lub napisz do nas na adres\u00a0<a href=\"https:\/\/facebook.com\/HookahShop.lt\/\" target=\"_blank\" rel=\"noopener noreferrer\">konto na Facebooku<\/a>\u00a0a my odpowiemy na Twoj\u0105 pro\u015bb\u0119 tego samego dnia.<\/p>","protected":false},"excerpt":{"rendered":"<p>Piersi\u00f3wka na fajk\u0119 wodn\u0105 BIGMAKS Glob Turquoise Piersi\u00f3wka ma kszta\u0142t kuli, st\u0105d nazwa \u201eGlob\u201d. Wykonana z wysokiej jako\u015bci grubego szk\u0142a turkusowego i spe\u0142nia najwy\u017csze standardy jako\u015bci. Specyfikacja: Wysoko\u015b\u0107: ~ 270 mm Waga: ~ 1361 g \u015arednica wewn\u0119trzna szyjki: oko\u0142o 68 mm \u015arednica zewn\u0119trzna szyjki: oko\u0142o 46 mm Materia\u0142: szk\u0142o Masz pytania? Skontaktuj si\u0119 z nami na stronie kontaktowej lub napisz do nas [\u2026]<\/p>","protected":false},"featured_media":25870,"comment_status":"open","ping_status":"closed","template":"","meta":[],"_links":{"self":[{"href":"https:\/\/hookahshop.lt\/pl\/wp-json\/wp\/v2\/product\/25869"}],"collection":[{"href":"https:\/\/hookahshop.lt\/pl\/wp-json\/wp\/v2\/product"}],"about":[{"href":"https:\/\/hookahshop.lt\/pl\/wp-json\/wp\/v2\/types\/product"}],"replies":[{"embeddable":true,"href":"https:\/\/hookahshop.lt\/pl\/wp-json\/wp\/v2\/comments?post=25869"}],"version-history":[{"count":6,"href":"https:\/\/hookahshop.lt\/pl\/wp-json\/wp\/v2\/product\/25869\/revisions"}],"predecessor-version":[{"id":45051,"href":"https:\/\/hookahshop.lt\/pl\/wp-json\/wp\/v2\/product\/25869\/revisions\/45051"}],"wp:featuredmedia":[{"embeddable":true,"href":"https:\/\/hookahshop.lt\/pl\/wp-json\/wp\/v2\/media\/25870"}],"wp:attachment":[{"href":"https:\/\/hookahshop.lt\/pl\/wp-json\/wp\/v2\/media?parent=25869"}],"curies":[{"name":"wp","href":"https:\/\/api.w.org\/{rel}","templated":true}]}}